{"id":534,"date":"2023-03-24T23:05:26","date_gmt":"2023-03-24T22:05:26","guid":{"rendered":"https:\/\/topcoinmaster.com\/?page_id=534"},"modified":"2023-03-25T11:07:52","modified_gmt":"2023-03-25T10:07:52","slug":"guide-avance","status":"publish","type":"page","link":"https:\/\/topcoinmaster.com\/de\/guide-avance\/","title":{"rendered":"Erweiterter Leitfaden: Strategien zum Bau von D\u00f6rfern, Gewinnen von Schlachten usw."},"content":{"rendered":"<div data-elementor-type=\"wp-page\" data-elementor-id=\"534\" class=\"elementor elementor-534\" data-elementor-post-type=\"page\">\n\t\t\t\t\t\t<section class=\"elementor-section elementor-top-section elementor-element elementor-element-2e75d80 elementor-section-boxed elementor-section-height-default elementor-section-height-default\" data-id=\"2e75d80\" data-element_type=\"section\" data-e-type=\"section\">\n\t\t\t\t\t\t\t<div class=\"elementor-background-overlay\"><\/div>\n\t\t\t\t\t\t\t<div class=\"elementor-container elementor-column-gap-default\">\n\t\t\t\t\t<div class=\"elementor-column elementor-col-100 elementor-top-column elementor-element elementor-element-72da2fc\" data-id=\"72da2fc\" data-element_type=\"column\" data-e-type=\"column\">\n\t\t\t<div class=\"elementor-widget-wrap elementor-element-populated\">\n\t\t\t\t\t\t<div class=\"elementor-element elementor-element-e948e96 elementor-widget elementor-widget-spacer\" data-id=\"e948e96\" data-element_type=\"widget\" data-e-type=\"widget\" data-widget_type=\"spacer.default\">\n\t\t\t\t<div class=\"elementor-widget-container\">\n\t\t\t\t\t\t\t<div class=\"elementor-spacer\">\n\t\t\t<div class=\"elementor-spacer-inner\"><\/div>\n\t\t<\/div>\n\t\t\t\t\t\t<\/div>\n\t\t\t\t<\/div>\n\t\t\t\t<div class=\"elementor-element elementor-element-762a5ba elementor-widget elementor-widget-spacer\" data-id=\"762a5ba\" data-element_type=\"widget\" data-e-type=\"widget\" data-widget_type=\"spacer.default\">\n\t\t\t\t<div class=\"elementor-widget-container\">\n\t\t\t\t\t\t\t<div class=\"elementor-spacer\">\n\t\t\t<div class=\"elementor-spacer-inner\"><\/div>\n\t\t<\/div>\n\t\t\t\t\t\t<\/div>\n\t\t\t\t<\/div>\n\t\t\t\t<div class=\"elementor-element elementor-element-f40df59 elementor-widget elementor-widget-text-editor\" data-id=\"f40df59\" data-element_type=\"widget\" data-e-type=\"widget\" data-widget_type=\"text-editor.default\">\n\t\t\t\t<div class=\"elementor-widget-container\">\n\t\t\t\t\t\t\t\t\t<p>Coin Master ist ein einfaches, unterhaltsames und leicht zu spielendes Spiel, das sich durch sein au\u00dfergew\u00f6hnliches Gameplay und seine vielen St\u00e4rken auszeichnet. Wenn Sie es schon eine Weile spielen, wissen Sie wahrscheinlich, wie spannend es ist, von einem Level zum n\u00e4chsten zu gelangen. Egal, wie viel Erfahrung Sie haben, Sie werden auf Schwierigkeiten sto\u00dfen, wenn Sie sich weiterentwickeln. Hier sind einige Tipps von Top Coin Master, die Ihnen helfen werden, sich in diesem Spiel leichter weiterzuentwickeln.<\/p><h2>Tipps f\u00fcr mehr M\u00fcnzen in Coin Master<\/h2><p>Um in diesem Spiel mehr M\u00fcnzen zu bekommen, m\u00fcssen Sie nicht nur Strategien anwenden, sondern auch Geduld haben. Hier sind einige Tricks, die Sie unbedingt ausprobieren sollten.<\/p><h3>Holen Sie sich immer den Bonus des Tages<\/h3><p>Um in der Welt von Coin Master schnell voranzukommen, brauchen Sie\u00a0<strong>mehr M\u00fcnzen<\/strong>. Die 50 Spins, die Ihnen t\u00e4glich angeboten werden, reichen nicht aus, um Ihre Entwicklung zu beschleunigen. Ihr Ziel wird es daher sein, alle anderen M\u00f6glichkeiten zu erkunden, um Coins zu erhalten.<\/p><p>Das Spiel bietet Ihnen jeden Tag einen Bonus, nachdem Sie sich eingeloggt haben. Dieser Bonus kann eine gro\u00dfe Menge an M\u00fcnzen darstellen, wenn Sie ihn \u00fcber mehrere Tage hinweg sammeln. Z\u00f6gern Sie also nicht, sich regelm\u00e4\u00dfig einzuloggen, um diesen Bonus zu erhalten.\u00a0<strong>kleiner Bonus<\/strong>. Das dauert nur wenige Sekunden, und Sie k\u00f6nnen die Gelegenheit nutzen, um Ihre t\u00e4glichen 50 Spins zu starten.<\/p><p>Wenn es Ihre Zeit erlaubt, loggen Sie sich jede Stunde ein, um die von der App angebotenen 5 zus\u00e4tzlichen Spins einzusammeln. So erh\u00f6hen Sie Ihre Chancen, gro\u00dfe Pl\u00fcnderungen zu machen und eine\u00a0<strong>gro\u00dfe Menge an Keilen<\/strong>.<\/p><h3>Laden Sie Ihre Facebook-Freunde ein<\/h3><p>Bei der Erstellung Ihres Coin Master-Kontos wurden Sie aufgefordert, Ihr Facebook-Konto zu verkn\u00fcpfen. Falls Sie dies nicht getan haben, k\u00f6nnen Sie dies noch korrigieren. Gehen Sie einfach zu den Einstellungen und folgen Sie den Anweisungen, die sehr selbsterkl\u00e4rend sind. Danach m\u00fcssen Sie nur noch Ihre Freunde einladen, dem Spiel beizutreten.<\/p><p>Der Vorteil ist, dass Sie f\u00fcr jede Einladung einen betr\u00e4chtlichen Bonus erhalten. Sie k\u00f6nnen bis zu\u00a0<strong>40 zus\u00e4tzliche Spins<\/strong>\u00a0f\u00fcr jede eingeladene Person. Z\u00f6gern Sie also nicht, die Einladungen zu maximieren und so Ihre Chancen zu erh\u00f6hen, mehr M\u00fcnzen zu erhalten.<\/p><h3>Nehmen Sie an Veranstaltungen teil<\/h3><p>Gelegentlich finden im Spiel Veranstaltungen statt. Die meisten von ihnen sind sehr interessant und bieten Ihnen die M\u00f6glichkeit, verlockende Belohnungen zu erhalten. Alles, was Sie tun m\u00fcssen, ist, den Anweisungen zu folgen und teilzunehmen. Sie sollten grunds\u00e4tzlich\u00a0<strong>Gewinne erzielen<\/strong>\u00a0die Sie f\u00fcr den Bau Ihres Dorfes verwenden k\u00f6nnen. Die Belohnungen f\u00fcr Ereignisse sind zugegebenerma\u00dfen nicht immer M\u00fcnzen, aber sie sind immer von gro\u00dfem Nutzen. Nehmen Sie also teil, so oft Sie k\u00f6nnen.<\/p><table><thead><tr><th>Sammlung<\/th><th>Belohnung<\/th><\/tr><\/thead><tbody><tr><td>Mythische Kreaturen<\/td><td>50.000 M\u00fcnzen + 10 Spins + 1 Schild<\/td><\/tr><tr><td>\u00c4gyptische Gottheiten<\/td><td>100.000 M\u00fcnzen + 20 Spins + 2 Schilde<\/td><\/tr><tr><td>K\u00f6nigreich der Feen<\/td><td>250.000 M\u00fcnzen + 50 Spins + 3 Schilde<\/td><\/tr><\/tbody><\/table><h2>Wie kann man in Coin Master schnell Fortschritte machen?<\/h2><p>Um in diesem Spiel die h\u00f6chstm\u00f6gliche Stufe zu erreichen, reicht es nicht aus, t\u00e4glich M\u00fcnzen zu sammeln. Du musst auch andere Teile sammeln, aber vor allem musst du eine gute Verteidigungsstrategie anwenden.<\/p><h3>Vervollst\u00e4ndigen Sie die Kartensammlungen<\/h3><p>Wenn du in Coin Master Fortschritte beim Ausbau deiner D\u00f6rfer machst, schaltest du neue Kartensammlungen frei. Jede Serie stellt einen Bonus dar. Ihre Aufgabe ist es dann, alle Karten, die zu jeder Sammlung geh\u00f6ren, zu sammeln, um\u00a0<strong>den Bonus erhalten<\/strong>\u00a0die damit verbunden ist. Dieser ist in der Regel sehr interessant und wird Ihnen helfen, bemerkenswerte Fortschritte zu machen.<\/p><p>Idealerweise sollten Sie jede verf\u00fcgbare Kartensammlung vervollst\u00e4ndigen, bevor Sie in ein h\u00f6heres Dorf aufsteigen. Es wird n\u00e4mlich sehr schwierig sein, bestimmte Karten sp\u00e4ter zu erhalten. Auch wenn Sie sich zum Ziel gesetzt haben, schnell in den\u00a0<strong>h\u00f6here Ebenen<\/strong>Vermeiden Sie es, etwas zu \u00fcberst\u00fcrzen. Es kann sein, dass Sie tagelang an bestimmten Stationen festh\u00e4ngen, nur weil Ihnen bestimmte Dinge fehlen, die Sie leichter h\u00e4tten bekommen k\u00f6nnen. Um die Kartensammlungen zu vervollst\u00e4ndigen, k\u00f6nnen Sie mit Ihren Coins im Laden Truhen kaufen. Wenn du Karten doppelt hast, kannst du sie auch mit deinen Freunden gegen die fehlenden Karten eintauschen.<\/p><h3>Geben Sie Ihre M\u00fcnzen strategisch aus<\/h3><p>Die nach Ihren erbeuteten Coins m\u00fcssen auf intelligente und sorgf\u00e4ltige Weise verwaltet werden. Du solltest sie verwenden, um die Dinge zu kaufen, die du f\u00fcr dein Dorf ben\u00f6tigst, oder um Verbesserungen zu den richtigen Zeitpunkten vorzunehmen. Manchmal sollten die Coins eher dazu dienen, in den Kauf von <strong>Kartenkisten<\/strong>. Es liegt an Ihnen, den Nutzen jeder Ausgabe zu analysieren, bevor Sie sie t\u00e4tigen. Wenn Sie Ihre M\u00fcnzen falsch investieren, wird Ihnen das auf Dauer schaden und Sie werden nur herumprobieren. Gehen Sie daher bei der Verwaltung Ihrer Coins sorgf\u00e4ltig vor.<\/p><p>Schon bevor Sie die Maschine in Betrieb nehmen, sollten Sie sich im Voraus dar\u00fcber im Klaren sein, was Sie verbessern wollen. So k\u00f6nnen Sie Ihre Runden f\u00fcr wichtigere Gelegenheiten sparen.<\/p><h3>Vermeiden Sie es, zu viele M\u00fcnzen aufzubewahren<\/h3><p>Auf einem bestimmten Niveau des Spiels kann es durchaus interessant sein, einen guten Vorrat an Coins zu haben. Die gro\u00dfen Spieler der Welt verf\u00fcgen \u00fcber einen betr\u00e4chtlichen Vorrat an Coins. Aber bevor du diesen Punkt erreichst, und vorausgesetzt, du nutzt ihre Strategien, solltest du es vermeiden, viele Coins in deinem Dorf zu lassen. Andernfalls w\u00fcrden Sie zu einem begehrten Ziel f\u00fcr viele andere Spieler und vor allem f\u00fcr Ihre Freunde werden. Alle Anstrengungen, die Sie unternommen h\u00e4tten, um so viele M\u00fcnzen zu sammeln, w\u00e4ren also umsonst gewesen. Sobald Sie eine bestimmte Anzahl von Coins gesammelt haben, z\u00f6gern Sie nicht, diese zu sammeln.\u00a0<strong>sie ausgeben, um Ihr Dorf zu verbessern<\/strong>.<\/p><p>Der einzige Zeitpunkt, an dem Sie es sich leisten k\u00f6nnen, Ihre Ecken nicht zu investieren, ist, wenn Sie einen Schild haben, der Ihr Dorf sch\u00fctzt. Au\u00dferhalb dieser Gelegenheit ist es ein unn\u00f6tiges Risiko.<\/p><h3>Vermeiden Sie es, Ihre Freunde anzugreifen<\/h3><p>Es ist wirklich nicht sinnvoll, Ihren Freunden den Krieg zu erkl\u00e4ren. Sie k\u00f6nnen jederzeit zur\u00fcckschlagen, und das w\u00fcrde zu einer endlosen Abrechnung f\u00fchren. Sie werden zwar durch Pl\u00fcnderungen wichtige Ressourcen mobilisieren, aber das wird Ihnen nichts n\u00fctzen, da Ihre Freunde immer einen Zeitpunkt finden werden, um sich alles zu holen. Um sich im Spiel leichter zurechtzufinden, sollten Sie sich nicht zu sehr in die Enge treiben lassen.\u00a0<strong>nie der erste, der einen \u00dcberfall startet<\/strong>\u00a0gegen einen Facebook-Freund.<\/p><p>Wenn Sie Opfer eines Angriffs durch einen Verwandten geworden sind, k\u00f6nnen Sie es auch vermeiden, zur\u00fcckzuschlagen. So f\u00f6rdern Sie nicht die Entstehung eines m\u00f6glichen Konflikts, der Ihnen nicht guttut. Wenn ein Freund Sie trotz Ihres Angriffs weiterhin angreift\u00a0<strong>Verweigerung der Gegenwehr<\/strong>Z\u00f6gern Sie nicht, mit ihm zu diskutieren. Sie k\u00f6nnen ihm auf Facebook schreiben und ihn h\u00f6flich bitten, die st\u00e4ndigen Angriffe auf Ihr Dorf einzustellen.<\/p><h2>Wie k\u00f6nnen Sie den Schutz Ihres Dorfes in Coin Master gew\u00e4hrleisten?<\/h2><p>Wenn Sie st\u00e4ndigen Angriffen ausgesetzt sind, wird es Ihnen schwer fallen, sich im Spiel weiterzuentwickeln. <a href=\"https:\/\/topcoinmaster.com\/de\/\">Coin Master<\/a>. Sie m\u00fcssen also effektive Wege finden, um Ihr Dorf zu sch\u00fctzen, vor allem, wenn Sie sich auf einer fortgeschrittenen Stufe befinden.<\/p><h3>Sammeln Sie Schilde<\/h3><p>Wenn Sie im Spiel Coin Master bereits ein fortgeschrittenes Niveau erreicht haben, wissen Sie wahrscheinlich, wie wichtig Schilde sind. Sie sch\u00fctzen dich vor Angriffen anderer Spieler. Ein Schild ist ein Schutz gegen einen Angriff. Je weiter Sie im Spiel vorankommen, desto mehr M\u00f6glichkeiten haben Sie, um\u00a0<strong>mehrere Schilde kumulieren<\/strong>.<\/p><p>Der kleine Tipp, den wir Ihnen geben, ist, dass Sie mindestens 3 Schilde erhalten sollten, bevor Sie mit dem Bau eines Dorfes beginnen. Solange Sie nicht bereit sind, den Ausbau eines Dorfes abzuschlie\u00dfen, sollten Sie keine Ausgaben ohne Schilde t\u00e4tigen. Es besteht die Gefahr, dass Sie nach wiederholten Angriffen wieder von vorne anfangen m\u00fcssen.<\/p><h3>Adoptieren Sie das Nashorn<\/h3><p>Seit dem vierten Dorf haben Sie sich f\u00fcr ein Haustier entschieden, insbesondere aufgrund Ihrer Bed\u00fcrfnisse. Diese Wahl ist nicht endg\u00fcltig. Selbst wenn Sie sich f\u00fcr den Fuchs oder den Tiger entschieden haben, k\u00f6nnen Sie Ihr Haustier immer noch wechseln. In der Defensivphase ist das Nashorn die beste Wahl. Es wird Ihnen sehr n\u00fctzlich sein, wenn Sie\u00a0<strong>viele sch\u00fctzenswerte Ecken<\/strong>Oder wenn Sie gerade mit dem Bau Ihres Dorfes begonnen haben. Sie m\u00fcssen ihn jedoch aktiv halten, damit er seine Rolle als Verteidiger erf\u00fcllen kann. Sie sollten auch daran denken, ihre Stufe zu erh\u00f6hen, um ihre Leistung zu verbessern.<\/p><table><thead><tr><th>Unternehmen<\/th><th>Hauptvorteil<\/th><th>Ebene der Entsperrung<\/th><\/tr><\/thead><tbody><tr><td>Rhino<\/td><td>Sch\u00fctzt das Dorf vor Angriffen<\/td><td>4<\/td><\/tr><tr><td>Fuchs<\/td><td>Finde w\u00e4hrend eines Schlachtzugs zus\u00e4tzliche M\u00fcnzen<\/td><td>4<\/td><\/tr><tr><td>Tiger<\/td><td>Erh\u00f6ht die Angriffsgewinne<\/td><td>4<\/td><\/tr><\/tbody><\/table><h3>Baue D\u00f6rfer nur, wenn du die Ressourcen daf\u00fcr hast<\/h3><p>Zu Beginn des Spiels k\u00f6nnen Sie es sich leisten, Ihre D\u00f6rfer eifrig zu errichten. Wenn Sie aber ein bestimmtes Level erreicht haben, ist es wichtig, dass Sie Geduld haben. Der einfachste Weg, Ihr Dorf zu sch\u00fctzen, besteht darin, es nicht zu bauen. Lassen Sie es komplett leer stehen, solange Sie nicht \u00fcber die n\u00f6tigen Ressourcen verf\u00fcgen, um\u00a0<strong>die<\/strong>\u00a0<strong>in einem Zug bauen<\/strong>. So haben deine Freunde kein Interesse daran, dich anzugreifen, und selbst wenn sie es tun, haben sie keine Geb\u00e4ude, die sie zerst\u00f6ren k\u00f6nnen. Sobald du bereit bist, baue dein Dorf, dann das n\u00e4chste und so weiter.<\/p><p>Wenn Sie nicht wissen, wie viele M\u00fcnzen Sie ben\u00f6tigen, um den Ausbau eines Dorfes abzuschlie\u00dfen, informieren Sie sich auf unserer Plattform. Auf\u00a0<strong>Top Coin Master<\/strong>Wenn Sie sich f\u00fcr ein Projekt entscheiden, stellen wir Ihnen alle Informationen zur Verf\u00fcgung, die Sie f\u00fcr Ihren Fortschritt ben\u00f6tigen. F\u00fcr das 18. Dorf mit dem Namen Wonderland ben\u00f6tigen Sie zum Beispiel mindestens 67 Millionen, w\u00e4hrend Sie in Coin Manor 109 Millionen ben\u00f6tigen. Weiter unten in Yankee, im 126. Dorf, ben\u00f6tigen Sie 9,2 Milliarden. Ab dem 277. Dorf m\u00fcssen Sie mindestens 1 Billion einplanen.<\/p><table><thead><tr><th>Nummer des Dorfes<\/th><th>Name des Dorfes<\/th><th>Kosten f\u00fcr den Bau<\/th><\/tr><\/thead><tbody><tr><td>1<\/td><td>Land der Wikinger<\/td><td>3,1 Millionen<\/td><\/tr><tr><td>18<\/td><td>Wunderland<\/td><td>67 Millionen<\/td><\/tr><tr><td>50<\/td><td>Coin Manor<\/td><td>109 Millionen<\/td><\/tr><tr><td>126<\/td><td>Yankee<\/td><td>9,2 Milliarden<\/td><\/tr><tr><td>277<\/td><td>Futuristische Stadt<\/td><td>1 Billion<\/td><\/tr><\/tbody><\/table>\t\t\t\t\t\t\t\t<\/div>\n\t\t\t\t<\/div>\n\t\t\t\t\t<\/div>\n\t\t<\/div>\n\t\t\t\t\t<\/div>\n\t\t<\/section>\n\t\t\t\t<\/div>","protected":false},"excerpt":{"rendered":"<p>Simple, amusant et facile \u00e0 jouer, Coin Master est un jeu qui se d\u00e9marque par son Game Play exceptionnel et ses nombreux atouts. Si vous y jouez depuis un moment, vous savez sans doute combien il est passionnant de passer d&rsquo;un niveau \u00e0 un autre. Quelle que soit votre exp\u00e9rience, vous rencontrerez des difficult\u00e9s au [&hellip;]<\/p>\n","protected":false},"author":2,"featured_media":0,"parent":0,"menu_order":0,"comment_status":"closed","ping_status":"closed","template":"","meta":{"site-sidebar-layout":"no-sidebar","site-content-layout":"page-builder","ast-site-content-layout":"default","site-content-style":"default","site-sidebar-style":"default","ast-global-header-display":"","ast-banner-title-visibility":"","ast-main-header-display":"","ast-hfb-above-header-display":"","ast-hfb-below-header-display":"","ast-hfb-mobile-header-display":"","site-post-title":"disabled","ast-breadcrumbs-content":"","ast-featured-img":"disabled","footer-sml-layout":"","ast-disable-related-posts":"","theme-transparent-header-meta":"","adv-header-id-meta":"","stick-header-meta":"","header-above-stick-meta":"","header-main-stick-meta":"","header-below-stick-meta":"","astra-migrate-meta-layouts":"default","ast-page-background-enabled":"default","ast-page-background-meta":{"desktop":{"background-color":"","background-image":"","background-repeat":"repeat","background-position":"center center","background-size":"auto","background-attachment":"scroll","background-type":"","background-media":"","overlay-type":"","overlay-color":"","overlay-opacity":"","overlay-gradient":""},"tablet":{"background-color":"","background-image":"","background-repeat":"repeat","background-position":"center center","background-size":"auto","background-attachment":"scroll","background-type":"","background-media":"","overlay-type":"","overlay-color":"","overlay-opacity":"","overlay-gradient":""},"mobile":{"background-color":"","background-image":"","background-repeat":"repeat","background-position":"center center","background-size":"auto","background-attachment":"scroll","background-type":"","background-media":"","overlay-type":"","overlay-color":"","overlay-opacity":"","overlay-gradient":""}},"ast-content-background-meta":{"desktop":{"background-color":"var(--ast-global-color-5)","background-image":"","background-repeat":"repeat","background-position":"center center","background-size":"auto","background-attachment":"scroll","background-type":"","background-media":"","overlay-type":"","overlay-color":"","overlay-opacity":"","overlay-gradient":""},"tablet":{"background-color":"var(--ast-global-color-5)","background-image":"","background-repeat":"repeat","background-position":"center center","background-size":"auto","background-attachment":"scroll","background-type":"","background-media":"","overlay-type":"","overlay-color":"","overlay-opacity":"","overlay-gradient":""},"mobile":{"background-color":"var(--ast-global-color-5)","background-image":"","background-repeat":"repeat","background-position":"center center","background-size":"auto","background-attachment":"scroll","background-type":"","background-media":"","overlay-type":"","overlay-color":"","overlay-opacity":"","overlay-gradient":""}},"footnotes":""},"class_list":["post-534","page","type-page","status-publish","hentry"],"yoast_head":"<!-- This site is optimized with the Yoast SEO plugin v27.3 - https:\/\/yoast.com\/product\/yoast-seo-wordpress\/ -->\n<title>Guide avanc\u00e9 : strat\u00e9gies pour construire des villages, gagner des batailles, etc. - Top Coin Master<\/title>\n<meta name=\"robots\" content=\"index, follow, max-snippet:-1, max-image-preview:large, max-video-preview:-1\" \/>\n<link rel=\"canonical\" href=\"https:\/\/topcoinmaster.com\/de\/vorwartsfuhrer\/\" \/>\n<meta property=\"og:locale\" content=\"de_DE\" \/>\n<meta property=\"og:type\" content=\"article\" \/>\n<meta property=\"og:title\" content=\"Guide avanc\u00e9 : strat\u00e9gies pour construire des villages, gagner des batailles, etc. - Top Coin Master\" \/>\n<meta property=\"og:description\" content=\"Simple, amusant et facile \u00e0 jouer, Coin Master est un jeu qui se d\u00e9marque par son Game Play exceptionnel et ses nombreux atouts. Si vous y jouez depuis un moment, vous savez sans doute combien il est passionnant de passer d&rsquo;un niveau \u00e0 un autre. Quelle que soit votre exp\u00e9rience, vous rencontrerez des difficult\u00e9s au [&hellip;]\" \/>\n<meta property=\"og:url\" content=\"https:\/\/topcoinmaster.com\/de\/vorwartsfuhrer\/\" \/>\n<meta property=\"og:site_name\" content=\"Top Coin Master\" \/>\n<meta property=\"article:modified_time\" content=\"2023-03-25T10:07:52+00:00\" \/>\n<meta name=\"twitter:card\" content=\"summary_large_image\" \/>\n<meta name=\"twitter:label1\" content=\"Gesch\u00e4tzte Lesezeit\" \/>\n\t<meta name=\"twitter:data1\" content=\"9\u00a0Minuten\" \/>\n<script type=\"application\/ld+json\" class=\"yoast-schema-graph\">{\"@context\":\"https:\\\/\\\/schema.org\",\"@graph\":[{\"@type\":\"WebPage\",\"@id\":\"https:\\\/\\\/topcoinmaster.com\\\/guide-avance\\\/\",\"url\":\"https:\\\/\\\/topcoinmaster.com\\\/guide-avance\\\/\",\"name\":\"Guide avanc\u00e9 : strat\u00e9gies pour construire des villages, gagner des batailles, etc. - Top Coin Master\",\"isPartOf\":{\"@id\":\"https:\\\/\\\/topcoinmaster.com\\\/#website\"},\"datePublished\":\"2023-03-24T22:05:26+00:00\",\"dateModified\":\"2023-03-25T10:07:52+00:00\",\"breadcrumb\":{\"@id\":\"https:\\\/\\\/topcoinmaster.com\\\/guide-avance\\\/#breadcrumb\"},\"inLanguage\":\"de\",\"potentialAction\":[{\"@type\":\"ReadAction\",\"target\":[\"https:\\\/\\\/topcoinmaster.com\\\/guide-avance\\\/\"]}]},{\"@type\":\"BreadcrumbList\",\"@id\":\"https:\\\/\\\/topcoinmaster.com\\\/guide-avance\\\/#breadcrumb\",\"itemListElement\":[{\"@type\":\"ListItem\",\"position\":1,\"name\":\"Accueil\",\"item\":\"https:\\\/\\\/topcoinmaster.com\\\/\"},{\"@type\":\"ListItem\",\"position\":2,\"name\":\"Guide avanc\u00e9 : strat\u00e9gies pour construire des villages, gagner des batailles, etc.\"}]},{\"@type\":\"WebSite\",\"@id\":\"https:\\\/\\\/topcoinmaster.com\\\/#website\",\"url\":\"https:\\\/\\\/topcoinmaster.com\\\/\",\"name\":\"Top Coin Master\",\"description\":\"\",\"publisher\":{\"@id\":\"https:\\\/\\\/topcoinmaster.com\\\/#organization\"},\"potentialAction\":[{\"@type\":\"SearchAction\",\"target\":{\"@type\":\"EntryPoint\",\"urlTemplate\":\"https:\\\/\\\/topcoinmaster.com\\\/?s={search_term_string}\"},\"query-input\":{\"@type\":\"PropertyValueSpecification\",\"valueRequired\":true,\"valueName\":\"search_term_string\"}}],\"inLanguage\":\"de\"},{\"@type\":\"Organization\",\"@id\":\"https:\\\/\\\/topcoinmaster.com\\\/#organization\",\"name\":\"Top Coin Master\",\"url\":\"https:\\\/\\\/topcoinmaster.com\\\/\",\"logo\":{\"@type\":\"ImageObject\",\"inLanguage\":\"de\",\"@id\":\"https:\\\/\\\/topcoinmaster.com\\\/#\\\/schema\\\/logo\\\/image\\\/\",\"url\":\"https:\\\/\\\/topcoinmaster.com\\\/wp-content\\\/uploads\\\/2023\\\/03\\\/logo.png\",\"contentUrl\":\"https:\\\/\\\/topcoinmaster.com\\\/wp-content\\\/uploads\\\/2023\\\/03\\\/logo.png\",\"width\":722,\"height\":69,\"caption\":\"Top Coin Master\"},\"image\":{\"@id\":\"https:\\\/\\\/topcoinmaster.com\\\/#\\\/schema\\\/logo\\\/image\\\/\"}}]}<\/script>\n<!-- \/ Yoast SEO plugin. -->","yoast_head_json":{"title":"Erweiterter Leitfaden: Strategien zum Bau von D\u00f6rfern, Gewinnen von Schlachten usw. - Top Coin Master","robots":{"index":"index","follow":"follow","max-snippet":"max-snippet:-1","max-image-preview":"max-image-preview:large","max-video-preview":"max-video-preview:-1"},"canonical":"https:\/\/topcoinmaster.com\/de\/vorwartsfuhrer\/","og_locale":"de_DE","og_type":"article","og_title":"Guide avanc\u00e9 : strat\u00e9gies pour construire des villages, gagner des batailles, etc. - Top Coin Master","og_description":"Simple, amusant et facile \u00e0 jouer, Coin Master est un jeu qui se d\u00e9marque par son Game Play exceptionnel et ses nombreux atouts. Si vous y jouez depuis un moment, vous savez sans doute combien il est passionnant de passer d&rsquo;un niveau \u00e0 un autre. Quelle que soit votre exp\u00e9rience, vous rencontrerez des difficult\u00e9s au [&hellip;]","og_url":"https:\/\/topcoinmaster.com\/de\/vorwartsfuhrer\/","og_site_name":"Top Coin Master","article_modified_time":"2023-03-25T10:07:52+00:00","twitter_card":"summary_large_image","twitter_misc":{"Gesch\u00e4tzte Lesezeit":"9\u00a0Minuten"},"schema":{"@context":"https:\/\/schema.org","@graph":[{"@type":"WebPage","@id":"https:\/\/topcoinmaster.com\/guide-avance\/","url":"https:\/\/topcoinmaster.com\/guide-avance\/","name":"Erweiterter Leitfaden: Strategien zum Bau von D\u00f6rfern, Gewinnen von Schlachten usw. - Top Coin Master","isPartOf":{"@id":"https:\/\/topcoinmaster.com\/#website"},"datePublished":"2023-03-24T22:05:26+00:00","dateModified":"2023-03-25T10:07:52+00:00","breadcrumb":{"@id":"https:\/\/topcoinmaster.com\/guide-avance\/#breadcrumb"},"inLanguage":"de","potentialAction":[{"@type":"ReadAction","target":["https:\/\/topcoinmaster.com\/guide-avance\/"]}]},{"@type":"BreadcrumbList","@id":"https:\/\/topcoinmaster.com\/guide-avance\/#breadcrumb","itemListElement":[{"@type":"ListItem","position":1,"name":"Accueil","item":"https:\/\/topcoinmaster.com\/"},{"@type":"ListItem","position":2,"name":"Guide avanc\u00e9 : strat\u00e9gies pour construire des villages, gagner des batailles, etc."}]},{"@type":"WebSite","@id":"https:\/\/topcoinmaster.com\/#website","url":"https:\/\/topcoinmaster.com\/","name":"Top Coin Master","description":"","publisher":{"@id":"https:\/\/topcoinmaster.com\/#organization"},"potentialAction":[{"@type":"SearchAction","target":{"@type":"EntryPoint","urlTemplate":"https:\/\/topcoinmaster.com\/?s={search_term_string}"},"query-input":{"@type":"PropertyValueSpecification","valueRequired":true,"valueName":"search_term_string"}}],"inLanguage":"de"},{"@type":"Organization","@id":"https:\/\/topcoinmaster.com\/#organization","name":"Top Coin Master","url":"https:\/\/topcoinmaster.com\/","logo":{"@type":"ImageObject","inLanguage":"de","@id":"https:\/\/topcoinmaster.com\/#\/schema\/logo\/image\/","url":"https:\/\/topcoinmaster.com\/wp-content\/uploads\/2023\/03\/logo.png","contentUrl":"https:\/\/topcoinmaster.com\/wp-content\/uploads\/2023\/03\/logo.png","width":722,"height":69,"caption":"Top Coin Master"},"image":{"@id":"https:\/\/topcoinmaster.com\/#\/schema\/logo\/image\/"}}]}},"_links":{"self":[{"href":"https:\/\/topcoinmaster.com\/de\/wp-json\/wp\/v2\/pages\/534","targetHints":{"allow":["GET"]}}],"collection":[{"href":"https:\/\/topcoinmaster.com\/de\/wp-json\/wp\/v2\/pages"}],"about":[{"href":"https:\/\/topcoinmaster.com\/de\/wp-json\/wp\/v2\/types\/page"}],"author":[{"embeddable":true,"href":"https:\/\/topcoinmaster.com\/de\/wp-json\/wp\/v2\/users\/2"}],"replies":[{"embeddable":true,"href":"https:\/\/topcoinmaster.com\/de\/wp-json\/wp\/v2\/comments?post=534"}],"version-history":[{"count":13,"href":"https:\/\/topcoinmaster.com\/de\/wp-json\/wp\/v2\/pages\/534\/revisions"}],"predecessor-version":[{"id":550,"href":"https:\/\/topcoinmaster.com\/de\/wp-json\/wp\/v2\/pages\/534\/revisions\/550"}],"wp:attachment":[{"href":"https:\/\/topcoinmaster.com\/de\/wp-json\/wp\/v2\/media?parent=534"}],"curies":[{"name":"wp","href":"https:\/\/api.w.org\/{rel}","templated":true}]}}