{"id":37,"date":"2020-10-19T20:29:27","date_gmt":"2020-10-19T18:29:27","guid":{"rendered":"https:\/\/topmymfans.com\/?page_id=37"},"modified":"2023-03-24T23:04:24","modified_gmt":"2023-03-24T22:04:24","slug":"guide-debutant","status":"publish","type":"page","link":"https:\/\/topcoinmaster.com\/en\/guide-debutant\/","title":{"rendered":"Beginner's guide: how to play, create an account, understand the basic mechanics"},"content":{"rendered":"<div data-elementor-type=\"wp-page\" data-elementor-id=\"37\" class=\"elementor elementor-37\" data-elementor-post-type=\"page\">\n\t\t\t\t\t\t<section class=\"elementor-section elementor-top-section elementor-element elementor-element-e5cfd49 elementor-section-boxed elementor-section-height-default elementor-section-height-default\" data-id=\"e5cfd49\" data-element_type=\"section\" data-e-type=\"section\">\n\t\t\t\t\t\t\t<div class=\"elementor-background-overlay\"><\/div>\n\t\t\t\t\t\t\t<div class=\"elementor-container elementor-column-gap-default\">\n\t\t\t\t\t<div class=\"elementor-column elementor-col-100 elementor-top-column elementor-element elementor-element-393beee\" data-id=\"393beee\" data-element_type=\"column\" data-e-type=\"column\">\n\t\t\t<div class=\"elementor-widget-wrap elementor-element-populated\">\n\t\t\t\t\t\t<div class=\"elementor-element elementor-element-2f4c82d elementor-widget elementor-widget-spacer\" data-id=\"2f4c82d\" data-element_type=\"widget\" data-e-type=\"widget\" data-widget_type=\"spacer.default\">\n\t\t\t\t<div class=\"elementor-widget-container\">\n\t\t\t\t\t\t\t<div class=\"elementor-spacer\">\n\t\t\t<div class=\"elementor-spacer-inner\"><\/div>\n\t\t<\/div>\n\t\t\t\t\t\t<\/div>\n\t\t\t\t<\/div>\n\t\t\t\t<div class=\"elementor-element elementor-element-359d038 elementor-widget elementor-widget-spacer\" data-id=\"359d038\" data-element_type=\"widget\" data-e-type=\"widget\" data-widget_type=\"spacer.default\">\n\t\t\t\t<div class=\"elementor-widget-container\">\n\t\t\t\t\t\t\t<div class=\"elementor-spacer\">\n\t\t\t<div class=\"elementor-spacer-inner\"><\/div>\n\t\t<\/div>\n\t\t\t\t\t\t<\/div>\n\t\t\t\t<\/div>\n\t\t\t\t<div class=\"elementor-element elementor-element-549f662 elementor-widget elementor-widget-text-editor\" data-id=\"549f662\" data-element_type=\"widget\" data-e-type=\"widget\" data-widget_type=\"text-editor.default\">\n\t\t\t\t<div class=\"elementor-widget-container\">\n\t\t\t\t\t\t\t\t\t<p>You've probably already heard of this mobile game that attracts kids, teens and adults. Coin Master has been growing in popularity for almost a decade. Millions of people enjoy playing this Israeli-made platform every day. Before you play, you should know how this mobile application works and its specificities.<\/p><h2>Coin Master : operating principle<\/h2><p>In recent years, the number of downloads of the\u00a0<strong>Coin Master<\/strong>\u00a0continues to grow dramatically. More than 50 million people around the world play this game repeatedly. The game is very easy to play and is particularly fun. Above all, it has an original concept.<\/p><p>It was in 2015 that the mobile game, which would later become a real success story, appeared on download platforms. The company MoonActive had just created an innovative, unique product that will quickly steal the show from very popular mobile games of the time.<\/p><p>Coin Master is a\u00a0<strong>free-to-play mobile game<\/strong>. It is therefore completely free, and you have absolutely nothing to pay to move forward. The principle of operation of the application is very simple. You just have to launch a slot machine, and in return, you spend energy. As soon as your energy bar is empty, you will have to wait for it to regenerate before you can launch the slot machine again. Each time you launch the slot, you will come across symbols that give you the opportunity to perform actions. The pig stands for looting, and the hammer basically gives you the right to attack.<\/p><h2>How to play Coin Master?<\/h2><p>Your goal as a Coin Master player is to reach the highest possible level in the game. To do this, you must start by\u00a0<strong>build a village<\/strong>and establish all the available elements there. Then you have to upgrade them to the highest possible level in order to move to the next village, and so on. To buy and upgrade the components of a village, you must go to the \"Village Shop\" and spend coins. Your daily mission is to mobilize a large amount of coins. All you have to do is launch the slot machine. When 3 coins or 3 purses appear, you get coins which you can then use to improve your village.<\/p><p>When you come across 3 masked pig heads, you get what is called the \"Coin Master\". You will then have to loot a totally random player who has many more coins than you. It's up to you to find a way to get as many coins as possible to speed up your\u00a0<strong>evolution in the game<\/strong>. When, after launching the machine, you come across 3 hammers, you can attack a random player. You can also choose your target among your Facebook friends. You even have the possibility to take revenge on a player who would have attacked your village.<\/p><p>The machine can be started about 50 times a day. You just have to click the \"spin\" button each time to start it.<\/p><p><strong>Little tip<\/strong>\u00a0Press and hold the button for a few seconds, and the machine will systematically start up without you having to click each time.<\/p><p>As you move to higher levels, you earn more corners. You also gain access to more interesting features. For example, when you reach the fourth village, you can unlock an animal, and collect trading cards. When you c<strong>ompile a collection of cards<\/strong>You earn rewards. As for the animals, they each bring a bonus feature.<\/p><p>If you can attack players, this means that you can also be attacked by other players. Your corners can therefore be looted. However, you can temporarily protect yourself from an attack. In this case, you will need to get 3 shields after rolling the wheel. If you manage to line up 3 batteries, you<strong>\u00a0earn 10 extra spins<\/strong>10 chances to loot a player, get corners, or protect your village.<\/p><h2>How do I create a Coin Master account?<\/h2><p>In order to play Coin Master, and enjoy the many benefits this game has to offer, you must first<strong>\u00a0create an account<\/strong>. The process is very simple, and will only take a few minutes. All you have to do is go to an application store, in this case App Store or Play Store. Then you will have to download the game and install it.<\/p><p>Once you open the application, you will be presented with two options. The first one asks you to play as a guest, while the second one suggests you to play with friends. It's up to you to choose the option that makes the most sense for you. Follow the instructions, and\u00a0<strong>finalize your registration<\/strong>. You now have a Coin Master account, and you can start playing.<\/p><h3>Should you link your Coin Master account to another network?<\/h3><p>When registering at Coin Master, it is best to choose the option to play with friends. You will be asked to link your account with a social network. This can be Facebook, Google, Amazon, or iTunes. This solution is much more advantageous in terms of keeping your data safe.<\/p><p>There are several other interesting benefits associated with linking a\u00a0<strong>Coin Master account<\/strong>\u00a0to a social network account. However, if you're just planning to try the game, without getting too attached to it, feel free to sign up as a guest.<\/p><h3>Why link your Coin Master account to Facebook?<\/h3><p>In principle, there is no obligation to link your Coin Master account to Facebook. However, doing so will bring you many benefits. To progress quickly in this game, you need to get coins. But the<strong>\u00a0daily spins<\/strong>\u00a0offered by the application are not always enough to accumulate the amount of coins you need. By linking your account to Facebook, you receive extra coins or spins. Then you can invite your friends to join the game. Each invitation entitles you to 40 extra spins. When you reach 180 invited friends, you receive special gifts.<\/p><p>In\u00a0<strong>linking your Facebook account to Coin Master<\/strong>You can join a community of friends who will help you progress quickly. You can learn tips, tricks, and strategies for building your village. Coin Master allows you to exchange draws, cards, and other benefits with your friends on Facebook. You can even join groups dedicated to the application to improve your knowledge.<\/p><p>By associating your account with Facebook, you can prevent the loss of your data. Your<strong>\u00a0progress is recorded<\/strong>\u00a0and kept in real time. In case of deletion of the application for various reasons, you can be sure to find your account, even years later.<\/p><h2>Tips for Coin Master beginners<\/h2><p>To progress in the Coin Master game when you are just starting out, you need a strategy. Here are some tips that<strong>\u00a0Top Coin Master<\/strong>\u00a0offers you.<\/p><h3>Be on the lookout for events<\/h3><p>Periodically, events are organized in the game Coin Master. If you want to progress faster, you should always try to participate in them. They allow you to win a large number of extra spins, or a large amount of coins. The\u00a0<strong>bonuses at stake<\/strong>\u00a0at events are much more substantial than what you can earn by doing one or three attacks a day. So be on the lookout, and make the effort to participate in these occasional events.<\/p><h3>Choose the right animal<\/h3><p>In Coin Master, animals play a very important role. At the beginning you don't own any. After a certain level, this feature is unlocked. You have a choice of 3 pets, and you must keep only one. To make your choice, you will have to rely on the\u00a0<strong>specificities of each animal<\/strong>.<\/p><h4>The fox<\/h4><p>When you choose<strong>\u00a0the fox<\/strong>\u00a0as a pet, you get a bonus when you dig the fourth hole in an attack. It allows you to gain as many corners as possible.<\/p><h4>The rhinoceros<\/h4><p>This pet offers you a\u00a0<strong>defense bonus<\/strong>. It protects your village against the most effective assaults.<\/p><h4>The tiger<\/h4><p>It gives you a bonus when you attack other villages. Even if your target has shields, you will be able to loot it.<\/p><p>For\u00a0<strong>choose your pet<\/strong>If you're not a regular user, you'll need to consider your player profile. If you don't plan to open the application regularly, the ideal is to opt for the rhinoceros. This will protect your village from repeated assaults. On the other hand, a player who is used to launching attacks should be accompanied by the tiger. The fox is also suitable for this type of profile. Whichever you choose, make sure you keep your\u00a0<strong>active pet<\/strong>. Also, try to improve it to make it more effective.<\/p><p>As you progress through the game, feel free to check our site for information on<strong>\u00a0strategies to adopt<\/strong>\u00a0to evolve more easily.<\/p>\t\t\t\t\t\t\t\t<\/div>\n\t\t\t\t<\/div>\n\t\t\t\t\t<\/div>\n\t\t<\/div>\n\t\t\t\t\t<\/div>\n\t\t<\/section>\n\t\t\t\t<\/div>","protected":false},"excerpt":{"rendered":"<p>Vous avez probablement d\u00e9j\u00e0 entendu parler de ce jeu mobile qui attire enfants, ado et adultes. Depuis bient\u00f4t une d\u00e9cennie, Coin Master ne cesse de grandir en popularit\u00e9. Des millions de personnes prennent chaque jour du plaisir \u00e0 se connecter \u00e0 cette plateforme d&rsquo;origine isra\u00e9lienne. Avant de jouer, vous devez conna\u00eetre le principe de fonctionnement [&hellip;]<\/p>\n","protected":false},"author":2,"featured_media":0,"parent":0,"menu_order":0,"comment_status":"closed","ping_status":"closed","template":"elementor_header_footer","meta":{"site-sidebar-layout":"default","site-content-layout":"default","ast-site-content-layout":"default","site-content-style":"default","site-sidebar-style":"default","ast-global-header-display":"","ast-banner-title-visibility":"","ast-main-header-display":"","ast-hfb-above-header-display":"","ast-hfb-below-header-display":"","ast-hfb-mobile-header-display":"","site-post-title":"","ast-breadcrumbs-content":"","ast-featured-img":"","footer-sml-layout":"","ast-disable-related-posts":"","theme-transparent-header-meta":"default","adv-header-id-meta":"","stick-header-meta":"","header-above-stick-meta":"","header-main-stick-meta":"","header-below-stick-meta":"","astra-migrate-meta-layouts":"default","ast-page-background-enabled":"default","ast-page-background-meta":{"desktop":{"background-color":"","background-image":"","background-repeat":"repeat","background-position":"center center","background-size":"auto","background-attachment":"scroll","background-type":"","background-media":"","overlay-type":"","overlay-color":"","overlay-opacity":"","overlay-gradient":""},"tablet":{"background-color":"","background-image":"","background-repeat":"repeat","background-position":"center center","background-size":"auto","background-attachment":"scroll","background-type":"","background-media":"","overlay-type":"","overlay-color":"","overlay-opacity":"","overlay-gradient":""},"mobile":{"background-color":"","background-image":"","background-repeat":"repeat","background-position":"center center","background-size":"auto","background-attachment":"scroll","background-type":"","background-media":"","overlay-type":"","overlay-color":"","overlay-opacity":"","overlay-gradient":""}},"ast-content-background-meta":{"desktop":{"background-color":"var(--ast-global-color-5)","background-image":"","background-repeat":"repeat","background-position":"center center","background-size":"auto","background-attachment":"scroll","background-type":"","background-media":"","overlay-type":"","overlay-color":"","overlay-opacity":"","overlay-gradient":""},"tablet":{"background-color":"var(--ast-global-color-5)","background-image":"","background-repeat":"repeat","background-position":"center center","background-size":"auto","background-attachment":"scroll","background-type":"","background-media":"","overlay-type":"","overlay-color":"","overlay-opacity":"","overlay-gradient":""},"mobile":{"background-color":"var(--ast-global-color-5)","background-image":"","background-repeat":"repeat","background-position":"center center","background-size":"auto","background-attachment":"scroll","background-type":"","background-media":"","overlay-type":"","overlay-color":"","overlay-opacity":"","overlay-gradient":""}},"footnotes":""},"class_list":["post-37","page","type-page","status-publish","hentry"],"yoast_head":"<!-- This site is optimized with the Yoast SEO plugin v27.3 - https:\/\/yoast.com\/product\/yoast-seo-wordpress\/ -->\n<title>Guide d\u00e9butant : comment jouer, cr\u00e9er un compte, comprendre les m\u00e9caniques de base - Top Coin Master<\/title>\n<meta name=\"robots\" content=\"index, follow, max-snippet:-1, max-image-preview:large, max-video-preview:-1\" \/>\n<link rel=\"canonical\" href=\"https:\/\/topcoinmaster.com\/en\/how-to-create\/\" \/>\n<meta property=\"og:locale\" content=\"en_US\" \/>\n<meta property=\"og:type\" content=\"article\" \/>\n<meta property=\"og:title\" content=\"Guide d\u00e9butant : comment jouer, cr\u00e9er un compte, comprendre les m\u00e9caniques de base - Top Coin Master\" \/>\n<meta property=\"og:description\" content=\"Vous avez probablement d\u00e9j\u00e0 entendu parler de ce jeu mobile qui attire enfants, ado et adultes. Depuis bient\u00f4t une d\u00e9cennie, Coin Master ne cesse de grandir en popularit\u00e9. Des millions de personnes prennent chaque jour du plaisir \u00e0 se connecter \u00e0 cette plateforme d&rsquo;origine isra\u00e9lienne. Avant de jouer, vous devez conna\u00eetre le principe de fonctionnement [&hellip;]\" \/>\n<meta property=\"og:url\" content=\"https:\/\/topcoinmaster.com\/en\/how-to-create\/\" \/>\n<meta property=\"og:site_name\" content=\"Top Coin Master\" \/>\n<meta property=\"article:modified_time\" content=\"2023-03-24T22:04:24+00:00\" \/>\n<meta name=\"twitter:card\" content=\"summary_large_image\" \/>\n<meta name=\"twitter:label1\" content=\"Est. reading time\" \/>\n\t<meta name=\"twitter:data1\" content=\"8 minutes\" \/>\n<script type=\"application\/ld+json\" class=\"yoast-schema-graph\">{\"@context\":\"https:\\\/\\\/schema.org\",\"@graph\":[{\"@type\":\"WebPage\",\"@id\":\"https:\\\/\\\/topcoinmaster.com\\\/guide-debutant\\\/\",\"url\":\"https:\\\/\\\/topcoinmaster.com\\\/guide-debutant\\\/\",\"name\":\"Guide d\u00e9butant : comment jouer, cr\u00e9er un compte, comprendre les m\u00e9caniques de base - Top Coin Master\",\"isPartOf\":{\"@id\":\"https:\\\/\\\/topcoinmaster.com\\\/#website\"},\"datePublished\":\"2020-10-19T18:29:27+00:00\",\"dateModified\":\"2023-03-24T22:04:24+00:00\",\"breadcrumb\":{\"@id\":\"https:\\\/\\\/topcoinmaster.com\\\/guide-debutant\\\/#breadcrumb\"},\"inLanguage\":\"en-US\",\"potentialAction\":[{\"@type\":\"ReadAction\",\"target\":[\"https:\\\/\\\/topcoinmaster.com\\\/guide-debutant\\\/\"]}]},{\"@type\":\"BreadcrumbList\",\"@id\":\"https:\\\/\\\/topcoinmaster.com\\\/guide-debutant\\\/#breadcrumb\",\"itemListElement\":[{\"@type\":\"ListItem\",\"position\":1,\"name\":\"Accueil\",\"item\":\"https:\\\/\\\/topcoinmaster.com\\\/\"},{\"@type\":\"ListItem\",\"position\":2,\"name\":\"Guide d\u00e9butant : comment jouer, cr\u00e9er un compte, comprendre les m\u00e9caniques de base\"}]},{\"@type\":\"WebSite\",\"@id\":\"https:\\\/\\\/topcoinmaster.com\\\/#website\",\"url\":\"https:\\\/\\\/topcoinmaster.com\\\/\",\"name\":\"Top Coin Master\",\"description\":\"\",\"publisher\":{\"@id\":\"https:\\\/\\\/topcoinmaster.com\\\/#organization\"},\"potentialAction\":[{\"@type\":\"SearchAction\",\"target\":{\"@type\":\"EntryPoint\",\"urlTemplate\":\"https:\\\/\\\/topcoinmaster.com\\\/?s={search_term_string}\"},\"query-input\":{\"@type\":\"PropertyValueSpecification\",\"valueRequired\":true,\"valueName\":\"search_term_string\"}}],\"inLanguage\":\"en-US\"},{\"@type\":\"Organization\",\"@id\":\"https:\\\/\\\/topcoinmaster.com\\\/#organization\",\"name\":\"Top Coin Master\",\"url\":\"https:\\\/\\\/topcoinmaster.com\\\/\",\"logo\":{\"@type\":\"ImageObject\",\"inLanguage\":\"en-US\",\"@id\":\"https:\\\/\\\/topcoinmaster.com\\\/#\\\/schema\\\/logo\\\/image\\\/\",\"url\":\"https:\\\/\\\/topcoinmaster.com\\\/wp-content\\\/uploads\\\/2023\\\/03\\\/logo.png\",\"contentUrl\":\"https:\\\/\\\/topcoinmaster.com\\\/wp-content\\\/uploads\\\/2023\\\/03\\\/logo.png\",\"width\":722,\"height\":69,\"caption\":\"Top Coin Master\"},\"image\":{\"@id\":\"https:\\\/\\\/topcoinmaster.com\\\/#\\\/schema\\\/logo\\\/image\\\/\"}}]}<\/script>\n<!-- \/ Yoast SEO plugin. -->","yoast_head_json":{"title":"Beginner's Guide: how to play, create an account, understand the basic mechanics - Top Coin Master","robots":{"index":"index","follow":"follow","max-snippet":"max-snippet:-1","max-image-preview":"max-image-preview:large","max-video-preview":"max-video-preview:-1"},"canonical":"https:\/\/topcoinmaster.com\/en\/how-to-create\/","og_locale":"en_US","og_type":"article","og_title":"Guide d\u00e9butant : comment jouer, cr\u00e9er un compte, comprendre les m\u00e9caniques de base - Top Coin Master","og_description":"Vous avez probablement d\u00e9j\u00e0 entendu parler de ce jeu mobile qui attire enfants, ado et adultes. Depuis bient\u00f4t une d\u00e9cennie, Coin Master ne cesse de grandir en popularit\u00e9. Des millions de personnes prennent chaque jour du plaisir \u00e0 se connecter \u00e0 cette plateforme d&rsquo;origine isra\u00e9lienne. Avant de jouer, vous devez conna\u00eetre le principe de fonctionnement [&hellip;]","og_url":"https:\/\/topcoinmaster.com\/en\/how-to-create\/","og_site_name":"Top Coin Master","article_modified_time":"2023-03-24T22:04:24+00:00","twitter_card":"summary_large_image","twitter_misc":{"Est. reading time":"8 minutes"},"schema":{"@context":"https:\/\/schema.org","@graph":[{"@type":"WebPage","@id":"https:\/\/topcoinmaster.com\/guide-debutant\/","url":"https:\/\/topcoinmaster.com\/guide-debutant\/","name":"Beginner's Guide: how to play, create an account, understand the basic mechanics - Top Coin Master","isPartOf":{"@id":"https:\/\/topcoinmaster.com\/#website"},"datePublished":"2020-10-19T18:29:27+00:00","dateModified":"2023-03-24T22:04:24+00:00","breadcrumb":{"@id":"https:\/\/topcoinmaster.com\/guide-debutant\/#breadcrumb"},"inLanguage":"en-US","potentialAction":[{"@type":"ReadAction","target":["https:\/\/topcoinmaster.com\/guide-debutant\/"]}]},{"@type":"BreadcrumbList","@id":"https:\/\/topcoinmaster.com\/guide-debutant\/#breadcrumb","itemListElement":[{"@type":"ListItem","position":1,"name":"Accueil","item":"https:\/\/topcoinmaster.com\/"},{"@type":"ListItem","position":2,"name":"Guide d\u00e9butant : comment jouer, cr\u00e9er un compte, comprendre les m\u00e9caniques de base"}]},{"@type":"WebSite","@id":"https:\/\/topcoinmaster.com\/#website","url":"https:\/\/topcoinmaster.com\/","name":"Top Coin Master","description":"","publisher":{"@id":"https:\/\/topcoinmaster.com\/#organization"},"potentialAction":[{"@type":"SearchAction","target":{"@type":"EntryPoint","urlTemplate":"https:\/\/topcoinmaster.com\/?s={search_term_string}"},"query-input":{"@type":"PropertyValueSpecification","valueRequired":true,"valueName":"search_term_string"}}],"inLanguage":"en-US"},{"@type":"Organization","@id":"https:\/\/topcoinmaster.com\/#organization","name":"Top Coin Master","url":"https:\/\/topcoinmaster.com\/","logo":{"@type":"ImageObject","inLanguage":"en-US","@id":"https:\/\/topcoinmaster.com\/#\/schema\/logo\/image\/","url":"https:\/\/topcoinmaster.com\/wp-content\/uploads\/2023\/03\/logo.png","contentUrl":"https:\/\/topcoinmaster.com\/wp-content\/uploads\/2023\/03\/logo.png","width":722,"height":69,"caption":"Top Coin Master"},"image":{"@id":"https:\/\/topcoinmaster.com\/#\/schema\/logo\/image\/"}}]}},"_links":{"self":[{"href":"https:\/\/topcoinmaster.com\/en\/wp-json\/wp\/v2\/pages\/37","targetHints":{"allow":["GET"]}}],"collection":[{"href":"https:\/\/topcoinmaster.com\/en\/wp-json\/wp\/v2\/pages"}],"about":[{"href":"https:\/\/topcoinmaster.com\/en\/wp-json\/wp\/v2\/types\/page"}],"author":[{"embeddable":true,"href":"https:\/\/topcoinmaster.com\/en\/wp-json\/wp\/v2\/users\/2"}],"replies":[{"embeddable":true,"href":"https:\/\/topcoinmaster.com\/en\/wp-json\/wp\/v2\/comments?post=37"}],"version-history":[{"count":45,"href":"https:\/\/topcoinmaster.com\/en\/wp-json\/wp\/v2\/pages\/37\/revisions"}],"predecessor-version":[{"id":539,"href":"https:\/\/topcoinmaster.com\/en\/wp-json\/wp\/v2\/pages\/37\/revisions\/539"}],"wp:attachment":[{"href":"https:\/\/topcoinmaster.com\/en\/wp-json\/wp\/v2\/media?parent=37"}],"curies":[{"name":"wp","href":"https:\/\/api.w.org\/{rel}","templated":true}]}}