{"id":37,"date":"2020-10-19T20:29:27","date_gmt":"2020-10-19T18:29:27","guid":{"rendered":"https:\/\/topmymfans.com\/?page_id=37"},"modified":"2023-03-24T23:04:24","modified_gmt":"2023-03-24T22:04:24","slug":"guide-debutant","status":"publish","type":"page","link":"https:\/\/topcoinmaster.com\/es\/guide-debutant\/","title":{"rendered":"Gu\u00eda para principiantes: c\u00f3mo jugar, crear una cuenta, entender la mec\u00e1nica b\u00e1sica"},"content":{"rendered":"<div data-elementor-type=\"wp-page\" data-elementor-id=\"37\" class=\"elementor elementor-37\" data-elementor-post-type=\"page\">\n\t\t\t\t\t\t<section class=\"elementor-section elementor-top-section elementor-element elementor-element-e5cfd49 elementor-section-boxed elementor-section-height-default elementor-section-height-default\" data-id=\"e5cfd49\" data-element_type=\"section\" data-e-type=\"section\">\n\t\t\t\t\t\t\t<div class=\"elementor-background-overlay\"><\/div>\n\t\t\t\t\t\t\t<div class=\"elementor-container elementor-column-gap-default\">\n\t\t\t\t\t<div class=\"elementor-column elementor-col-100 elementor-top-column elementor-element elementor-element-393beee\" data-id=\"393beee\" data-element_type=\"column\" data-e-type=\"column\">\n\t\t\t<div class=\"elementor-widget-wrap elementor-element-populated\">\n\t\t\t\t\t\t<div class=\"elementor-element elementor-element-2f4c82d elementor-widget elementor-widget-spacer\" data-id=\"2f4c82d\" data-element_type=\"widget\" data-e-type=\"widget\" data-widget_type=\"spacer.default\">\n\t\t\t\t<div class=\"elementor-widget-container\">\n\t\t\t\t\t\t\t<div class=\"elementor-spacer\">\n\t\t\t<div class=\"elementor-spacer-inner\"><\/div>\n\t\t<\/div>\n\t\t\t\t\t\t<\/div>\n\t\t\t\t<\/div>\n\t\t\t\t<div class=\"elementor-element elementor-element-359d038 elementor-widget elementor-widget-spacer\" data-id=\"359d038\" data-element_type=\"widget\" data-e-type=\"widget\" data-widget_type=\"spacer.default\">\n\t\t\t\t<div class=\"elementor-widget-container\">\n\t\t\t\t\t\t\t<div class=\"elementor-spacer\">\n\t\t\t<div class=\"elementor-spacer-inner\"><\/div>\n\t\t<\/div>\n\t\t\t\t\t\t<\/div>\n\t\t\t\t<\/div>\n\t\t\t\t<div class=\"elementor-element elementor-element-549f662 elementor-widget elementor-widget-text-editor\" data-id=\"549f662\" data-element_type=\"widget\" data-e-type=\"widget\" data-widget_type=\"text-editor.default\">\n\t\t\t\t<div class=\"elementor-widget-container\">\n\t\t\t\t\t\t\t\t\t<p>Probablemente ya hayas o\u00eddo hablar de este juego para m\u00f3viles que atrae a ni\u00f1os, adolescentes y adultos. Coin Master lleva casi una d\u00e9cada creciendo en popularidad. Millones de personas disfrutan jugando cada d\u00eda a esta plataforma israel\u00ed. Antes de jugar, deber\u00edas saber c\u00f3mo funciona esta aplicaci\u00f3n m\u00f3vil y de qu\u00e9 trata.<\/p><h2>Coin Master: c\u00f3mo funciona<\/h2><p>En los \u00faltimos a\u00f1os, el n\u00famero de descargas del\u00a0<strong>Monedero<\/strong>\u00a0est\u00e1 aumentando espectacularmente. M\u00e1s de 50 millones de personas de todo el mundo juegan repetidamente a este juego. El juego es muy f\u00e1cil de jugar y resulta especialmente divertido. Sobre todo, tiene un concepto original.<\/p><p>Fue en 2015 cuando apareci\u00f3 en las plataformas de descarga el juego para m\u00f3viles que m\u00e1s tarde se convertir\u00eda en un aut\u00e9ntico \u00e9xito. La empresa MoonActive acababa de crear un producto innovador y \u00fanico que robar\u00eda r\u00e1pidamente el protagonismo a los muy populares juegos para m\u00f3viles de la \u00e9poca.<\/p><p>Coin Master es un\u00a0<strong>juego gratuito para m\u00f3viles<\/strong>. Por lo tanto, es totalmente gratuito y no hay que pagar absolutamente nada para avanzar. El principio de funcionamiento de la aplicaci\u00f3n es muy sencillo. Todo lo que tienes que hacer es lanzar una m\u00e1quina tragaperras, y a cambio gastas energ\u00eda. En cuanto tu barra de energ\u00eda se vac\u00eda, tienes que esperar a que se regenere para poder volver a lanzar la tragaperras. Cada vez que lances la tragaperras, te encontrar\u00e1s con s\u00edmbolos que te dar\u00e1n la oportunidad de realizar acciones. El cerdo significa saquear, y el martillo b\u00e1sicamente te da derecho a atacar.<\/p><h2>\u00bfC\u00f3mo jugar a Coin Master?<\/h2><p>Tu objetivo como jugador de Coin Master es alcanzar el nivel m\u00e1s alto posible en el juego. Para ello, debes empezar por\u00a0<strong>construir un pueblo<\/strong>Luego tienes que mejorarlos hasta el nivel m\u00e1s alto posible para poder pasar a la siguiente aldea, y as\u00ed sucesivamente. Luego deber\u00e1s mejorarlos hasta el nivel m\u00e1s alto posible para poder pasar a la siguiente aldea, y as\u00ed sucesivamente. Para comprar y mejorar los componentes de una aldea, debes ir a la \"Tienda de la Aldea\" y gastar monedas. Tu tarea diaria es movilizar una gran cantidad de monedas. S\u00f3lo tienes que poner en marcha la m\u00e1quina tragaperras. Cuando aparezcan 3 monedas o 3 monederos, obtendr\u00e1s monedas que podr\u00e1s utilizar para mejorar tu aldea.<\/p><p>Cuando te encuentres con 3 cabezas de cerdo enmascaradas, obtendr\u00e1s lo que se llama el Maestro de la Moneda. Entonces tendr\u00e1s que saquear a un jugador completamente aleatorio que tiene muchas m\u00e1s monedas que t\u00fa. Depende de ti encontrar la manera de conseguir tantas monedas como sea posible para acelerar tu\u00a0<strong>desarrollo en el juego<\/strong>. Cuando, tras lanzar la m\u00e1quina, te encuentres con 3 martillos, podr\u00e1s atacar a un jugador al azar. Tambi\u00e9n puedes elegir tu objetivo entre tus amigos de Facebook. Incluso puedes vengarte de un jugador que haya atacado tu aldea.<\/p><p>La m\u00e1quina puede ponerse en marcha unas 50 veces al d\u00eda. Basta con pulsar el bot\u00f3n \"spin\" cada vez para ponerla en marcha.<\/p><p><strong>Un peque\u00f1o consejo<\/strong>\u00a0Mantenga pulsado el bot\u00f3n durante unos segundos y la m\u00e1quina se pondr\u00e1 en marcha sistem\u00e1ticamente sin que tenga que hacer clic cada vez.<\/p><p>A medida que subes de nivel, ganas m\u00e1s esquinas. Tambi\u00e9n obtienes acceso a caracter\u00edsticas m\u00e1s interesantes. Por ejemplo, cuando llegues a la cuarta aldea, podr\u00e1s desbloquear un animal y coleccionar cartas coleccionables. Cuando c<strong>ompilar una colecci\u00f3n de cartas<\/strong>Ganas recompensas. En cuanto a los animales, cada uno proporciona una funci\u00f3n de bonificaci\u00f3n.<\/p><p>Si puedes atacar a jugadores, esto significa que tambi\u00e9n puedes ser atacado por otros jugadores. Por lo tanto, tus rincones pueden ser saqueados. Sin embargo, puedes protegerte temporalmente de un ataque. Para ello, deber\u00e1s conseguir 3 escudos despu\u00e9s de hacer rodar la rueda. Si consigues alinear 3 pilas, podr\u00e1s<strong>\u00a0gana 10 tiradas extra<\/strong>10 oportunidades para saquear a un jugador, conseguir esquinas o proteger tu aldea.<\/p><h2>\u00bfC\u00f3mo puedo crear una cuenta Coin Master?<\/h2><p>Para jugar a Coin Master y disfrutar de las muchas ventajas que ofrece el juego, primero debes<strong>\u00a0crear una cuenta<\/strong>. El proceso es muy sencillo y solo te llevar\u00e1 unos minutos. Todo lo que tienes que hacer es ir a una tienda de aplicaciones, en este caso App Store o Play Store. A continuaci\u00f3n, tendr\u00e1s que descargar el juego e instalarlo.<\/p><p>Una vez abierta la aplicaci\u00f3n, se le presentar\u00e1n dos opciones. La primera te pide que juegues como invitado, mientras que la segunda te sugiere que juegues con amigos. T\u00fa eliges la opci\u00f3n que m\u00e1s te convenga. Sigue las instrucciones y\u00a0<strong>finalice su inscripci\u00f3n<\/strong>. Ya tienes una cuenta Coin Master y puedes empezar a jugar.<\/p><h3>\u00bfDeber\u00edas vincular tu cuenta Coin Master a otra red?<\/h3><p>Al registrarse en Coin Master, lo mejor es elegir la opci\u00f3n de jugar con amigos. A continuaci\u00f3n, se le pedir\u00e1 que vincule su cuenta con una red social. Puede ser Facebook, Google, Amazon o iTunes. Esta soluci\u00f3n le da una ventaja mucho mayor en t\u00e9rminos de retenci\u00f3n de datos.<\/p><p>Existen otras ventajas interesantes asociadas a la vinculaci\u00f3n de un\u00a0<strong>Cuenta Coin Master<\/strong>\u00a0a una cuenta de una red social. Sin embargo, si solo piensas probar el juego, sin encari\u00f1arte demasiado con \u00e9l, no dudes en registrarte como invitado.<\/p><h3>\u00bfPor qu\u00e9 vincular tu cuenta Coin Master a Facebook?<\/h3><p>En principio, no es obligatorio vincular tu cuenta Coin Master a Facebook. Sin embargo, hacerlo te dar\u00e1 muchas ventajas. Para progresar r\u00e1pidamente en este juego, necesitas conseguir monedas. Pero las<strong>\u00a0giros diarios<\/strong>\u00a0que ofrece la aplicaci\u00f3n no siempre son suficientes para acumular la cantidad de monedas que necesitas. Si vinculas tu cuenta a Facebook, recibir\u00e1s monedas o tiradas extra. Entonces puedes invitar a tus amigos a unirse al juego. Cada invitaci\u00f3n te da derecho a 40 tiradas extra. Cuando llegues a 180 amigos invitados, recibir\u00e1s regalos especiales.<\/p><p>En\u00a0<strong>vincular tu cuenta de Facebook a Coin Master<\/strong>Puedes unirte a una comunidad de amigos que te ayudar\u00e1n a progresar r\u00e1pidamente. Puedes aprender consejos, trucos y estrategias para construir tu aldea. Coin Master te permite intercambiar sorteos, cartas y otros beneficios con tus amigos en Facebook. Incluso puedes unirte a grupos dedicados a la aplicaci\u00f3n para mejorar tus conocimientos.<\/p><p>Al vincular tu cuenta a Facebook, puedes evitar la p\u00e9rdida de tus datos. Tu<strong>\u00a0se registran los progresos<\/strong>\u00a0y se mantiene en tiempo real. Si la aplicaci\u00f3n se elimina por cualquier motivo, puede estar seguro de que su cuenta se encontrar\u00e1, incluso a\u00f1os despu\u00e9s.<\/p><h2>Consejos para principiantes<\/h2><p>Para progresar en el juego Coin Master cuando est\u00e1s empezando, necesitas una estrategia. Aqu\u00ed tienes algunos consejos que<strong>\u00a0Monedero superior<\/strong>\u00a0te ofrece.<\/p><h3>Est\u00e9 atento a los actos<\/h3><p>Peri\u00f3dicamente se organizan eventos en el juego Coin Master. Si quieres progresar m\u00e1s r\u00e1pido, siempre debes intentar participar en ellos. Te permiten ganar un gran n\u00famero de tiradas extra, o una gran cantidad de monedas. En\u00a0<strong>primas en juego<\/strong>\u00a0en los eventos son mucho m\u00e1s sustanciosas que las que puede ganar realizando uno o tres ataques al d\u00eda. As\u00ed que mantente siempre alerta y haz el esfuerzo de participar en estos eventos ocasionales.<\/p><h3>Elija el animal adecuado<\/h3><p>En Coin Master, los animales desempe\u00f1an un papel muy importante. Al principio, no tienes ninguno. A partir de cierto nivel, esta caracter\u00edstica se desbloquea. Puedes elegir entre 3 mascotas, y s\u00f3lo tienes que quedarte con una. Para hacer tu elecci\u00f3n, tendr\u00e1s que basarte en la\u00a0<strong>especificidades de cada animal<\/strong>.<\/p><h4>El zorro<\/h4><p>Cuando elija<strong>\u00a0el zorro<\/strong>\u00a0Como mascota, obtienes una bonificaci\u00f3n cuando cavas el cuarto hoyo en un ataque. Te permite ganar tantas esquinas como sea posible.<\/p><h4>El rinoceronte<\/h4><p>Esta mascota le ofrece una\u00a0<strong>bonificaci\u00f3n de defensa<\/strong>. Protege su pueblo contra los asaltos m\u00e1s eficaces.<\/p><h4>El tigre<\/h4><p>Te da una bonificaci\u00f3n cuando atacas a otras aldeas. Aunque tu objetivo tenga escudos, podr\u00e1s saquearlo.<\/p><p>Para\u00a0<strong>elegir su mascota<\/strong>Si no tiene previsto abrir la aplicaci\u00f3n con regularidad, lo mejor es elegir el rinoceronte. Si no piensas abrir la aplicaci\u00f3n con regularidad, lo mejor es elegir el rinoceronte. Esto proteger\u00e1 tu aldea de repetidos asaltos. Por otro lado, un jugador acostumbrado a lanzar ataques deber\u00eda acompa\u00f1arse del tigre. El zorro tambi\u00e9n es adecuado para este tipo de perfil. Elijas el que elijas, aseg\u00farate de mantener tu\u00a0<strong>mascota activa<\/strong>. Adem\u00e1s, intenta mejorarlo para que sea m\u00e1s eficaz.<\/p><p>A medida que avances en el juego, no dudes en consultar nuestro sitio web para obtener informaci\u00f3n sobre<strong>\u00a0estrategias a adoptar<\/strong>\u00a0evolucionar m\u00e1s f\u00e1cilmente.<\/p>\t\t\t\t\t\t\t\t<\/div>\n\t\t\t\t<\/div>\n\t\t\t\t\t<\/div>\n\t\t<\/div>\n\t\t\t\t\t<\/div>\n\t\t<\/section>\n\t\t\t\t<\/div>","protected":false},"excerpt":{"rendered":"<p>Vous avez probablement d\u00e9j\u00e0 entendu parler de ce jeu mobile qui attire enfants, ado et adultes. Depuis bient\u00f4t une d\u00e9cennie, Coin Master ne cesse de grandir en popularit\u00e9. Des millions de personnes prennent chaque jour du plaisir \u00e0 se connecter \u00e0 cette plateforme d&rsquo;origine isra\u00e9lienne. Avant de jouer, vous devez conna\u00eetre le principe de fonctionnement [&hellip;]<\/p>\n","protected":false},"author":2,"featured_media":0,"parent":0,"menu_order":0,"comment_status":"closed","ping_status":"closed","template":"elementor_header_footer","meta":{"site-sidebar-layout":"default","site-content-layout":"default","ast-site-content-layout":"default","site-content-style":"default","site-sidebar-style":"default","ast-global-header-display":"","ast-banner-title-visibility":"","ast-main-header-display":"","ast-hfb-above-header-display":"","ast-hfb-below-header-display":"","ast-hfb-mobile-header-display":"","site-post-title":"","ast-breadcrumbs-content":"","ast-featured-img":"","footer-sml-layout":"","ast-disable-related-posts":"","theme-transparent-header-meta":"default","adv-header-id-meta":"","stick-header-meta":"","header-above-stick-meta":"","header-main-stick-meta":"","header-below-stick-meta":"","astra-migrate-meta-layouts":"default","ast-page-background-enabled":"default","ast-page-background-meta":{"desktop":{"background-color":"","background-image":"","background-repeat":"repeat","background-position":"center center","background-size":"auto","background-attachment":"scroll","background-type":"","background-media":"","overlay-type":"","overlay-color":"","overlay-opacity":"","overlay-gradient":""},"tablet":{"background-color":"","background-image":"","background-repeat":"repeat","background-position":"center center","background-size":"auto","background-attachment":"scroll","background-type":"","background-media":"","overlay-type":"","overlay-color":"","overlay-opacity":"","overlay-gradient":""},"mobile":{"background-color":"","background-image":"","background-repeat":"repeat","background-position":"center center","background-size":"auto","background-attachment":"scroll","background-type":"","background-media":"","overlay-type":"","overlay-color":"","overlay-opacity":"","overlay-gradient":""}},"ast-content-background-meta":{"desktop":{"background-color":"var(--ast-global-color-5)","background-image":"","background-repeat":"repeat","background-position":"center center","background-size":"auto","background-attachment":"scroll","background-type":"","background-media":"","overlay-type":"","overlay-color":"","overlay-opacity":"","overlay-gradient":""},"tablet":{"background-color":"var(--ast-global-color-5)","background-image":"","background-repeat":"repeat","background-position":"center center","background-size":"auto","background-attachment":"scroll","background-type":"","background-media":"","overlay-type":"","overlay-color":"","overlay-opacity":"","overlay-gradient":""},"mobile":{"background-color":"var(--ast-global-color-5)","background-image":"","background-repeat":"repeat","background-position":"center center","background-size":"auto","background-attachment":"scroll","background-type":"","background-media":"","overlay-type":"","overlay-color":"","overlay-opacity":"","overlay-gradient":""}},"footnotes":""},"class_list":["post-37","page","type-page","status-publish","hentry"],"yoast_head":"<!-- This site is optimized with the Yoast SEO plugin v27.3 - https:\/\/yoast.com\/product\/yoast-seo-wordpress\/ -->\n<title>Guide d\u00e9butant : comment jouer, cr\u00e9er un compte, comprendre les m\u00e9caniques de base - Top Coin Master<\/title>\n<meta name=\"robots\" content=\"index, follow, max-snippet:-1, max-image-preview:large, max-video-preview:-1\" \/>\n<link rel=\"canonical\" href=\"https:\/\/topcoinmaster.com\/es\/como-crear\/\" \/>\n<meta property=\"og:locale\" content=\"es_ES\" \/>\n<meta property=\"og:type\" content=\"article\" \/>\n<meta property=\"og:title\" content=\"Guide d\u00e9butant : comment jouer, cr\u00e9er un compte, comprendre les m\u00e9caniques de base - Top Coin Master\" \/>\n<meta property=\"og:description\" content=\"Vous avez probablement d\u00e9j\u00e0 entendu parler de ce jeu mobile qui attire enfants, ado et adultes. Depuis bient\u00f4t une d\u00e9cennie, Coin Master ne cesse de grandir en popularit\u00e9. Des millions de personnes prennent chaque jour du plaisir \u00e0 se connecter \u00e0 cette plateforme d&rsquo;origine isra\u00e9lienne. Avant de jouer, vous devez conna\u00eetre le principe de fonctionnement [&hellip;]\" \/>\n<meta property=\"og:url\" content=\"https:\/\/topcoinmaster.com\/es\/como-crear\/\" \/>\n<meta property=\"og:site_name\" content=\"Top Coin Master\" \/>\n<meta property=\"article:modified_time\" content=\"2023-03-24T22:04:24+00:00\" \/>\n<meta name=\"twitter:card\" content=\"summary_large_image\" \/>\n<meta name=\"twitter:label1\" content=\"Tiempo de lectura\" \/>\n\t<meta name=\"twitter:data1\" content=\"8 minutos\" \/>\n<script type=\"application\/ld+json\" class=\"yoast-schema-graph\">{\"@context\":\"https:\\\/\\\/schema.org\",\"@graph\":[{\"@type\":\"WebPage\",\"@id\":\"https:\\\/\\\/topcoinmaster.com\\\/guide-debutant\\\/\",\"url\":\"https:\\\/\\\/topcoinmaster.com\\\/guide-debutant\\\/\",\"name\":\"Guide d\u00e9butant : comment jouer, cr\u00e9er un compte, comprendre les m\u00e9caniques de base - Top Coin Master\",\"isPartOf\":{\"@id\":\"https:\\\/\\\/topcoinmaster.com\\\/#website\"},\"datePublished\":\"2020-10-19T18:29:27+00:00\",\"dateModified\":\"2023-03-24T22:04:24+00:00\",\"breadcrumb\":{\"@id\":\"https:\\\/\\\/topcoinmaster.com\\\/guide-debutant\\\/#breadcrumb\"},\"inLanguage\":\"es\",\"potentialAction\":[{\"@type\":\"ReadAction\",\"target\":[\"https:\\\/\\\/topcoinmaster.com\\\/guide-debutant\\\/\"]}]},{\"@type\":\"BreadcrumbList\",\"@id\":\"https:\\\/\\\/topcoinmaster.com\\\/guide-debutant\\\/#breadcrumb\",\"itemListElement\":[{\"@type\":\"ListItem\",\"position\":1,\"name\":\"Accueil\",\"item\":\"https:\\\/\\\/topcoinmaster.com\\\/\"},{\"@type\":\"ListItem\",\"position\":2,\"name\":\"Guide d\u00e9butant : comment jouer, cr\u00e9er un compte, comprendre les m\u00e9caniques de base\"}]},{\"@type\":\"WebSite\",\"@id\":\"https:\\\/\\\/topcoinmaster.com\\\/#website\",\"url\":\"https:\\\/\\\/topcoinmaster.com\\\/\",\"name\":\"Top Coin Master\",\"description\":\"\",\"publisher\":{\"@id\":\"https:\\\/\\\/topcoinmaster.com\\\/#organization\"},\"potentialAction\":[{\"@type\":\"SearchAction\",\"target\":{\"@type\":\"EntryPoint\",\"urlTemplate\":\"https:\\\/\\\/topcoinmaster.com\\\/?s={search_term_string}\"},\"query-input\":{\"@type\":\"PropertyValueSpecification\",\"valueRequired\":true,\"valueName\":\"search_term_string\"}}],\"inLanguage\":\"es\"},{\"@type\":\"Organization\",\"@id\":\"https:\\\/\\\/topcoinmaster.com\\\/#organization\",\"name\":\"Top Coin Master\",\"url\":\"https:\\\/\\\/topcoinmaster.com\\\/\",\"logo\":{\"@type\":\"ImageObject\",\"inLanguage\":\"es\",\"@id\":\"https:\\\/\\\/topcoinmaster.com\\\/#\\\/schema\\\/logo\\\/image\\\/\",\"url\":\"https:\\\/\\\/topcoinmaster.com\\\/wp-content\\\/uploads\\\/2023\\\/03\\\/logo.png\",\"contentUrl\":\"https:\\\/\\\/topcoinmaster.com\\\/wp-content\\\/uploads\\\/2023\\\/03\\\/logo.png\",\"width\":722,\"height\":69,\"caption\":\"Top Coin Master\"},\"image\":{\"@id\":\"https:\\\/\\\/topcoinmaster.com\\\/#\\\/schema\\\/logo\\\/image\\\/\"}}]}<\/script>\n<!-- \/ Yoast SEO plugin. -->","yoast_head_json":{"title":"Gu\u00eda para principiantes: c\u00f3mo jugar, crear una cuenta, entender la mec\u00e1nica b\u00e1sica - Top Coin Master","robots":{"index":"index","follow":"follow","max-snippet":"max-snippet:-1","max-image-preview":"max-image-preview:large","max-video-preview":"max-video-preview:-1"},"canonical":"https:\/\/topcoinmaster.com\/es\/como-crear\/","og_locale":"es_ES","og_type":"article","og_title":"Guide d\u00e9butant : comment jouer, cr\u00e9er un compte, comprendre les m\u00e9caniques de base - Top Coin Master","og_description":"Vous avez probablement d\u00e9j\u00e0 entendu parler de ce jeu mobile qui attire enfants, ado et adultes. Depuis bient\u00f4t une d\u00e9cennie, Coin Master ne cesse de grandir en popularit\u00e9. Des millions de personnes prennent chaque jour du plaisir \u00e0 se connecter \u00e0 cette plateforme d&rsquo;origine isra\u00e9lienne. Avant de jouer, vous devez conna\u00eetre le principe de fonctionnement [&hellip;]","og_url":"https:\/\/topcoinmaster.com\/es\/como-crear\/","og_site_name":"Top Coin Master","article_modified_time":"2023-03-24T22:04:24+00:00","twitter_card":"summary_large_image","twitter_misc":{"Tiempo de lectura":"8 minutos"},"schema":{"@context":"https:\/\/schema.org","@graph":[{"@type":"WebPage","@id":"https:\/\/topcoinmaster.com\/guide-debutant\/","url":"https:\/\/topcoinmaster.com\/guide-debutant\/","name":"Gu\u00eda para principiantes: c\u00f3mo jugar, crear una cuenta, entender la mec\u00e1nica b\u00e1sica - Top Coin Master","isPartOf":{"@id":"https:\/\/topcoinmaster.com\/#website"},"datePublished":"2020-10-19T18:29:27+00:00","dateModified":"2023-03-24T22:04:24+00:00","breadcrumb":{"@id":"https:\/\/topcoinmaster.com\/guide-debutant\/#breadcrumb"},"inLanguage":"es","potentialAction":[{"@type":"ReadAction","target":["https:\/\/topcoinmaster.com\/guide-debutant\/"]}]},{"@type":"BreadcrumbList","@id":"https:\/\/topcoinmaster.com\/guide-debutant\/#breadcrumb","itemListElement":[{"@type":"ListItem","position":1,"name":"Accueil","item":"https:\/\/topcoinmaster.com\/"},{"@type":"ListItem","position":2,"name":"Guide d\u00e9butant : comment jouer, cr\u00e9er un compte, comprendre les m\u00e9caniques de base"}]},{"@type":"WebSite","@id":"https:\/\/topcoinmaster.com\/#website","url":"https:\/\/topcoinmaster.com\/","name":"Monedero superior","description":"","publisher":{"@id":"https:\/\/topcoinmaster.com\/#organization"},"potentialAction":[{"@type":"SearchAction","target":{"@type":"EntryPoint","urlTemplate":"https:\/\/topcoinmaster.com\/?s={search_term_string}"},"query-input":{"@type":"PropertyValueSpecification","valueRequired":true,"valueName":"search_term_string"}}],"inLanguage":"es"},{"@type":"Organization","@id":"https:\/\/topcoinmaster.com\/#organization","name":"Monedero superior","url":"https:\/\/topcoinmaster.com\/","logo":{"@type":"ImageObject","inLanguage":"es","@id":"https:\/\/topcoinmaster.com\/#\/schema\/logo\/image\/","url":"https:\/\/topcoinmaster.com\/wp-content\/uploads\/2023\/03\/logo.png","contentUrl":"https:\/\/topcoinmaster.com\/wp-content\/uploads\/2023\/03\/logo.png","width":722,"height":69,"caption":"Top Coin Master"},"image":{"@id":"https:\/\/topcoinmaster.com\/#\/schema\/logo\/image\/"}}]}},"_links":{"self":[{"href":"https:\/\/topcoinmaster.com\/es\/wp-json\/wp\/v2\/pages\/37","targetHints":{"allow":["GET"]}}],"collection":[{"href":"https:\/\/topcoinmaster.com\/es\/wp-json\/wp\/v2\/pages"}],"about":[{"href":"https:\/\/topcoinmaster.com\/es\/wp-json\/wp\/v2\/types\/page"}],"author":[{"embeddable":true,"href":"https:\/\/topcoinmaster.com\/es\/wp-json\/wp\/v2\/users\/2"}],"replies":[{"embeddable":true,"href":"https:\/\/topcoinmaster.com\/es\/wp-json\/wp\/v2\/comments?post=37"}],"version-history":[{"count":45,"href":"https:\/\/topcoinmaster.com\/es\/wp-json\/wp\/v2\/pages\/37\/revisions"}],"predecessor-version":[{"id":539,"href":"https:\/\/topcoinmaster.com\/es\/wp-json\/wp\/v2\/pages\/37\/revisions\/539"}],"wp:attachment":[{"href":"https:\/\/topcoinmaster.com\/es\/wp-json\/wp\/v2\/media?parent=37"}],"curies":[{"name":"wp","href":"https:\/\/api.w.org\/{rel}","templated":true}]}}