{"id":534,"date":"2023-03-24T23:05:26","date_gmt":"2023-03-24T22:05:26","guid":{"rendered":"https:\/\/topcoinmaster.com\/?page_id=534"},"modified":"2023-03-25T11:07:52","modified_gmt":"2023-03-25T10:07:52","slug":"guide-avance","status":"publish","type":"page","link":"https:\/\/topcoinmaster.com\/es\/guide-avance\/","title":{"rendered":"Gu\u00eda avanzada: estrategias para construir aldeas, ganar batallas, etc."},"content":{"rendered":"<div data-elementor-type=\"wp-page\" data-elementor-id=\"534\" class=\"elementor elementor-534\" data-elementor-post-type=\"page\">\n\t\t\t\t\t\t<section class=\"elementor-section elementor-top-section elementor-element elementor-element-2e75d80 elementor-section-boxed elementor-section-height-default elementor-section-height-default\" data-id=\"2e75d80\" data-element_type=\"section\" data-e-type=\"section\">\n\t\t\t\t\t\t\t<div class=\"elementor-background-overlay\"><\/div>\n\t\t\t\t\t\t\t<div class=\"elementor-container elementor-column-gap-default\">\n\t\t\t\t\t<div class=\"elementor-column elementor-col-100 elementor-top-column elementor-element elementor-element-72da2fc\" data-id=\"72da2fc\" data-element_type=\"column\" data-e-type=\"column\">\n\t\t\t<div class=\"elementor-widget-wrap elementor-element-populated\">\n\t\t\t\t\t\t<div class=\"elementor-element elementor-element-e948e96 elementor-widget elementor-widget-spacer\" data-id=\"e948e96\" data-element_type=\"widget\" data-e-type=\"widget\" data-widget_type=\"spacer.default\">\n\t\t\t\t<div class=\"elementor-widget-container\">\n\t\t\t\t\t\t\t<div class=\"elementor-spacer\">\n\t\t\t<div class=\"elementor-spacer-inner\"><\/div>\n\t\t<\/div>\n\t\t\t\t\t\t<\/div>\n\t\t\t\t<\/div>\n\t\t\t\t<div class=\"elementor-element elementor-element-762a5ba elementor-widget elementor-widget-spacer\" data-id=\"762a5ba\" data-element_type=\"widget\" data-e-type=\"widget\" data-widget_type=\"spacer.default\">\n\t\t\t\t<div class=\"elementor-widget-container\">\n\t\t\t\t\t\t\t<div class=\"elementor-spacer\">\n\t\t\t<div class=\"elementor-spacer-inner\"><\/div>\n\t\t<\/div>\n\t\t\t\t\t\t<\/div>\n\t\t\t\t<\/div>\n\t\t\t\t<div class=\"elementor-element elementor-element-f40df59 elementor-widget elementor-widget-text-editor\" data-id=\"f40df59\" data-element_type=\"widget\" data-e-type=\"widget\" data-widget_type=\"text-editor.default\">\n\t\t\t\t<div class=\"elementor-widget-container\">\n\t\t\t\t\t\t\t\t\t<p>Sencillo, divertido y f\u00e1cil de jugar, Coin Master es un juego que destaca por su excepcional jugabilidad y sus numerosas bazas. Si llevas tiempo jug\u00e1ndolo, sabr\u00e1s lo emocionante que es pasar de un nivel a otro. No importa lo experimentado que seas, encontrar\u00e1s dificultades a medida que avances. Aqu\u00ed tienes algunos consejos de Top Coin Master que te ayudar\u00e1n a superar el juego m\u00e1s f\u00e1cilmente.<\/p><h2>Consejos para conseguir m\u00e1s monedas en Coin Master<\/h2><p>Para conseguir m\u00e1s monedas en este juego, tendr\u00e1s que utilizar estrategias, pero tambi\u00e9n paciencia. Estos son algunos consejos que definitivamente debe tratar de poner en pr\u00e1ctica.<\/p><h3>Consigue siempre la prima del d\u00eda<\/h3><p>Para progresar r\u00e1pidamente en el mundo de Coin Master, necesitas\u00a0<strong>m\u00e1s piezas<\/strong>. Las 50 tiradas ofrecidas diariamente no ser\u00e1n suficientes para acelerar tu progreso. Tu objetivo ser\u00e1 explorar todas las dem\u00e1s formas de conseguir esquinas.<\/p><p>Cada d\u00eda, el juego te ofrece una bonificaci\u00f3n despu\u00e9s de conectarte. Esta bonificaci\u00f3n puede representar una cantidad importante de monedas si la acumulas durante varios d\u00edas. As\u00ed que no dudes en conectarte regularmente para conseguir esta\u00a0<strong>peque\u00f1o bono<\/strong>. S\u00f3lo te llevar\u00e1 unos segundos, e incluso puedes usarlo para lanzar tus 50 tiradas diarias.<\/p><p>Si el tiempo te lo permite, con\u00e9ctate cada hora para conseguir las 5 tiradas extra que ofrece la aplicaci\u00f3n. Esto aumentar\u00e1 tus posibilidades de hacer botines importantes y conseguir un\u00a0<strong>gran n\u00famero de esquinas<\/strong>.<\/p><h3>Invita a tus amigos de Facebook<\/h3><p>Cuando creaste tu cuenta de Coin Master, se te pidi\u00f3 que vincularas tu cuenta de Facebook. Si no lo hiciste, a\u00fan puedes solucionarlo. Solo tienes que ir a la configuraci\u00f3n y seguir las instrucciones, que son muy claras. Despu\u00e9s solo tienes que invitar a tus amigos a unirse al juego.<\/p><p>La ventaja es que con cada invitaci\u00f3n obtienes considerables bonificaciones. Puede conseguir hasta\u00a0<strong>40 tiradas extra<\/strong>\u00a0por cada persona invitada. As\u00ed que no dudes en maximizar el n\u00famero de invitaciones y aumentar as\u00ed tus posibilidades de conseguir m\u00e1s monedas.<\/p><h3>Participar en actos<\/h3><p>De vez en cuando se organizan eventos en el juego. La mayor\u00eda de ellos son muy interesantes y puedes conseguir grandes recompensas. Todo lo que tienes que hacer es seguir las instrucciones y participar. En principio, debes\u00a0<strong>obtener beneficios<\/strong>\u00a0que puedes utilizar para construir tu aldea. Las recompensas de los eventos no siempre son monedas, pero siempre son muy \u00fatiles. As\u00ed que participa todo lo que puedas.<\/p><table><thead><tr><th>Colecci\u00f3n<\/th><th>Recompensa<\/th><\/tr><\/thead><tbody><tr><td>Criaturas m\u00edticas<\/td><td>50.000 monedas + 10 tiradas + 1 escudo<\/td><\/tr><tr><td>Deidades egipcias<\/td><td>100.000 monedas + 20 tiradas + 2 escudos<\/td><\/tr><tr><td>Reino de las Hadas<\/td><td>250.000 monedas + 50 tiradas + 3 escudos<\/td><\/tr><\/tbody><\/table><h2>\u00bfC\u00f3mo progresar r\u00e1pidamente en Coin Master?<\/h2><p>Para alcanzar el nivel m\u00e1s alto posible en este juego, no bastar\u00e1 con recoger monedas a diario. Tienes que recoger otros elementos, pero sobre todo tienes que adoptar una buena estrategia de defensa.<\/p><h3>Completa las colecciones de cartas<\/h3><p>A medida que mejores tus aldeas en Coin Master, desbloquear\u00e1s nuevas colecciones de cartas. Cada colecci\u00f3n representa una bonificaci\u00f3n. Tu misi\u00f3n es reunir todas las cartas de cada colecci\u00f3n para\u00a0<strong>obtener la bonificaci\u00f3n<\/strong>\u00a0asociado a ella. Esto suele ser muy interesante y le ayudar\u00e1 a progresar notablemente.<\/p><p>Lo ideal es completar cada colecci\u00f3n de cartas disponibles antes de pasar a una aldea superior. Despu\u00e9s ser\u00e1 muy dif\u00edcil conseguir algunas de las cartas. Aunque tu objetivo sea pasar r\u00e1pidamente a la\u00a0<strong>niveles superiores<\/strong>No te precipites. Puedes quedarte atascado durante d\u00edas en ciertas fases, simplemente porque te faltan algunos objetos que podr\u00edas haber conseguido m\u00e1s f\u00e1cilmente. Para completar las colecciones de cartas, puedes usar tus esquinas para comprar cofres en la tienda. Si tienes cartas duplicadas, tambi\u00e9n puedes intercambiarlas por las que te faltan con tus amigos.<\/p><h3>Gasta tus monedas estrat\u00e9gicamente<\/h3><p>Los rincones que recuperes despu\u00e9s de haberlos hecho debes gestionarlos de forma inteligente y cuidadosa. Debes utilizarlas para comprar los objetos que necesitas para tu aldea, o para hacer mejoras en los momentos adecuados. A veces, las monedas deben utilizarse para invertir en la compra de <strong>cajas de cart\u00f3n<\/strong>. De ti depende analizar el valor de cada gasto antes de realizarlo. Una mala inversi\u00f3n de tus monedas te perjudicar\u00e1 a la larga, y no har\u00e1s m\u00e1s que tantear el terreno. As\u00ed que s\u00e9 meticuloso en la gesti\u00f3n de tus rincones.<\/p><p>Antes de poner en marcha la m\u00e1quina, debe saber de antemano lo que piensa mejorar. As\u00ed guardar\u00e1 sus turnos para ocasiones m\u00e1s importantes.<\/p><h3>Evite guardar demasiadas monedas<\/h3><p>A cierto nivel del juego, puede ser muy interesante tener un buen stock de c\u00f3rners. Los grandes jugadores del mundo tienen muchos. Pero antes de llegar a esa fase, y siempre que utilices sus estrategias, debes evitar dejar muchas monedas en tu aldea. De lo contrario, te convertir\u00e1s en un objetivo popular para muchos otros jugadores, especialmente tus amigos. Todos los esfuerzos que hubieras hecho para acumular tantas monedas habr\u00edan sido en vano. Por lo tanto, en cuanto acumules un n\u00famero determinado de monedas, no dudes en\u00a0<strong>g\u00e1stalo en mejorar tu pueblo<\/strong>.<\/p><p>El \u00fanico momento en el que puedes permitirte no invertir tus esquinas es cuando tienes un escudo protegiendo tu aldea. Aparte de eso, es un riesgo innecesario.<\/p><h3>Evita atacar a tus amigos<\/h3><p>No tiene sentido declarar la guerra a tus amigos. Pueden tomar represalias en cualquier momento, y se convertir\u00eda en una batalla interminable. Es cierto que movilizar\u00e1s muchos recursos saqueando, pero esto no te servir\u00e1 de nada, ya que tus amigos siempre encontrar\u00e1n la forma de conseguirlo todo. Para progresar m\u00e1s f\u00e1cilmente en el juego, no te\u00a0<strong>nunca el primero en lanzar una incursi\u00f3n<\/strong>\u00a0contra un amigo de Facebook.<\/p><p>Si has sido v\u00edctima de una agresi\u00f3n por parte de alguien cercano, tambi\u00e9n puedes evitar tomar represalias. De este modo, no fomentas un posible conflicto que no te beneficiar\u00eda. Si un amigo persiste en atacarte a pesar de tu\u00a0<strong>negativa a contraatacar<\/strong>No dudes en hablar con \u00e9l. Puedes escribirle a trav\u00e9s de Facebook para pedirle educadamente que ponga fin a estos incesantes asaltos a tu pueblo.<\/p><h2>\u00bfC\u00f3mo proteges tu aldea en Coin Master?<\/h2><p>Al sufrir constantes ataques, te resultar\u00e1 dif\u00edcil progresar en el juego <a href=\"https:\/\/topcoinmaster.com\/es\/\">Monedero<\/a>. Tendr\u00e1s que encontrar formas eficaces de proteger tu aldea, especialmente cuando est\u00e9s en un nivel avanzado.<\/p><h3>Recoger escudos<\/h3><p>Si est\u00e1s en un nivel avanzado en Coin Master, conocer\u00e1s la importancia de los escudos. Te protegen de los ataques de otros jugadores. Un escudo es una protecci\u00f3n contra un ataque. Cuanto m\u00e1s avances en el juego, m\u00e1s posibilidades tendr\u00e1s de\u00a0<strong>acumular varios escudos<\/strong>.<\/p><p>El peque\u00f1o consejo que te damos es que consigas al menos 3 escudos antes de proceder a construir una aldea. Mientras no est\u00e9s listo para finalizar la mejora de una aldea, no gastes dinero sin un escudo. Puede que tengas que empezar de nuevo tras repetidos ataques.<\/p><h3>Adopte el rinoceronte<\/h3><p>Desde la cuarta aldea, has elegido un animal de compa\u00f1\u00eda, sobre todo en funci\u00f3n de tus necesidades. Esta elecci\u00f3n no es definitiva. Aunque hubieras elegido el zorro o el tigre, siempre puedes cambiar de mascota. En la fase defensiva, el rinoceronte es la mejor opci\u00f3n. Ser\u00e1 muy \u00fatil si tienes\u00a0<strong>muchos rincones que proteger<\/strong>Tambi\u00e9n puedes utilizarlo como mecanismo de defensa si acabas de empezar a construir en tu aldea. Sin embargo, tendr\u00e1s que mantenerlo activo para que pueda cumplir su funci\u00f3n de defensa. Piensa tambi\u00e9n en mejorar su nivel para que sea m\u00e1s eficaz.<\/p><table><thead><tr><th>empresa<\/th><th>Beneficio principal<\/th><th>Nivel de desbloqueo<\/th><\/tr><\/thead><tbody><tr><td>Rinoceronte<\/td><td>Protege a la aldea de los ataques<\/td><td>4<\/td><\/tr><tr><td>Fox<\/td><td>Encuentra monedas extra durante una incursi\u00f3n<\/td><td>4<\/td><\/tr><tr><td>Tigre<\/td><td>Aumenta las ganancias de ataque<\/td><td>4<\/td><\/tr><\/tbody><\/table><h3>Construye pueblos s\u00f3lo cuando dispongas de recursos<\/h3><p>Al principio del juego, puedes permitirte construir tus aldeas a toda prisa. Pero cuando llegues a cierto nivel, es importante ser paciente. La forma m\u00e1s f\u00e1cil de proteger tu aldea es no construirla. D\u00e9jala completamente vac\u00eda hasta que tengas los recursos para\u00a0<strong>el<\/strong>\u00a0<strong>construir de una vez<\/strong>. De esta forma, tus amigos no tendr\u00e1n ning\u00fan inter\u00e9s en atacarte, e incluso si lo hacen, no tendr\u00e1n ning\u00fan edificio que destruir. Cuando est\u00e9s listo, construye tu aldea, luego pasa a la siguiente, y as\u00ed sucesivamente.<\/p><p>Si no sabe cu\u00e1ntas piezas se necesitan para completar la actualizaci\u00f3n de un pueblo, consulte nuestra plataforma. En\u00a0<strong>Monedero superior<\/strong>Te hemos proporcionado toda la informaci\u00f3n que necesitas para progresar. Por ejemplo, para completar la 18\u00aa aldea, Wonderland, necesitar\u00e1s al menos 67 millones, mientras que en Coin Manor necesitar\u00e1s 109 millones. M\u00e1s adelante, en Yankee, en la aldea 126, necesitar\u00e1s 9.200 millones. A partir de la aldea 277, necesitar\u00e1s al menos 1 bill\u00f3n.<\/p><table><thead><tr><th>N\u00famero del pueblo<\/th><th>Nombre del pueblo<\/th><th>Costes de construcci\u00f3n<\/th><\/tr><\/thead><tbody><tr><td>1<\/td><td>Tierra de vikingos<\/td><td>3,1 millones de euros<\/td><\/tr><tr><td>18<\/td><td>Wonderland<\/td><td>67 millones de euros<\/td><\/tr><tr><td>50<\/td><td>Mansi\u00f3n esquinera<\/td><td>109 millones de euros<\/td><\/tr><tr><td>126<\/td><td>Yankee<\/td><td>9.200 millones de euros<\/td><\/tr><tr><td>277<\/td><td>Ciudad futurista<\/td><td>1 bill\u00f3n<\/td><\/tr><\/tbody><\/table>\t\t\t\t\t\t\t\t<\/div>\n\t\t\t\t<\/div>\n\t\t\t\t\t<\/div>\n\t\t<\/div>\n\t\t\t\t\t<\/div>\n\t\t<\/section>\n\t\t\t\t<\/div>","protected":false},"excerpt":{"rendered":"<p>Simple, amusant et facile \u00e0 jouer, Coin Master est un jeu qui se d\u00e9marque par son Game Play exceptionnel et ses nombreux atouts. Si vous y jouez depuis un moment, vous savez sans doute combien il est passionnant de passer d&rsquo;un niveau \u00e0 un autre. Quelle que soit votre exp\u00e9rience, vous rencontrerez des difficult\u00e9s au [&hellip;]<\/p>\n","protected":false},"author":2,"featured_media":0,"parent":0,"menu_order":0,"comment_status":"closed","ping_status":"closed","template":"","meta":{"site-sidebar-layout":"no-sidebar","site-content-layout":"page-builder","ast-site-content-layout":"default","site-content-style":"default","site-sidebar-style":"default","ast-global-header-display":"","ast-banner-title-visibility":"","ast-main-header-display":"","ast-hfb-above-header-display":"","ast-hfb-below-header-display":"","ast-hfb-mobile-header-display":"","site-post-title":"disabled","ast-breadcrumbs-content":"","ast-featured-img":"disabled","footer-sml-layout":"","ast-disable-related-posts":"","theme-transparent-header-meta":"","adv-header-id-meta":"","stick-header-meta":"","header-above-stick-meta":"","header-main-stick-meta":"","header-below-stick-meta":"","astra-migrate-meta-layouts":"default","ast-page-background-enabled":"default","ast-page-background-meta":{"desktop":{"background-color":"","background-image":"","background-repeat":"repeat","background-position":"center center","background-size":"auto","background-attachment":"scroll","background-type":"","background-media":"","overlay-type":"","overlay-color":"","overlay-opacity":"","overlay-gradient":""},"tablet":{"background-color":"","background-image":"","background-repeat":"repeat","background-position":"center center","background-size":"auto","background-attachment":"scroll","background-type":"","background-media":"","overlay-type":"","overlay-color":"","overlay-opacity":"","overlay-gradient":""},"mobile":{"background-color":"","background-image":"","background-repeat":"repeat","background-position":"center center","background-size":"auto","background-attachment":"scroll","background-type":"","background-media":"","overlay-type":"","overlay-color":"","overlay-opacity":"","overlay-gradient":""}},"ast-content-background-meta":{"desktop":{"background-color":"var(--ast-global-color-5)","background-image":"","background-repeat":"repeat","background-position":"center center","background-size":"auto","background-attachment":"scroll","background-type":"","background-media":"","overlay-type":"","overlay-color":"","overlay-opacity":"","overlay-gradient":""},"tablet":{"background-color":"var(--ast-global-color-5)","background-image":"","background-repeat":"repeat","background-position":"center center","background-size":"auto","background-attachment":"scroll","background-type":"","background-media":"","overlay-type":"","overlay-color":"","overlay-opacity":"","overlay-gradient":""},"mobile":{"background-color":"var(--ast-global-color-5)","background-image":"","background-repeat":"repeat","background-position":"center center","background-size":"auto","background-attachment":"scroll","background-type":"","background-media":"","overlay-type":"","overlay-color":"","overlay-opacity":"","overlay-gradient":""}},"footnotes":""},"class_list":["post-534","page","type-page","status-publish","hentry"],"yoast_head":"<!-- This site is optimized with the Yoast SEO plugin v27.3 - https:\/\/yoast.com\/product\/yoast-seo-wordpress\/ -->\n<title>Guide avanc\u00e9 : strat\u00e9gies pour construire des villages, gagner des batailles, etc. - Top Coin Master<\/title>\n<meta name=\"robots\" content=\"index, follow, max-snippet:-1, max-image-preview:large, max-video-preview:-1\" \/>\n<link rel=\"canonical\" href=\"https:\/\/topcoinmaster.com\/es\/guia-anticipada\/\" \/>\n<meta property=\"og:locale\" content=\"es_ES\" \/>\n<meta property=\"og:type\" content=\"article\" \/>\n<meta property=\"og:title\" content=\"Guide avanc\u00e9 : strat\u00e9gies pour construire des villages, gagner des batailles, etc. - Top Coin Master\" \/>\n<meta property=\"og:description\" content=\"Simple, amusant et facile \u00e0 jouer, Coin Master est un jeu qui se d\u00e9marque par son Game Play exceptionnel et ses nombreux atouts. Si vous y jouez depuis un moment, vous savez sans doute combien il est passionnant de passer d&rsquo;un niveau \u00e0 un autre. Quelle que soit votre exp\u00e9rience, vous rencontrerez des difficult\u00e9s au [&hellip;]\" \/>\n<meta property=\"og:url\" content=\"https:\/\/topcoinmaster.com\/es\/guia-anticipada\/\" \/>\n<meta property=\"og:site_name\" content=\"Top Coin Master\" \/>\n<meta property=\"article:modified_time\" content=\"2023-03-25T10:07:52+00:00\" \/>\n<meta name=\"twitter:card\" content=\"summary_large_image\" \/>\n<meta name=\"twitter:label1\" content=\"Tiempo de lectura\" \/>\n\t<meta name=\"twitter:data1\" content=\"9 minutos\" \/>\n<script type=\"application\/ld+json\" class=\"yoast-schema-graph\">{\"@context\":\"https:\\\/\\\/schema.org\",\"@graph\":[{\"@type\":\"WebPage\",\"@id\":\"https:\\\/\\\/topcoinmaster.com\\\/guide-avance\\\/\",\"url\":\"https:\\\/\\\/topcoinmaster.com\\\/guide-avance\\\/\",\"name\":\"Guide avanc\u00e9 : strat\u00e9gies pour construire des villages, gagner des batailles, etc. - Top Coin Master\",\"isPartOf\":{\"@id\":\"https:\\\/\\\/topcoinmaster.com\\\/#website\"},\"datePublished\":\"2023-03-24T22:05:26+00:00\",\"dateModified\":\"2023-03-25T10:07:52+00:00\",\"breadcrumb\":{\"@id\":\"https:\\\/\\\/topcoinmaster.com\\\/guide-avance\\\/#breadcrumb\"},\"inLanguage\":\"es\",\"potentialAction\":[{\"@type\":\"ReadAction\",\"target\":[\"https:\\\/\\\/topcoinmaster.com\\\/guide-avance\\\/\"]}]},{\"@type\":\"BreadcrumbList\",\"@id\":\"https:\\\/\\\/topcoinmaster.com\\\/guide-avance\\\/#breadcrumb\",\"itemListElement\":[{\"@type\":\"ListItem\",\"position\":1,\"name\":\"Accueil\",\"item\":\"https:\\\/\\\/topcoinmaster.com\\\/\"},{\"@type\":\"ListItem\",\"position\":2,\"name\":\"Guide avanc\u00e9 : strat\u00e9gies pour construire des villages, gagner des batailles, etc.\"}]},{\"@type\":\"WebSite\",\"@id\":\"https:\\\/\\\/topcoinmaster.com\\\/#website\",\"url\":\"https:\\\/\\\/topcoinmaster.com\\\/\",\"name\":\"Top Coin Master\",\"description\":\"\",\"publisher\":{\"@id\":\"https:\\\/\\\/topcoinmaster.com\\\/#organization\"},\"potentialAction\":[{\"@type\":\"SearchAction\",\"target\":{\"@type\":\"EntryPoint\",\"urlTemplate\":\"https:\\\/\\\/topcoinmaster.com\\\/?s={search_term_string}\"},\"query-input\":{\"@type\":\"PropertyValueSpecification\",\"valueRequired\":true,\"valueName\":\"search_term_string\"}}],\"inLanguage\":\"es\"},{\"@type\":\"Organization\",\"@id\":\"https:\\\/\\\/topcoinmaster.com\\\/#organization\",\"name\":\"Top Coin Master\",\"url\":\"https:\\\/\\\/topcoinmaster.com\\\/\",\"logo\":{\"@type\":\"ImageObject\",\"inLanguage\":\"es\",\"@id\":\"https:\\\/\\\/topcoinmaster.com\\\/#\\\/schema\\\/logo\\\/image\\\/\",\"url\":\"https:\\\/\\\/topcoinmaster.com\\\/wp-content\\\/uploads\\\/2023\\\/03\\\/logo.png\",\"contentUrl\":\"https:\\\/\\\/topcoinmaster.com\\\/wp-content\\\/uploads\\\/2023\\\/03\\\/logo.png\",\"width\":722,\"height\":69,\"caption\":\"Top Coin Master\"},\"image\":{\"@id\":\"https:\\\/\\\/topcoinmaster.com\\\/#\\\/schema\\\/logo\\\/image\\\/\"}}]}<\/script>\n<!-- \/ Yoast SEO plugin. -->","yoast_head_json":{"title":"Gu\u00eda avanzada: estrategias para construir aldeas, ganar batallas, etc. - El mejor maestro de la moneda","robots":{"index":"index","follow":"follow","max-snippet":"max-snippet:-1","max-image-preview":"max-image-preview:large","max-video-preview":"max-video-preview:-1"},"canonical":"https:\/\/topcoinmaster.com\/es\/guia-anticipada\/","og_locale":"es_ES","og_type":"article","og_title":"Guide avanc\u00e9 : strat\u00e9gies pour construire des villages, gagner des batailles, etc. - Top Coin Master","og_description":"Simple, amusant et facile \u00e0 jouer, Coin Master est un jeu qui se d\u00e9marque par son Game Play exceptionnel et ses nombreux atouts. Si vous y jouez depuis un moment, vous savez sans doute combien il est passionnant de passer d&rsquo;un niveau \u00e0 un autre. Quelle que soit votre exp\u00e9rience, vous rencontrerez des difficult\u00e9s au [&hellip;]","og_url":"https:\/\/topcoinmaster.com\/es\/guia-anticipada\/","og_site_name":"Top Coin Master","article_modified_time":"2023-03-25T10:07:52+00:00","twitter_card":"summary_large_image","twitter_misc":{"Tiempo de lectura":"9 minutos"},"schema":{"@context":"https:\/\/schema.org","@graph":[{"@type":"WebPage","@id":"https:\/\/topcoinmaster.com\/guide-avance\/","url":"https:\/\/topcoinmaster.com\/guide-avance\/","name":"Gu\u00eda avanzada: estrategias para construir aldeas, ganar batallas, etc. - El mejor maestro de la moneda","isPartOf":{"@id":"https:\/\/topcoinmaster.com\/#website"},"datePublished":"2023-03-24T22:05:26+00:00","dateModified":"2023-03-25T10:07:52+00:00","breadcrumb":{"@id":"https:\/\/topcoinmaster.com\/guide-avance\/#breadcrumb"},"inLanguage":"es","potentialAction":[{"@type":"ReadAction","target":["https:\/\/topcoinmaster.com\/guide-avance\/"]}]},{"@type":"BreadcrumbList","@id":"https:\/\/topcoinmaster.com\/guide-avance\/#breadcrumb","itemListElement":[{"@type":"ListItem","position":1,"name":"Accueil","item":"https:\/\/topcoinmaster.com\/"},{"@type":"ListItem","position":2,"name":"Guide avanc\u00e9 : strat\u00e9gies pour construire des villages, gagner des batailles, etc."}]},{"@type":"WebSite","@id":"https:\/\/topcoinmaster.com\/#website","url":"https:\/\/topcoinmaster.com\/","name":"Monedero superior","description":"","publisher":{"@id":"https:\/\/topcoinmaster.com\/#organization"},"potentialAction":[{"@type":"SearchAction","target":{"@type":"EntryPoint","urlTemplate":"https:\/\/topcoinmaster.com\/?s={search_term_string}"},"query-input":{"@type":"PropertyValueSpecification","valueRequired":true,"valueName":"search_term_string"}}],"inLanguage":"es"},{"@type":"Organization","@id":"https:\/\/topcoinmaster.com\/#organization","name":"Monedero superior","url":"https:\/\/topcoinmaster.com\/","logo":{"@type":"ImageObject","inLanguage":"es","@id":"https:\/\/topcoinmaster.com\/#\/schema\/logo\/image\/","url":"https:\/\/topcoinmaster.com\/wp-content\/uploads\/2023\/03\/logo.png","contentUrl":"https:\/\/topcoinmaster.com\/wp-content\/uploads\/2023\/03\/logo.png","width":722,"height":69,"caption":"Top Coin Master"},"image":{"@id":"https:\/\/topcoinmaster.com\/#\/schema\/logo\/image\/"}}]}},"_links":{"self":[{"href":"https:\/\/topcoinmaster.com\/es\/wp-json\/wp\/v2\/pages\/534","targetHints":{"allow":["GET"]}}],"collection":[{"href":"https:\/\/topcoinmaster.com\/es\/wp-json\/wp\/v2\/pages"}],"about":[{"href":"https:\/\/topcoinmaster.com\/es\/wp-json\/wp\/v2\/types\/page"}],"author":[{"embeddable":true,"href":"https:\/\/topcoinmaster.com\/es\/wp-json\/wp\/v2\/users\/2"}],"replies":[{"embeddable":true,"href":"https:\/\/topcoinmaster.com\/es\/wp-json\/wp\/v2\/comments?post=534"}],"version-history":[{"count":13,"href":"https:\/\/topcoinmaster.com\/es\/wp-json\/wp\/v2\/pages\/534\/revisions"}],"predecessor-version":[{"id":550,"href":"https:\/\/topcoinmaster.com\/es\/wp-json\/wp\/v2\/pages\/534\/revisions\/550"}],"wp:attachment":[{"href":"https:\/\/topcoinmaster.com\/es\/wp-json\/wp\/v2\/media?parent=534"}],"curies":[{"name":"wp","href":"https:\/\/api.w.org\/{rel}","templated":true}]}}