{"id":37,"date":"2020-10-19T20:29:27","date_gmt":"2020-10-19T18:29:27","guid":{"rendered":"https:\/\/topmymfans.com\/?page_id=37"},"modified":"2023-03-24T23:04:24","modified_gmt":"2023-03-24T22:04:24","slug":"guide-debutant","status":"publish","type":"page","link":"https:\/\/topcoinmaster.com\/it_it\/guide-debutant\/","title":{"rendered":"Guida per i principianti: come giocare, creare un account, capire le meccaniche di base"},"content":{"rendered":"<div data-elementor-type=\"wp-page\" data-elementor-id=\"37\" class=\"elementor elementor-37\" data-elementor-post-type=\"page\">\n\t\t\t\t\t\t<section class=\"elementor-section elementor-top-section elementor-element elementor-element-e5cfd49 elementor-section-boxed elementor-section-height-default elementor-section-height-default\" data-id=\"e5cfd49\" data-element_type=\"section\" data-e-type=\"section\">\n\t\t\t\t\t\t\t<div class=\"elementor-background-overlay\"><\/div>\n\t\t\t\t\t\t\t<div class=\"elementor-container elementor-column-gap-default\">\n\t\t\t\t\t<div class=\"elementor-column elementor-col-100 elementor-top-column elementor-element elementor-element-393beee\" data-id=\"393beee\" data-element_type=\"column\" data-e-type=\"column\">\n\t\t\t<div class=\"elementor-widget-wrap elementor-element-populated\">\n\t\t\t\t\t\t<div class=\"elementor-element elementor-element-2f4c82d elementor-widget elementor-widget-spacer\" data-id=\"2f4c82d\" data-element_type=\"widget\" data-e-type=\"widget\" data-widget_type=\"spacer.default\">\n\t\t\t\t<div class=\"elementor-widget-container\">\n\t\t\t\t\t\t\t<div class=\"elementor-spacer\">\n\t\t\t<div class=\"elementor-spacer-inner\"><\/div>\n\t\t<\/div>\n\t\t\t\t\t\t<\/div>\n\t\t\t\t<\/div>\n\t\t\t\t<div class=\"elementor-element elementor-element-359d038 elementor-widget elementor-widget-spacer\" data-id=\"359d038\" data-element_type=\"widget\" data-e-type=\"widget\" data-widget_type=\"spacer.default\">\n\t\t\t\t<div class=\"elementor-widget-container\">\n\t\t\t\t\t\t\t<div class=\"elementor-spacer\">\n\t\t\t<div class=\"elementor-spacer-inner\"><\/div>\n\t\t<\/div>\n\t\t\t\t\t\t<\/div>\n\t\t\t\t<\/div>\n\t\t\t\t<div class=\"elementor-element elementor-element-549f662 elementor-widget elementor-widget-text-editor\" data-id=\"549f662\" data-element_type=\"widget\" data-e-type=\"widget\" data-widget_type=\"text-editor.default\">\n\t\t\t\t<div class=\"elementor-widget-container\">\n\t\t\t\t\t\t\t\t\t<p>Probabilmente avrete gi\u00e0 sentito parlare di questo gioco mobile che attrae bambini, adolescenti e adulti. Coin Master sta crescendo in popolarit\u00e0 da quasi un decennio. Milioni di persone si divertono ogni giorno a giocare su questa piattaforma israeliana. Prima di giocare, dovreste sapere come funziona questa applicazione mobile e di cosa si tratta.<\/p><h2>Coin Master: come funziona<\/h2><p>Negli ultimi anni, il numero di download della\u00a0<strong>Coin Master<\/strong>\u00a0sta aumentando vertiginosamente. Pi\u00f9 di 50 milioni di persone in tutto il mondo giocano ripetutamente a questo gioco. Il gioco \u00e8 molto facile da giocare ed \u00e8 particolarmente divertente. Soprattutto, ha un concetto originale.<\/p><p>\u00c8 stato nel 2015 che il gioco mobile, che sarebbe poi diventato un vero e proprio successo, \u00e8 apparso sulle piattaforme di download. L'azienda MoonActive aveva appena creato un prodotto innovativo e unico che avrebbe rapidamente rubato la scena ai popolarissimi giochi per cellulari dell'epoca.<\/p><p>Coin Master \u00e8 un\u00a0<strong>gioco mobile free-to-play<\/strong>. \u00c8 quindi completamente gratuito e non dovete pagare assolutamente nulla per andare avanti. Il principio di funzionamento dell'applicazione \u00e8 molto semplice. Tutto ci\u00f2 che dovete fare \u00e8 lanciare una slot machine e, in cambio, spendere energia. Non appena la barra dell'energia \u00e8 vuota, bisogna aspettare che si rigeneri prima di poter lanciare nuovamente la slot. Ogni volta che si avvia la slot, si incontrano simboli che danno la possibilit\u00e0 di eseguire azioni. Il maiale indica il saccheggio, mentre il martello d\u00e0 il diritto di attaccare.<\/p><h2>Come si gioca a Coin Master?<\/h2><p>Il vostro obiettivo come giocatori di Coin Master \u00e8 quello di raggiungere il livello pi\u00f9 alto possibile nel gioco. Per fare ci\u00f2, \u00e8 necessario iniziare con\u00a0<strong>costruire un villaggio<\/strong>Dovrete poi farli salire al livello pi\u00f9 alto possibile per poter passare al villaggio successivo, e cos\u00ec via. Poi dovrete farli salire al livello pi\u00f9 alto possibile per poter passare al villaggio successivo, e cos\u00ec via. Per acquistare e potenziare i componenti di un villaggio, \u00e8 necessario recarsi al \"Negozio del villaggio\" e spendere monete. Il vostro compito quotidiano \u00e8 quello di mobilitare una grande quantit\u00e0 di monete. Basta avviare la slot machine. Quando appaiono 3 monete o 3 borse, si ottengono monete che possono essere utilizzate per migliorare il villaggio.<\/p><p>Quando si incontrano 3 teste di maiale mascherate, si ottiene il cosiddetto Coin Master. Dovrete quindi saccheggiare un giocatore completamente casuale che ha molte pi\u00f9 monete di voi. Sta a voi trovare il modo di ottenere il maggior numero possibile di monete per accelerare il vostro\u00a0<strong>sviluppo nel gioco<\/strong>. Quando, dopo aver lanciato la macchina, si incontrano 3 martelli, si pu\u00f2 attaccare un giocatore a caso. Si pu\u00f2 anche scegliere il bersaglio tra i propri amici di Facebook. Potete anche vendicarvi di un giocatore che ha attaccato il vostro villaggio.<\/p><p>La macchina pu\u00f2 essere avviata circa 50 volte al giorno. \u00c8 sufficiente fare clic ogni volta sul pulsante \"spin\" per avviarla.<\/p><p><strong>Un piccolo consiglio<\/strong>\u00a0Tenendo premuto il pulsante per alcuni secondi, la macchina si avvier\u00e0 sistematicamente senza dover fare clic ogni volta.<\/p><p>Man mano che si sale di livello, si guadagnano pi\u00f9 angoli. Si ottiene anche l'accesso a funzioni pi\u00f9 interessanti. Ad esempio, quando si raggiunge il quarto villaggio, si pu\u00f2 sbloccare un animale e raccogliere carte collezionabili. Quando si c<strong>ompilare una collezione di carte<\/strong>Si guadagnano premi. Per quanto riguarda gli animali, ognuno di essi fornisce una funzione bonus.<\/p><p>Se potete attaccare i giocatori, significa che potete essere attaccati anche da altri giocatori. I vostri angoli possono quindi essere saccheggiati. Tuttavia, \u00e8 possibile proteggersi temporaneamente da un attacco. Dovrete ottenere 3 scudi dopo aver tirato la ruota. Se riuscite ad allineare 3 batterie, potrete<strong>\u00a0vincere 10 giri extra<\/strong>10 possibilit\u00e0 di saccheggiare un giocatore, ottenere angoli o proteggere il proprio villaggio.<\/p><h2>Come si crea un conto Coin Master?<\/h2><p>Per giocare a Coin Master e godere dei numerosi vantaggi che il gioco ha da offrire, \u00e8 necessario innanzitutto<strong>\u00a0creare un account<\/strong>. Il processo \u00e8 molto semplice e richiede solo pochi minuti. Tutto ci\u00f2 che dovete fare \u00e8 andare in un negozio di applicazioni, in questo caso App Store o Play Store. Dovrete quindi scaricare il gioco e installarlo.<\/p><p>Una volta aperta l'applicazione, vi verranno presentate due opzioni. La prima vi chiede di giocare come ospite, mentre la seconda vi suggerisce di giocare con gli amici. Sta a voi scegliere l'opzione che vi sembra pi\u00f9 sensata. Seguite le istruzioni e\u00a0<strong>perfezionare la registrazione<\/strong>. Ora avete un conto Coin Master e potete iniziare a giocare.<\/p><h3>Dovete collegare il vostro conto Coin Master a un'altra rete?<\/h3><p>Al momento della registrazione a Coin Master, \u00e8 meglio scegliere l'opzione di giocare con gli amici. Vi verr\u00e0 quindi chiesto di collegare il vostro account con un social network. Pu\u00f2 trattarsi di Facebook, Google, Amazon o iTunes. Questa soluzione offre un vantaggio maggiore in termini di conservazione dei dati.<\/p><p>Ci sono molti altri interessanti vantaggi associati al collegamento di una\u00a0<strong>Conto Coin Master<\/strong>\u00a0a un account di rete sociale. Tuttavia, se avete intenzione di provare il gioco, senza affezionarvi troppo, non esitate a registrarvi come ospiti.<\/p><h3>Perch\u00e9 collegare il vostro conto Coin Master a Facebook?<\/h3><p>In linea di principio, non c'\u00e8 alcun obbligo di collegare il vostro conto Coin Master a Facebook. Tuttavia, farlo vi dar\u00e0 molti vantaggi. Per progredire rapidamente in questo gioco, \u00e8 necessario ottenere monete. Ma il<strong>\u00a0giri giornalieri<\/strong>\u00a0offerti dall'applicazione non sono sempre sufficienti per accumulare la quantit\u00e0 di monete necessaria. Collegando il proprio account a Facebook, si ricevono monete o giri extra. Poi si possono invitare gli amici a partecipare al gioco. Ogni invito d\u00e0 diritto a 40 giri extra. Quando si raggiungono i 180 amici invitati, si ricevono regali speciali.<\/p><p>In\u00a0<strong>collegare il proprio account Facebook a Coin Master<\/strong>Potete unirvi a una comunit\u00e0 di amici che vi aiuter\u00e0 a progredire rapidamente. Si possono imparare consigli, trucchi e strategie per costruire il proprio villaggio. Coin Master permette di scambiare estrazioni, carte e altri vantaggi con i propri amici su Facebook. \u00c8 anche possibile unirsi a gruppi dedicati all'applicazione per migliorare le proprie conoscenze.<\/p><p>Collegando il vostro account a Facebook, potete evitare la perdita dei vostri dati. Il vostro<strong>\u00a0i progressi vengono registrati<\/strong>\u00a0e conservati in tempo reale. Se l'applicazione viene cancellata per qualsiasi motivo, potete essere certi che il vostro account verr\u00e0 ritrovato, anche a distanza di anni.<\/p><h2>Suggerimenti per i principianti di Coin Master<\/h2><p>Per progredire nel gioco Coin Master quando si \u00e8 agli inizi, \u00e8 necessaria una strategia. Ecco alcuni suggerimenti che<strong>\u00a0Top Coin Master<\/strong>\u00a0vi offre.<\/p><h3>Tenete d'occhio gli eventi<\/h3><p>Periodicamente, nel gioco Coin Master vengono organizzati degli eventi. Se volete progredire pi\u00f9 velocemente, dovreste sempre cercare di parteciparvi. Essi consentono di vincere un gran numero di giri extra o una grande quantit\u00e0 di monete. Il\u00a0<strong>bonus in gioco<\/strong>\u00a0Gli eventi sono molto pi\u00f9 sostanziosi di quelli che si possono guadagnare facendo uno o tre attacchi al giorno. Quindi, siate sempre all'erta e fate lo sforzo di partecipare a questi eventi occasionali.<\/p><h3>Scegliere l'animale giusto<\/h3><p>In Coin Master, gli animali giocano un ruolo molto importante. All'inizio non se ne possiedono. Dopo un certo livello, questa funzione viene sbloccata. Si pu\u00f2 scegliere tra 3 animali domestici e se ne deve tenere solo uno. Per fare la vostra scelta, dovrete basarvi sulle caratteristiche del vostro animale.\u00a0<strong>specificit\u00e0 di ciascun animale<\/strong>.<\/p><h4>La volpe<\/h4><p>Quando si sceglie<strong>\u00a0la volpe<\/strong>\u00a0Come animale domestico, si ottiene un bonus quando si scava la quarta buca in un attacco. Questo permette di guadagnare il maggior numero di angoli possibile.<\/p><h4>Il rinoceronte<\/h4><p>Questo animale offre un\u00a0<strong>bonus di difesa<\/strong>. Protegge il vostro villaggio dagli attacchi pi\u00f9 efficaci.<\/p><h4>La tigre<\/h4><p>D\u00e0 un bonus quando si attaccano altri villaggi. Anche se l'obiettivo \u00e8 dotato di scudi, \u00e8 possibile saccheggiarlo.<\/p><p>Per\u00a0<strong>Scegliere l'animale domestico<\/strong>Se non si prevede di aprire l'applicazione regolarmente, \u00e8 meglio scegliere il rinoceronte. Se non si prevede di aprire l'applicazione regolarmente, la scelta migliore \u00e8 quella del rinoceronte. In questo modo si protegger\u00e0 il proprio villaggio da ripetuti assalti. Per contro, un giocatore abituato a sferrare attacchi dovrebbe essere accompagnato dalla tigre. Anche la volpe \u00e8 adatta a questo tipo di profilo. Qualunque sia la vostra scelta, assicuratevi di mantenere il vostro\u00a0<strong>animale domestico attivo<\/strong>. Inoltre, cercate di migliorarlo per renderlo pi\u00f9 efficace.<\/p><p>Man mano che si procede nel gioco, non esitate a consultare il nostro sito per ottenere informazioni su<strong>\u00a0strategie da adottare<\/strong>\u00a0di evolversi pi\u00f9 facilmente.<\/p>\t\t\t\t\t\t\t\t<\/div>\n\t\t\t\t<\/div>\n\t\t\t\t\t<\/div>\n\t\t<\/div>\n\t\t\t\t\t<\/div>\n\t\t<\/section>\n\t\t\t\t<\/div>","protected":false},"excerpt":{"rendered":"<p>Vous avez probablement d\u00e9j\u00e0 entendu parler de ce jeu mobile qui attire enfants, ado et adultes. Depuis bient\u00f4t une d\u00e9cennie, Coin Master ne cesse de grandir en popularit\u00e9. Des millions de personnes prennent chaque jour du plaisir \u00e0 se connecter \u00e0 cette plateforme d&rsquo;origine isra\u00e9lienne. Avant de jouer, vous devez conna\u00eetre le principe de fonctionnement [&hellip;]<\/p>\n","protected":false},"author":2,"featured_media":0,"parent":0,"menu_order":0,"comment_status":"closed","ping_status":"closed","template":"elementor_header_footer","meta":{"site-sidebar-layout":"default","site-content-layout":"default","ast-site-content-layout":"default","site-content-style":"default","site-sidebar-style":"default","ast-global-header-display":"","ast-banner-title-visibility":"","ast-main-header-display":"","ast-hfb-above-header-display":"","ast-hfb-below-header-display":"","ast-hfb-mobile-header-display":"","site-post-title":"","ast-breadcrumbs-content":"","ast-featured-img":"","footer-sml-layout":"","ast-disable-related-posts":"","theme-transparent-header-meta":"default","adv-header-id-meta":"","stick-header-meta":"","header-above-stick-meta":"","header-main-stick-meta":"","header-below-stick-meta":"","astra-migrate-meta-layouts":"default","ast-page-background-enabled":"default","ast-page-background-meta":{"desktop":{"background-color":"","background-image":"","background-repeat":"repeat","background-position":"center center","background-size":"auto","background-attachment":"scroll","background-type":"","background-media":"","overlay-type":"","overlay-color":"","overlay-opacity":"","overlay-gradient":""},"tablet":{"background-color":"","background-image":"","background-repeat":"repeat","background-position":"center center","background-size":"auto","background-attachment":"scroll","background-type":"","background-media":"","overlay-type":"","overlay-color":"","overlay-opacity":"","overlay-gradient":""},"mobile":{"background-color":"","background-image":"","background-repeat":"repeat","background-position":"center center","background-size":"auto","background-attachment":"scroll","background-type":"","background-media":"","overlay-type":"","overlay-color":"","overlay-opacity":"","overlay-gradient":""}},"ast-content-background-meta":{"desktop":{"background-color":"var(--ast-global-color-5)","background-image":"","background-repeat":"repeat","background-position":"center center","background-size":"auto","background-attachment":"scroll","background-type":"","background-media":"","overlay-type":"","overlay-color":"","overlay-opacity":"","overlay-gradient":""},"tablet":{"background-color":"var(--ast-global-color-5)","background-image":"","background-repeat":"repeat","background-position":"center center","background-size":"auto","background-attachment":"scroll","background-type":"","background-media":"","overlay-type":"","overlay-color":"","overlay-opacity":"","overlay-gradient":""},"mobile":{"background-color":"var(--ast-global-color-5)","background-image":"","background-repeat":"repeat","background-position":"center center","background-size":"auto","background-attachment":"scroll","background-type":"","background-media":"","overlay-type":"","overlay-color":"","overlay-opacity":"","overlay-gradient":""}},"footnotes":""},"class_list":["post-37","page","type-page","status-publish","hentry"],"yoast_head":"<!-- This site is optimized with the Yoast SEO plugin v27.4 - https:\/\/yoast.com\/product\/yoast-seo-wordpress\/ -->\n<title>Guide d\u00e9butant : comment jouer, cr\u00e9er un compte, comprendre les m\u00e9caniques de base - Top Coin Master<\/title>\n<meta name=\"robots\" content=\"index, follow, max-snippet:-1, max-image-preview:large, max-video-preview:-1\" \/>\n<link rel=\"canonical\" href=\"https:\/\/topcoinmaster.com\/it_it\/come-creare\/\" \/>\n<meta property=\"og:locale\" content=\"it_IT\" \/>\n<meta property=\"og:type\" content=\"article\" \/>\n<meta property=\"og:title\" content=\"Guide d\u00e9butant : comment jouer, cr\u00e9er un compte, comprendre les m\u00e9caniques de base - Top Coin Master\" \/>\n<meta property=\"og:description\" content=\"Vous avez probablement d\u00e9j\u00e0 entendu parler de ce jeu mobile qui attire enfants, ado et adultes. Depuis bient\u00f4t une d\u00e9cennie, Coin Master ne cesse de grandir en popularit\u00e9. Des millions de personnes prennent chaque jour du plaisir \u00e0 se connecter \u00e0 cette plateforme d&rsquo;origine isra\u00e9lienne. Avant de jouer, vous devez conna\u00eetre le principe de fonctionnement [&hellip;]\" \/>\n<meta property=\"og:url\" content=\"https:\/\/topcoinmaster.com\/it_it\/come-creare\/\" \/>\n<meta property=\"og:site_name\" content=\"Top Coin Master\" \/>\n<meta property=\"article:modified_time\" content=\"2023-03-24T22:04:24+00:00\" \/>\n<meta name=\"twitter:card\" content=\"summary_large_image\" \/>\n<meta name=\"twitter:label1\" content=\"Tempo di lettura stimato\" \/>\n\t<meta name=\"twitter:data1\" content=\"8 minuti\" \/>\n<script type=\"application\/ld+json\" class=\"yoast-schema-graph\">{\"@context\":\"https:\\\/\\\/schema.org\",\"@graph\":[{\"@type\":\"WebPage\",\"@id\":\"https:\\\/\\\/topcoinmaster.com\\\/guide-debutant\\\/\",\"url\":\"https:\\\/\\\/topcoinmaster.com\\\/guide-debutant\\\/\",\"name\":\"Guide d\u00e9butant : comment jouer, cr\u00e9er un compte, comprendre les m\u00e9caniques de base - Top Coin Master\",\"isPartOf\":{\"@id\":\"https:\\\/\\\/topcoinmaster.com\\\/#website\"},\"datePublished\":\"2020-10-19T18:29:27+00:00\",\"dateModified\":\"2023-03-24T22:04:24+00:00\",\"breadcrumb\":{\"@id\":\"https:\\\/\\\/topcoinmaster.com\\\/guide-debutant\\\/#breadcrumb\"},\"inLanguage\":\"it-IT\",\"potentialAction\":[{\"@type\":\"ReadAction\",\"target\":[\"https:\\\/\\\/topcoinmaster.com\\\/guide-debutant\\\/\"]}]},{\"@type\":\"BreadcrumbList\",\"@id\":\"https:\\\/\\\/topcoinmaster.com\\\/guide-debutant\\\/#breadcrumb\",\"itemListElement\":[{\"@type\":\"ListItem\",\"position\":1,\"name\":\"Accueil\",\"item\":\"https:\\\/\\\/topcoinmaster.com\\\/\"},{\"@type\":\"ListItem\",\"position\":2,\"name\":\"Guide d\u00e9butant : comment jouer, cr\u00e9er un compte, comprendre les m\u00e9caniques de base\"}]},{\"@type\":\"WebSite\",\"@id\":\"https:\\\/\\\/topcoinmaster.com\\\/#website\",\"url\":\"https:\\\/\\\/topcoinmaster.com\\\/\",\"name\":\"Top Coin Master\",\"description\":\"\",\"publisher\":{\"@id\":\"https:\\\/\\\/topcoinmaster.com\\\/#organization\"},\"potentialAction\":[{\"@type\":\"SearchAction\",\"target\":{\"@type\":\"EntryPoint\",\"urlTemplate\":\"https:\\\/\\\/topcoinmaster.com\\\/?s={search_term_string}\"},\"query-input\":{\"@type\":\"PropertyValueSpecification\",\"valueRequired\":true,\"valueName\":\"search_term_string\"}}],\"inLanguage\":\"it-IT\"},{\"@type\":\"Organization\",\"@id\":\"https:\\\/\\\/topcoinmaster.com\\\/#organization\",\"name\":\"Top Coin Master\",\"url\":\"https:\\\/\\\/topcoinmaster.com\\\/\",\"logo\":{\"@type\":\"ImageObject\",\"inLanguage\":\"it-IT\",\"@id\":\"https:\\\/\\\/topcoinmaster.com\\\/#\\\/schema\\\/logo\\\/image\\\/\",\"url\":\"https:\\\/\\\/topcoinmaster.com\\\/wp-content\\\/uploads\\\/2023\\\/03\\\/logo.png\",\"contentUrl\":\"https:\\\/\\\/topcoinmaster.com\\\/wp-content\\\/uploads\\\/2023\\\/03\\\/logo.png\",\"width\":722,\"height\":69,\"caption\":\"Top Coin Master\"},\"image\":{\"@id\":\"https:\\\/\\\/topcoinmaster.com\\\/#\\\/schema\\\/logo\\\/image\\\/\"}}]}<\/script>\n<!-- \/ Yoast SEO plugin. -->","yoast_head_json":{"title":"Guida per i principianti: come giocare, creare un account, capire le meccaniche di base - Top Coin Master","robots":{"index":"index","follow":"follow","max-snippet":"max-snippet:-1","max-image-preview":"max-image-preview:large","max-video-preview":"max-video-preview:-1"},"canonical":"https:\/\/topcoinmaster.com\/it_it\/come-creare\/","og_locale":"it_IT","og_type":"article","og_title":"Guide d\u00e9butant : comment jouer, cr\u00e9er un compte, comprendre les m\u00e9caniques de base - Top Coin Master","og_description":"Vous avez probablement d\u00e9j\u00e0 entendu parler de ce jeu mobile qui attire enfants, ado et adultes. Depuis bient\u00f4t une d\u00e9cennie, Coin Master ne cesse de grandir en popularit\u00e9. Des millions de personnes prennent chaque jour du plaisir \u00e0 se connecter \u00e0 cette plateforme d&rsquo;origine isra\u00e9lienne. Avant de jouer, vous devez conna\u00eetre le principe de fonctionnement [&hellip;]","og_url":"https:\/\/topcoinmaster.com\/it_it\/come-creare\/","og_site_name":"Top Coin Master","article_modified_time":"2023-03-24T22:04:24+00:00","twitter_card":"summary_large_image","twitter_misc":{"Tempo di lettura stimato":"8 minuti"},"schema":{"@context":"https:\/\/schema.org","@graph":[{"@type":"WebPage","@id":"https:\/\/topcoinmaster.com\/guide-debutant\/","url":"https:\/\/topcoinmaster.com\/guide-debutant\/","name":"Guida per i principianti: come giocare, creare un account, capire le meccaniche di base - Top Coin Master","isPartOf":{"@id":"https:\/\/topcoinmaster.com\/#website"},"datePublished":"2020-10-19T18:29:27+00:00","dateModified":"2023-03-24T22:04:24+00:00","breadcrumb":{"@id":"https:\/\/topcoinmaster.com\/guide-debutant\/#breadcrumb"},"inLanguage":"it-IT","potentialAction":[{"@type":"ReadAction","target":["https:\/\/topcoinmaster.com\/guide-debutant\/"]}]},{"@type":"BreadcrumbList","@id":"https:\/\/topcoinmaster.com\/guide-debutant\/#breadcrumb","itemListElement":[{"@type":"ListItem","position":1,"name":"Accueil","item":"https:\/\/topcoinmaster.com\/"},{"@type":"ListItem","position":2,"name":"Guide d\u00e9butant : comment jouer, cr\u00e9er un compte, comprendre les m\u00e9caniques de base"}]},{"@type":"WebSite","@id":"https:\/\/topcoinmaster.com\/#website","url":"https:\/\/topcoinmaster.com\/","name":"Top Coin Master","description":"","publisher":{"@id":"https:\/\/topcoinmaster.com\/#organization"},"potentialAction":[{"@type":"SearchAction","target":{"@type":"EntryPoint","urlTemplate":"https:\/\/topcoinmaster.com\/?s={search_term_string}"},"query-input":{"@type":"PropertyValueSpecification","valueRequired":true,"valueName":"search_term_string"}}],"inLanguage":"it-IT"},{"@type":"Organization","@id":"https:\/\/topcoinmaster.com\/#organization","name":"Top Coin Master","url":"https:\/\/topcoinmaster.com\/","logo":{"@type":"ImageObject","inLanguage":"it-IT","@id":"https:\/\/topcoinmaster.com\/#\/schema\/logo\/image\/","url":"https:\/\/topcoinmaster.com\/wp-content\/uploads\/2023\/03\/logo.png","contentUrl":"https:\/\/topcoinmaster.com\/wp-content\/uploads\/2023\/03\/logo.png","width":722,"height":69,"caption":"Top Coin Master"},"image":{"@id":"https:\/\/topcoinmaster.com\/#\/schema\/logo\/image\/"}}]}},"_links":{"self":[{"href":"https:\/\/topcoinmaster.com\/it_it\/wp-json\/wp\/v2\/pages\/37","targetHints":{"allow":["GET"]}}],"collection":[{"href":"https:\/\/topcoinmaster.com\/it_it\/wp-json\/wp\/v2\/pages"}],"about":[{"href":"https:\/\/topcoinmaster.com\/it_it\/wp-json\/wp\/v2\/types\/page"}],"author":[{"embeddable":true,"href":"https:\/\/topcoinmaster.com\/it_it\/wp-json\/wp\/v2\/users\/2"}],"replies":[{"embeddable":true,"href":"https:\/\/topcoinmaster.com\/it_it\/wp-json\/wp\/v2\/comments?post=37"}],"version-history":[{"count":45,"href":"https:\/\/topcoinmaster.com\/it_it\/wp-json\/wp\/v2\/pages\/37\/revisions"}],"predecessor-version":[{"id":539,"href":"https:\/\/topcoinmaster.com\/it_it\/wp-json\/wp\/v2\/pages\/37\/revisions\/539"}],"wp:attachment":[{"href":"https:\/\/topcoinmaster.com\/it_it\/wp-json\/wp\/v2\/media?parent=37"}],"curies":[{"name":"wp","href":"https:\/\/api.w.org\/{rel}","templated":true}]}}