{"id":534,"date":"2023-03-24T23:05:26","date_gmt":"2023-03-24T22:05:26","guid":{"rendered":"https:\/\/topcoinmaster.com\/?page_id=534"},"modified":"2023-03-25T11:07:52","modified_gmt":"2023-03-25T10:07:52","slug":"guide-avance","status":"publish","type":"page","link":"https:\/\/topcoinmaster.com\/it_it\/guide-avance\/","title":{"rendered":"Guida avanzata: strategie per costruire villaggi, vincere battaglie, ecc."},"content":{"rendered":"<div data-elementor-type=\"wp-page\" data-elementor-id=\"534\" class=\"elementor elementor-534\" data-elementor-post-type=\"page\">\n\t\t\t\t\t\t<section class=\"elementor-section elementor-top-section elementor-element elementor-element-2e75d80 elementor-section-boxed elementor-section-height-default elementor-section-height-default\" data-id=\"2e75d80\" data-element_type=\"section\" data-e-type=\"section\">\n\t\t\t\t\t\t\t<div class=\"elementor-background-overlay\"><\/div>\n\t\t\t\t\t\t\t<div class=\"elementor-container elementor-column-gap-default\">\n\t\t\t\t\t<div class=\"elementor-column elementor-col-100 elementor-top-column elementor-element elementor-element-72da2fc\" data-id=\"72da2fc\" data-element_type=\"column\" data-e-type=\"column\">\n\t\t\t<div class=\"elementor-widget-wrap elementor-element-populated\">\n\t\t\t\t\t\t<div class=\"elementor-element elementor-element-e948e96 elementor-widget elementor-widget-spacer\" data-id=\"e948e96\" data-element_type=\"widget\" data-e-type=\"widget\" data-widget_type=\"spacer.default\">\n\t\t\t\t<div class=\"elementor-widget-container\">\n\t\t\t\t\t\t\t<div class=\"elementor-spacer\">\n\t\t\t<div class=\"elementor-spacer-inner\"><\/div>\n\t\t<\/div>\n\t\t\t\t\t\t<\/div>\n\t\t\t\t<\/div>\n\t\t\t\t<div class=\"elementor-element elementor-element-762a5ba elementor-widget elementor-widget-spacer\" data-id=\"762a5ba\" data-element_type=\"widget\" data-e-type=\"widget\" data-widget_type=\"spacer.default\">\n\t\t\t\t<div class=\"elementor-widget-container\">\n\t\t\t\t\t\t\t<div class=\"elementor-spacer\">\n\t\t\t<div class=\"elementor-spacer-inner\"><\/div>\n\t\t<\/div>\n\t\t\t\t\t\t<\/div>\n\t\t\t\t<\/div>\n\t\t\t\t<div class=\"elementor-element elementor-element-f40df59 elementor-widget elementor-widget-text-editor\" data-id=\"f40df59\" data-element_type=\"widget\" data-e-type=\"widget\" data-widget_type=\"text-editor.default\">\n\t\t\t\t<div class=\"elementor-widget-container\">\n\t\t\t\t\t\t\t\t\t<p>Semplice, divertente e facile da giocare, Coin Master \u00e8 un gioco che si distingue per la sua eccezionale giocabilit\u00e0 e per le sue numerose risorse. Se ci giocate da un po', saprete quanto sia emozionante passare da un livello all'altro. Non importa quanto siate esperti, incontrerete delle difficolt\u00e0 man mano che progredite. Ecco alcuni consigli di Top Coin Master che vi aiuteranno a superare il gioco pi\u00f9 facilmente.<\/p><h2>Suggerimenti per ottenere pi\u00f9 monete in Coin Master<\/h2><p>Per ottenere pi\u00f9 monete in questo gioco, dovrete usare strategie, ma anche pazienza. Ecco alcuni consigli che dovreste assolutamente provare a mettere in pratica.<\/p><h3>Ottenere sempre il bonus del giorno<\/h3><p>Per progredire rapidamente nel mondo di Coin Master, \u00e8 necessario\u00a0<strong>altre parti<\/strong>. I 50 giri offerti quotidianamente non saranno sufficienti per accelerare i vostri progressi. Il vostro obiettivo sar\u00e0 quello di esplorare tutti gli altri modi per ottenere gli angoli.<\/p><p>Ogni giorno, il gioco offre un bonus dopo l'accesso. Questo bonus pu\u00f2 rappresentare una quantit\u00e0 significativa di monete se lo si accumula per diversi giorni. Non esitate quindi a collegarvi regolarmente per ottenere questo bonus.\u00a0<strong>piccolo bonus<\/strong>. Ci vorranno solo pochi secondi e potrete anche usarlo per lanciare i vostri 50 giri giornalieri.<\/p><p>Se il tempo lo permette, collegatevi ogni ora per raccogliere i 5 giri extra offerti dall'applicazione. In questo modo aumenteranno le possibilit\u00e0 di fare bottini importanti e di ottenere un\u00a0<strong>un gran numero di angoli<\/strong>.<\/p><h3>Invita i tuoi amici di Facebook<\/h3><p>Quando avete creato il vostro conto Coin Master, vi \u00e8 stato chiesto di collegare il vostro account Facebook. Se non l'avete fatto, potete comunque rimediare. Basta andare nelle impostazioni e seguire le istruzioni, che sono molto chiare. A questo punto non vi resta che invitare i vostri amici a partecipare al gioco.<\/p><p>Il vantaggio \u00e8 che ogni invito vi fa guadagnare notevoli bonus. Potete ottenere fino a\u00a0<strong>40 giri aggiuntivi<\/strong>\u00a0per ogni persona invitata. Non esitate quindi a massimizzare il numero di inviti, aumentando cos\u00ec le possibilit\u00e0 di ottenere pi\u00f9 monete.<\/p><h3>Partecipare agli eventi<\/h3><p>Occasionalmente, nel gioco vengono organizzati degli eventi. La maggior parte di essi \u00e8 molto interessante e permette di ottenere grandi ricompense. Tutto ci\u00f2 che dovete fare \u00e8 seguire le istruzioni e partecipare. In linea di massima, dovreste\u00a0<strong>ottenere guadagni<\/strong>\u00a0che potrete usare per costruire il vostro villaggio. Le ricompense degli eventi non sono sempre monete, ma sono sempre molto utili. Quindi partecipate il pi\u00f9 possibile.<\/p><table><thead><tr><th>Collezione<\/th><th>Ricompensa<\/th><\/tr><\/thead><tbody><tr><td>Creature mitiche<\/td><td>50.000 monete + 10 giri + 1 scudo<\/td><\/tr><tr><td>Divinit\u00e0 egizie<\/td><td>100.000 monete + 20 giri + 2 scudi<\/td><\/tr><tr><td>Regno delle fate<\/td><td>250.000 monete + 50 giri + 3 scudi<\/td><\/tr><\/tbody><\/table><h2>Come progredire rapidamente in Coin Master?<\/h2><p>Per raggiungere il livello pi\u00f9 alto possibile in questo gioco, non sar\u00e0 sufficiente raccogliere monete ogni giorno. Bisogna raccogliere altri elementi, ma soprattutto adottare una buona strategia di difesa.<\/p><h3>Completare le collezioni di carte<\/h3><p>Man mano che migliorate i vostri villaggi in Coin Master, sbloccherete nuove collezioni di carte. Ogni collezione rappresenta un bonus. La vostra missione \u00e8 quella di raccogliere tutte le carte di ogni collezione per\u00a0<strong>ottenere il bonus<\/strong>\u00a0associato ad esso. Di solito \u00e8 molto interessante e vi aiuter\u00e0 a fare notevoli progressi.<\/p><p>L'ideale sarebbe completare ogni collezione di carte disponibili prima di passare a un villaggio superiore. Sar\u00e0 molto difficile ottenere alcune carte in seguito. Anche se il vostro obiettivo \u00e8 quello di passare rapidamente al villaggio pi\u00f9 alto.\u00a0<strong>livelli superiori<\/strong>Non abbiate fretta. Potreste rimanere bloccati per giorni in alcune fasi, semplicemente perch\u00e9 vi mancano alcuni oggetti che avreste potuto ottenere pi\u00f9 facilmente. Per completare le collezioni di carte, potete usare i vostri angoli per acquistare i forzieri nel negozio. Se avete carte doppie, potete anche scambiarle con quelle che vi mancano con i vostri amici.<\/p><h3>Spendere le monete in modo strategico<\/h3><p>Gli angoli che si recuperano dopo averli realizzati devono essere gestiti in modo intelligente e attento. Dovreste usarli per acquistare gli oggetti necessari per il vostro villaggio o per apportare miglioramenti al momento giusto. A volte le monete dovrebbero essere usate per investire nell'acquisto di <strong>scatole di cartone<\/strong>. Spetta a voi analizzare il valore di ogni spesa prima di effettuarla. Un cattivo investimento delle vostre monete vi dannegger\u00e0 a lungo termine e non farete altro che annaspare. Siate quindi meticolosi nella gestione dei vostri angoli.<\/p><p>Prima ancora di avviare la macchina, \u00e8 necessario sapere in anticipo che cosa si intende migliorare. In questo modo si risparmieranno i turni per occasioni pi\u00f9 importanti.<\/p><h3>Evitare di conservare troppe monete<\/h3><p>A un certo livello di gioco, pu\u00f2 essere molto interessante avere una buona scorta di calci d'angolo. I grandi giocatori del mondo ne hanno molti. Ma prima di arrivare a quel livello, e a patto di utilizzare le loro strategie, dovreste evitare di lasciare molte monete nel vostro villaggio. Altrimenti, diventerete un bersaglio popolare per molti altri giocatori, soprattutto per i vostri amici. Tutti gli sforzi fatti per accumulare tante monete non sarebbero serviti a nulla. Pertanto, non appena si accumula un determinato numero di monete, non bisogna esitare a\u00a0<strong>spendeteli per migliorare il vostro villaggio<\/strong>.<\/p><p>L'unico momento in cui potete permettervi di non investire i vostri angoli \u00e8 quando avete uno scudo che protegge il vostro villaggio. Altrimenti, \u00e8 un rischio inutile.<\/p><h3>Evitare di attaccare gli amici<\/h3><p>Non ha senso dichiarare guerra ai propri amici. Possono reagire in qualsiasi momento e la battaglia si trasformerebbe in una battaglia infinita. Potrete mobilitare molte risorse saccheggiando, ma questo non vi aiuter\u00e0, perch\u00e9 i vostri amici troveranno sempre un modo per ottenere tutto. Per progredire pi\u00f9 facilmente nel gioco, non siate\u00a0<strong>mai il primo a lanciare un raid<\/strong>\u00a0contro un amico di Facebook.<\/p><p>Se siete stati vittime di un'aggressione da parte di una persona vicina, potete anche evitare di reagire. In questo modo, non incoraggerete un possibile conflitto che non sarebbe a vostro vantaggio. Se un amico persiste nell'aggredirvi nonostante la vostra\u00a0<strong>rifiuto di reagire<\/strong>Non esitate a parlargli. Potete scrivergli su Facebook per chiedergli gentilmente di fermare questi incessanti assalti al vostro villaggio.<\/p><h2>Come si protegge il proprio villaggio in Coin Master?<\/h2><p>Subendo attacchi continui, sar\u00e0 difficile progredire nel gioco. <a href=\"https:\/\/topcoinmaster.com\/it_it\/\">Coin Master<\/a>. Dovrete trovare modi efficaci per proteggere il vostro villaggio, soprattutto quando sarete a un livello avanzato.<\/p><h3>Raccogliere gli scudi<\/h3><p>Se siete a un livello avanzato di Coin Master, conoscerete l'importanza degli scudi. Vi proteggono dagli attacchi degli altri giocatori. Uno scudo \u00e8 una protezione contro un attacco. Pi\u00f9 si progredisce nel gioco, pi\u00f9 si ha la possibilit\u00e0 di\u00a0<strong>accumulare diversi scudi<\/strong>.<\/p><p>Il piccolo consiglio che vi diamo \u00e8 di ottenere almeno 3 scudi prima di procedere alla costruzione di un villaggio. Finch\u00e9 non siete pronti a completare il miglioramento di un villaggio, non spendete denaro senza uno scudo. Potreste dover ricominciare tutto da capo dopo ripetuti attacchi.<\/p><h3>Adotta il rinoceronte<\/h3><p>Dal quarto villaggio, avete scelto un animale domestico, in particolare in base alle vostre esigenze. Questa scelta non \u00e8 definitiva. Anche se avete scelto la volpe o la tigre, potete sempre cambiare animale. Nella fase difensiva, il rinoceronte \u00e8 l'opzione migliore. Sar\u00e0 molto utile se avete\u00a0<strong>molti angoli da proteggere<\/strong>Si pu\u00f2 anche usare come meccanismo di difesa se si \u00e8 appena iniziato a costruire nel villaggio. Tuttavia, dovrete mantenerlo attivo in modo che possa svolgere il suo ruolo di difensore. Inoltre, pensate a migliorare il suo livello per renderlo pi\u00f9 efficiente.<\/p><table><thead><tr><th>azienda<\/th><th>Vantaggio principale<\/th><th>Livello di sblocco<\/th><\/tr><\/thead><tbody><tr><td>Rinoceronte<\/td><td>Protegge il villaggio dagli attacchi<\/td><td>4<\/td><\/tr><tr><td>Volpe<\/td><td>Trovare monete extra durante un'incursione<\/td><td>4<\/td><\/tr><tr><td>Tigre<\/td><td>Aumenta i guadagni di attacco<\/td><td>4<\/td><\/tr><\/tbody><\/table><h3>Costruire villaggi solo quando si hanno le risorse necessarie<\/h3><p>All'inizio del gioco, potete permettervi di costruire i vostri villaggi in fretta e furia. Ma quando si raggiunge un certo livello, \u00e8 importante essere pazienti. Il modo pi\u00f9 semplice per proteggere il vostro villaggio \u00e8 non costruirlo. Lasciarlo completamente vuoto finch\u00e9 non si hanno le risorse per\u00a0<strong>il<\/strong>\u00a0<strong>costruire in un'unica soluzione<\/strong>. In questo modo, i vostri amici non avranno interesse ad attaccarvi e, anche se lo faranno, non avranno edifici da distruggere. Quando siete pronti, costruite il vostro villaggio, poi passate al successivo e cos\u00ec via.<\/p><p>Se non sapete quante parti occorrono per completare l'aggiornamento di un villaggio, date un'occhiata alla nostra piattaforma. Su\u00a0<strong>Top Coin Master<\/strong>Vi abbiamo fornito tutte le informazioni necessarie per progredire. Ad esempio, per completare il 18\u00b0 villaggio, Wonderland, avrete bisogno di almeno 67 milioni, mentre a Coin Manor ne serviranno 109 milioni. Pi\u00f9 avanti, a Yankee, nel 126\u00b0 villaggio, avrete bisogno di 9,2 miliardi. Dal 277\u00b0 villaggio in poi, sono necessari almeno 1.000 miliardi.<\/p><table><thead><tr><th>Numero del villaggio<\/th><th>Nome del villaggio<\/th><th>Costi di costruzione<\/th><\/tr><\/thead><tbody><tr><td>1<\/td><td>Terra dei Vichinghi<\/td><td>3,1 milioni di euro<\/td><\/tr><tr><td>18<\/td><td>Il paese delle meraviglie<\/td><td>67 milioni di euro<\/td><\/tr><tr><td>50<\/td><td>Villa d'angolo<\/td><td>109 milioni di euro<\/td><\/tr><tr><td>126<\/td><td>Yankee<\/td><td>9,2 miliardi di euro<\/td><\/tr><tr><td>277<\/td><td>Citt\u00e0 futuristica<\/td><td>1 trilione<\/td><\/tr><\/tbody><\/table>\t\t\t\t\t\t\t\t<\/div>\n\t\t\t\t<\/div>\n\t\t\t\t\t<\/div>\n\t\t<\/div>\n\t\t\t\t\t<\/div>\n\t\t<\/section>\n\t\t\t\t<\/div>","protected":false},"excerpt":{"rendered":"<p>Simple, amusant et facile \u00e0 jouer, Coin Master est un jeu qui se d\u00e9marque par son Game Play exceptionnel et ses nombreux atouts. Si vous y jouez depuis un moment, vous savez sans doute combien il est passionnant de passer d&rsquo;un niveau \u00e0 un autre. Quelle que soit votre exp\u00e9rience, vous rencontrerez des difficult\u00e9s au [&hellip;]<\/p>\n","protected":false},"author":2,"featured_media":0,"parent":0,"menu_order":0,"comment_status":"closed","ping_status":"closed","template":"","meta":{"site-sidebar-layout":"no-sidebar","site-content-layout":"page-builder","ast-site-content-layout":"default","site-content-style":"default","site-sidebar-style":"default","ast-global-header-display":"","ast-banner-title-visibility":"","ast-main-header-display":"","ast-hfb-above-header-display":"","ast-hfb-below-header-display":"","ast-hfb-mobile-header-display":"","site-post-title":"disabled","ast-breadcrumbs-content":"","ast-featured-img":"disabled","footer-sml-layout":"","ast-disable-related-posts":"","theme-transparent-header-meta":"","adv-header-id-meta":"","stick-header-meta":"","header-above-stick-meta":"","header-main-stick-meta":"","header-below-stick-meta":"","astra-migrate-meta-layouts":"default","ast-page-background-enabled":"default","ast-page-background-meta":{"desktop":{"background-color":"","background-image":"","background-repeat":"repeat","background-position":"center center","background-size":"auto","background-attachment":"scroll","background-type":"","background-media":"","overlay-type":"","overlay-color":"","overlay-opacity":"","overlay-gradient":""},"tablet":{"background-color":"","background-image":"","background-repeat":"repeat","background-position":"center center","background-size":"auto","background-attachment":"scroll","background-type":"","background-media":"","overlay-type":"","overlay-color":"","overlay-opacity":"","overlay-gradient":""},"mobile":{"background-color":"","background-image":"","background-repeat":"repeat","background-position":"center center","background-size":"auto","background-attachment":"scroll","background-type":"","background-media":"","overlay-type":"","overlay-color":"","overlay-opacity":"","overlay-gradient":""}},"ast-content-background-meta":{"desktop":{"background-color":"var(--ast-global-color-5)","background-image":"","background-repeat":"repeat","background-position":"center center","background-size":"auto","background-attachment":"scroll","background-type":"","background-media":"","overlay-type":"","overlay-color":"","overlay-opacity":"","overlay-gradient":""},"tablet":{"background-color":"var(--ast-global-color-5)","background-image":"","background-repeat":"repeat","background-position":"center center","background-size":"auto","background-attachment":"scroll","background-type":"","background-media":"","overlay-type":"","overlay-color":"","overlay-opacity":"","overlay-gradient":""},"mobile":{"background-color":"var(--ast-global-color-5)","background-image":"","background-repeat":"repeat","background-position":"center center","background-size":"auto","background-attachment":"scroll","background-type":"","background-media":"","overlay-type":"","overlay-color":"","overlay-opacity":"","overlay-gradient":""}},"footnotes":""},"class_list":["post-534","page","type-page","status-publish","hentry"],"yoast_head":"<!-- This site is optimized with the Yoast SEO plugin v27.3 - https:\/\/yoast.com\/product\/yoast-seo-wordpress\/ -->\n<title>Guide avanc\u00e9 : strat\u00e9gies pour construire des villages, gagner des batailles, etc. - Top Coin Master<\/title>\n<meta name=\"robots\" content=\"index, follow, max-snippet:-1, max-image-preview:large, max-video-preview:-1\" \/>\n<link rel=\"canonical\" href=\"https:\/\/topcoinmaster.com\/it_it\/guida-preventiva\/\" \/>\n<meta property=\"og:locale\" content=\"it_IT\" \/>\n<meta property=\"og:type\" content=\"article\" \/>\n<meta property=\"og:title\" content=\"Guide avanc\u00e9 : strat\u00e9gies pour construire des villages, gagner des batailles, etc. - Top Coin Master\" \/>\n<meta property=\"og:description\" content=\"Simple, amusant et facile \u00e0 jouer, Coin Master est un jeu qui se d\u00e9marque par son Game Play exceptionnel et ses nombreux atouts. Si vous y jouez depuis un moment, vous savez sans doute combien il est passionnant de passer d&rsquo;un niveau \u00e0 un autre. Quelle que soit votre exp\u00e9rience, vous rencontrerez des difficult\u00e9s au [&hellip;]\" \/>\n<meta property=\"og:url\" content=\"https:\/\/topcoinmaster.com\/it_it\/guida-preventiva\/\" \/>\n<meta property=\"og:site_name\" content=\"Top Coin Master\" \/>\n<meta property=\"article:modified_time\" content=\"2023-03-25T10:07:52+00:00\" \/>\n<meta name=\"twitter:card\" content=\"summary_large_image\" \/>\n<meta name=\"twitter:label1\" content=\"Tempo di lettura stimato\" \/>\n\t<meta name=\"twitter:data1\" content=\"9 minuti\" \/>\n<script type=\"application\/ld+json\" class=\"yoast-schema-graph\">{\"@context\":\"https:\\\/\\\/schema.org\",\"@graph\":[{\"@type\":\"WebPage\",\"@id\":\"https:\\\/\\\/topcoinmaster.com\\\/guide-avance\\\/\",\"url\":\"https:\\\/\\\/topcoinmaster.com\\\/guide-avance\\\/\",\"name\":\"Guide avanc\u00e9 : strat\u00e9gies pour construire des villages, gagner des batailles, etc. - Top Coin Master\",\"isPartOf\":{\"@id\":\"https:\\\/\\\/topcoinmaster.com\\\/#website\"},\"datePublished\":\"2023-03-24T22:05:26+00:00\",\"dateModified\":\"2023-03-25T10:07:52+00:00\",\"breadcrumb\":{\"@id\":\"https:\\\/\\\/topcoinmaster.com\\\/guide-avance\\\/#breadcrumb\"},\"inLanguage\":\"it-IT\",\"potentialAction\":[{\"@type\":\"ReadAction\",\"target\":[\"https:\\\/\\\/topcoinmaster.com\\\/guide-avance\\\/\"]}]},{\"@type\":\"BreadcrumbList\",\"@id\":\"https:\\\/\\\/topcoinmaster.com\\\/guide-avance\\\/#breadcrumb\",\"itemListElement\":[{\"@type\":\"ListItem\",\"position\":1,\"name\":\"Accueil\",\"item\":\"https:\\\/\\\/topcoinmaster.com\\\/\"},{\"@type\":\"ListItem\",\"position\":2,\"name\":\"Guide avanc\u00e9 : strat\u00e9gies pour construire des villages, gagner des batailles, etc.\"}]},{\"@type\":\"WebSite\",\"@id\":\"https:\\\/\\\/topcoinmaster.com\\\/#website\",\"url\":\"https:\\\/\\\/topcoinmaster.com\\\/\",\"name\":\"Top Coin Master\",\"description\":\"\",\"publisher\":{\"@id\":\"https:\\\/\\\/topcoinmaster.com\\\/#organization\"},\"potentialAction\":[{\"@type\":\"SearchAction\",\"target\":{\"@type\":\"EntryPoint\",\"urlTemplate\":\"https:\\\/\\\/topcoinmaster.com\\\/?s={search_term_string}\"},\"query-input\":{\"@type\":\"PropertyValueSpecification\",\"valueRequired\":true,\"valueName\":\"search_term_string\"}}],\"inLanguage\":\"it-IT\"},{\"@type\":\"Organization\",\"@id\":\"https:\\\/\\\/topcoinmaster.com\\\/#organization\",\"name\":\"Top Coin Master\",\"url\":\"https:\\\/\\\/topcoinmaster.com\\\/\",\"logo\":{\"@type\":\"ImageObject\",\"inLanguage\":\"it-IT\",\"@id\":\"https:\\\/\\\/topcoinmaster.com\\\/#\\\/schema\\\/logo\\\/image\\\/\",\"url\":\"https:\\\/\\\/topcoinmaster.com\\\/wp-content\\\/uploads\\\/2023\\\/03\\\/logo.png\",\"contentUrl\":\"https:\\\/\\\/topcoinmaster.com\\\/wp-content\\\/uploads\\\/2023\\\/03\\\/logo.png\",\"width\":722,\"height\":69,\"caption\":\"Top Coin Master\"},\"image\":{\"@id\":\"https:\\\/\\\/topcoinmaster.com\\\/#\\\/schema\\\/logo\\\/image\\\/\"}}]}<\/script>\n<!-- \/ Yoast SEO plugin. -->","yoast_head_json":{"title":"Guida avanzata: strategie per costruire villaggi, vincere battaglie, ecc. - Top Coin Master","robots":{"index":"index","follow":"follow","max-snippet":"max-snippet:-1","max-image-preview":"max-image-preview:large","max-video-preview":"max-video-preview:-1"},"canonical":"https:\/\/topcoinmaster.com\/it_it\/guida-preventiva\/","og_locale":"it_IT","og_type":"article","og_title":"Guide avanc\u00e9 : strat\u00e9gies pour construire des villages, gagner des batailles, etc. - Top Coin Master","og_description":"Simple, amusant et facile \u00e0 jouer, Coin Master est un jeu qui se d\u00e9marque par son Game Play exceptionnel et ses nombreux atouts. Si vous y jouez depuis un moment, vous savez sans doute combien il est passionnant de passer d&rsquo;un niveau \u00e0 un autre. Quelle que soit votre exp\u00e9rience, vous rencontrerez des difficult\u00e9s au [&hellip;]","og_url":"https:\/\/topcoinmaster.com\/it_it\/guida-preventiva\/","og_site_name":"Top Coin Master","article_modified_time":"2023-03-25T10:07:52+00:00","twitter_card":"summary_large_image","twitter_misc":{"Tempo di lettura stimato":"9 minuti"},"schema":{"@context":"https:\/\/schema.org","@graph":[{"@type":"WebPage","@id":"https:\/\/topcoinmaster.com\/guide-avance\/","url":"https:\/\/topcoinmaster.com\/guide-avance\/","name":"Guida avanzata: strategie per costruire villaggi, vincere battaglie, ecc. - Top Coin Master","isPartOf":{"@id":"https:\/\/topcoinmaster.com\/#website"},"datePublished":"2023-03-24T22:05:26+00:00","dateModified":"2023-03-25T10:07:52+00:00","breadcrumb":{"@id":"https:\/\/topcoinmaster.com\/guide-avance\/#breadcrumb"},"inLanguage":"it-IT","potentialAction":[{"@type":"ReadAction","target":["https:\/\/topcoinmaster.com\/guide-avance\/"]}]},{"@type":"BreadcrumbList","@id":"https:\/\/topcoinmaster.com\/guide-avance\/#breadcrumb","itemListElement":[{"@type":"ListItem","position":1,"name":"Accueil","item":"https:\/\/topcoinmaster.com\/"},{"@type":"ListItem","position":2,"name":"Guide avanc\u00e9 : strat\u00e9gies pour construire des villages, gagner des batailles, etc."}]},{"@type":"WebSite","@id":"https:\/\/topcoinmaster.com\/#website","url":"https:\/\/topcoinmaster.com\/","name":"Top Coin Master","description":"","publisher":{"@id":"https:\/\/topcoinmaster.com\/#organization"},"potentialAction":[{"@type":"SearchAction","target":{"@type":"EntryPoint","urlTemplate":"https:\/\/topcoinmaster.com\/?s={search_term_string}"},"query-input":{"@type":"PropertyValueSpecification","valueRequired":true,"valueName":"search_term_string"}}],"inLanguage":"it-IT"},{"@type":"Organization","@id":"https:\/\/topcoinmaster.com\/#organization","name":"Top Coin Master","url":"https:\/\/topcoinmaster.com\/","logo":{"@type":"ImageObject","inLanguage":"it-IT","@id":"https:\/\/topcoinmaster.com\/#\/schema\/logo\/image\/","url":"https:\/\/topcoinmaster.com\/wp-content\/uploads\/2023\/03\/logo.png","contentUrl":"https:\/\/topcoinmaster.com\/wp-content\/uploads\/2023\/03\/logo.png","width":722,"height":69,"caption":"Top Coin Master"},"image":{"@id":"https:\/\/topcoinmaster.com\/#\/schema\/logo\/image\/"}}]}},"_links":{"self":[{"href":"https:\/\/topcoinmaster.com\/it_it\/wp-json\/wp\/v2\/pages\/534","targetHints":{"allow":["GET"]}}],"collection":[{"href":"https:\/\/topcoinmaster.com\/it_it\/wp-json\/wp\/v2\/pages"}],"about":[{"href":"https:\/\/topcoinmaster.com\/it_it\/wp-json\/wp\/v2\/types\/page"}],"author":[{"embeddable":true,"href":"https:\/\/topcoinmaster.com\/it_it\/wp-json\/wp\/v2\/users\/2"}],"replies":[{"embeddable":true,"href":"https:\/\/topcoinmaster.com\/it_it\/wp-json\/wp\/v2\/comments?post=534"}],"version-history":[{"count":13,"href":"https:\/\/topcoinmaster.com\/it_it\/wp-json\/wp\/v2\/pages\/534\/revisions"}],"predecessor-version":[{"id":550,"href":"https:\/\/topcoinmaster.com\/it_it\/wp-json\/wp\/v2\/pages\/534\/revisions\/550"}],"wp:attachment":[{"href":"https:\/\/topcoinmaster.com\/it_it\/wp-json\/wp\/v2\/media?parent=534"}],"curies":[{"name":"wp","href":"https:\/\/api.w.org\/{rel}","templated":true}]}}