{"id":37,"date":"2020-10-19T20:29:27","date_gmt":"2020-10-19T18:29:27","guid":{"rendered":"https:\/\/topmymfans.com\/?page_id=37"},"modified":"2023-03-24T23:04:24","modified_gmt":"2023-03-24T22:04:24","slug":"guide-debutant","status":"publish","type":"page","link":"https:\/\/topcoinmaster.com\/pl\/guide-debutant\/","title":{"rendered":"Poradnik dla pocz\u0105tkuj\u0105cych: jak gra\u0107, za\u0142o\u017cy\u0107 konto, zrozumie\u0107 podstawow\u0105 mechanik\u0119"},"content":{"rendered":"<div data-elementor-type=\"wp-page\" data-elementor-id=\"37\" class=\"elementor elementor-37\" data-elementor-post-type=\"page\">\n\t\t\t\t\t\t<section class=\"elementor-section elementor-top-section elementor-element elementor-element-e5cfd49 elementor-section-boxed elementor-section-height-default elementor-section-height-default\" data-id=\"e5cfd49\" data-element_type=\"section\" data-e-type=\"section\">\n\t\t\t\t\t\t\t<div class=\"elementor-background-overlay\"><\/div>\n\t\t\t\t\t\t\t<div class=\"elementor-container elementor-column-gap-default\">\n\t\t\t\t\t<div class=\"elementor-column elementor-col-100 elementor-top-column elementor-element elementor-element-393beee\" data-id=\"393beee\" data-element_type=\"column\" data-e-type=\"column\">\n\t\t\t<div class=\"elementor-widget-wrap elementor-element-populated\">\n\t\t\t\t\t\t<div class=\"elementor-element elementor-element-2f4c82d elementor-widget elementor-widget-spacer\" data-id=\"2f4c82d\" data-element_type=\"widget\" data-e-type=\"widget\" data-widget_type=\"spacer.default\">\n\t\t\t\t<div class=\"elementor-widget-container\">\n\t\t\t\t\t\t\t<div class=\"elementor-spacer\">\n\t\t\t<div class=\"elementor-spacer-inner\"><\/div>\n\t\t<\/div>\n\t\t\t\t\t\t<\/div>\n\t\t\t\t<\/div>\n\t\t\t\t<div class=\"elementor-element elementor-element-359d038 elementor-widget elementor-widget-spacer\" data-id=\"359d038\" data-element_type=\"widget\" data-e-type=\"widget\" data-widget_type=\"spacer.default\">\n\t\t\t\t<div class=\"elementor-widget-container\">\n\t\t\t\t\t\t\t<div class=\"elementor-spacer\">\n\t\t\t<div class=\"elementor-spacer-inner\"><\/div>\n\t\t<\/div>\n\t\t\t\t\t\t<\/div>\n\t\t\t\t<\/div>\n\t\t\t\t<div class=\"elementor-element elementor-element-549f662 elementor-widget elementor-widget-text-editor\" data-id=\"549f662\" data-element_type=\"widget\" data-e-type=\"widget\" data-widget_type=\"text-editor.default\">\n\t\t\t\t<div class=\"elementor-widget-container\">\n\t\t\t\t\t\t\t\t\t<p>Zapewne s\u0142yszeli\u015bcie ju\u017c o tej grze mobilnej, kt\u00f3ra przyci\u0105ga dzieci, m\u0142odzie\u017c i doros\u0142ych. Coin Master cieszy si\u0119 rosn\u0105c\u0105 popularno\u015bci\u0105 od prawie dekady. Miliony ludzi lubi\u0105 gra\u0107 w t\u0119 izraelsk\u0105 platform\u0119 ka\u017cdego dnia. Zanim zagrasz, powiniene\u015b wiedzie\u0107, jak dzia\u0142a ta aplikacja mobilna i o co w niej chodzi.<\/p><h2>Coin Master: jak to dzia\u0142a<\/h2><p>W ostatnich latach wzros\u0142a liczba pobra\u0144\u00a0<strong>Mistrz monet<\/strong>\u00a0ro\u015bnie dramatycznie. Ponad 50 milion\u00f3w ludzi na ca\u0142ym \u015bwiecie gra w t\u0119 gr\u0119 wielokrotnie. Gra jest bardzo prosta w obs\u0142udze i sprawia szczeg\u00f3lnie du\u017co rado\u015bci. Przede wszystkim ma oryginalny pomys\u0142.<\/p><p>To w\u0142a\u015bnie w 2015 roku na platformach do pobrania pojawi\u0142a si\u0119 gra mobilna, kt\u00f3ra p\u00f3\u017aniej mia\u0142a odnie\u015b\u0107 prawdziwy sukces. Firma MoonActive stworzy\u0142a w\u0142a\u015bnie innowacyjny, unikalny produkt, kt\u00f3ry szybko skrad\u0142by \u015bwiat\u0142o dzienne bardzo popularnym w tamtym czasie grom mobilnym.<\/p><p>Coin Master to\u00a0<strong>gra mobilna free-to-play<\/strong>. Jest zatem ca\u0142kowicie darmowy i nie musisz absolutnie nic p\u0142aci\u0107, aby przej\u015b\u0107 do przodu. Zasada dzia\u0142ania aplikacji jest bardzo prosta. Wszystko, co musisz zrobi\u0107, to uruchomi\u0107 automat, a w zamian za to wydajesz energi\u0119. Gdy tylko Tw\u00f3j pasek energii jest pusty, musisz poczeka\u0107 na jego regeneracj\u0119, zanim b\u0119dziesz m\u00f3g\u0142 ponownie uruchomi\u0107 slot. Przy ka\u017cdym uruchomieniu automatu natkniemy si\u0119 na symbole, kt\u00f3re daj\u0105 nam mo\u017cliwo\u015b\u0107 wykonania akcji. \u015awinia oznacza pl\u0105drowanie, a m\u0142ot w zasadzie daje prawo do ataku.<\/p><h2>Jak gra\u0107 w Coin Master?<\/h2><p>Twoim celem jako gracza Coin Master jest osi\u0105gni\u0119cie jak najwy\u017cszego poziomu w grze. Aby to zrobi\u0107, musisz zacz\u0105\u0107 od\u00a0<strong>budowa wioski<\/strong>Nast\u0119pnie musisz ulepszy\u0107 je do najwy\u017cszego mo\u017cliwego poziomu, aby przej\u015b\u0107 do nast\u0119pnej wioski, i tak dalej. Nast\u0119pnie musisz je ulepszy\u0107 do najwy\u017cszego mo\u017cliwego poziomu, aby przej\u015b\u0107 do nast\u0119pnej wioski, i tak dalej. Aby kupi\u0107 i ulepszy\u0107 komponenty wioski, musisz uda\u0107 si\u0119 do \"Sklepu wioski\" i wyda\u0107 monety. Twoim codziennym zadaniem jest zmobilizowanie du\u017cej ilo\u015bci monet. Wystarczy uruchomi\u0107 automat do gry. Kiedy pojawi\u0105 si\u0119 3 monety lub 3 sakiewki, otrzymujesz monety, kt\u00f3re nast\u0119pnie mo\u017cesz wykorzysta\u0107 do ulepszenia swojej wioski.<\/p><p>Gdy natkniesz si\u0119 na 3 zamaskowane \u015bwi\u0144skie g\u0142owy, otrzymasz co\u015b, co nazywa si\u0119 Coin Master. B\u0119dziesz musia\u0142 wtedy \u0142upi\u0107 zupe\u0142nie losowego gracza, kt\u00f3ry ma o wiele wi\u0119cej monet ni\u017c ty. Do Ciebie nale\u017cy znalezienie sposobu na zdobycie jak najwi\u0119kszej ilo\u015bci monet, aby przyspieszy\u0107 swoje\u00a0<strong>rozw\u00f3j w grze<\/strong>. Gdy po uruchomieniu maszyny natrafisz na 3 m\u0142oty, mo\u017cesz zaatakowa\u0107 losowego gracza. Mo\u017cesz te\u017c wybra\u0107 cel w\u015br\u00f3d swoich znajomych z Facebooka. Mo\u017cesz nawet zem\u015bci\u0107 si\u0119 na graczu, kt\u00f3ry zaatakowa\u0142 Twoj\u0105 wiosk\u0119.<\/p><p>Maszyna mo\u017ce by\u0107 uruchamiana oko\u0142o 50 razy dziennie. Wystarczy za ka\u017cdym razem klikn\u0105\u0107 przycisk \"spin\", aby j\u0105 uruchomi\u0107.<\/p><p><strong>Ma\u0142a wskaz\u00f3wka<\/strong>\u00a0Przytrzymaj przycisk przez kilka sekund, a urz\u0105dzenie b\u0119dzie si\u0119 systematycznie uruchamia\u0107 bez konieczno\u015bci klikania za ka\u017cdym razem.<\/p><p>W miar\u0119 przechodzenia na wy\u017csze poziomy, zarabiasz wi\u0119cej zakr\u0119t\u00f3w. Zyskujesz r\u00f3wnie\u017c dost\u0119p do bardziej interesuj\u0105cych funkcji. Na przyk\u0142ad, gdy dotrzesz do czwartej wioski, mo\u017cesz odblokowa\u0107 zwierz\u0119, a tak\u017ce zbiera\u0107 karty handlowe. Kiedy c<strong>ompile kolekcji kart<\/strong>Zdobywasz nagrody. Je\u015bli chodzi o zwierz\u0119ta, to ka\u017cde z nich zapewnia funkcj\u0119 bonusow\u0105.<\/p><p>Je\u015bli mo\u017cesz atakowa\u0107 graczy, oznacza to, \u017ce mo\u017cesz by\u0107 r\u00f3wnie\u017c atakowany przez innych graczy. Twoje rogi mog\u0105 wi\u0119c zosta\u0107 spl\u0105drowane. Mo\u017cesz jednak tymczasowo ochroni\u0107 si\u0119 przed atakiem. Musisz zdoby\u0107 3 tarcze po tym, jak zakr\u0119cisz ko\u0142em. Je\u015bli uda Ci si\u0119 ustawi\u0107 w linii 3 baterie, b\u0119dziesz<strong>\u00a0wygraj 10 dodatkowych obrot\u00f3w<\/strong>10 szans na z\u0142upienie gracza, zdobycie rog\u00f3w lub ochron\u0119 swojej wioski.<\/p><h2>Jak za\u0142o\u017cy\u0107 konto Coin Master?<\/h2><p>Aby zagra\u0107 w Coin Master i cieszy\u0107 si\u0119 wieloma korzy\u015bciami, jakie gra ma do zaoferowania, musisz najpierw<strong>\u00a0za\u0142o\u017cy\u0107 konto<\/strong>. Proces ten jest bardzo prosty i zajmie tylko kilka minut. Wszystko, co musisz zrobi\u0107, to przej\u015b\u0107 do sklepu z aplikacjami, w tym przypadku App Store lub Play Store. Nast\u0119pnie b\u0119dziesz musia\u0142 pobra\u0107 gr\u0119 i zainstalowa\u0107 j\u0105.<\/p><p>Po otwarciu aplikacji, zostan\u0105 Ci przedstawione dwie opcje. Pierwsza z nich prosi Ci\u0119 o gr\u0119 jako go\u015b\u0107, natomiast druga proponuje Ci gr\u0119 ze znajomymi. Do Ciebie nale\u017cy wyb\u00f3r opcji, kt\u00f3ra ma dla Ciebie najwi\u0119kszy sens. Post\u0119puj zgodnie z instrukcjami, i\u00a0<strong>sfinalizuj swoj\u0105 rejestracj\u0119<\/strong>. Masz teraz konto Coin Master i mo\u017cesz zacz\u0105\u0107 gra\u0107.<\/p><h3>Czy powiniene\u015b po\u0142\u0105czy\u0107 swoje konto Coin Master z inn\u0105 sieci\u0105?<\/h3><p>Podczas rejestracji w Coin Master najlepiej wybra\u0107 opcj\u0119 gry ze znajomymi. Nast\u0119pnie zostaniesz poproszony o po\u0142\u0105czenie swojego konta z sieci\u0105 spo\u0142eczno\u015bciow\u0105. Mo\u017ce to by\u0107 Facebook, Google, Amazon lub iTunes. Takie rozwi\u0105zanie daje znacznie wi\u0119ksz\u0105 przewag\u0119 w kwestii przechowywania danych.<\/p><p>Jest jeszcze kilka innych ciekawych korzy\u015bci zwi\u0105zanych z \u0142\u0105czeniem a\u00a0<strong>Konto Coin Master<\/strong>\u00a0do konta na portalu spo\u0142eczno\u015bciowym. Je\u015bli jednak planujesz tylko wypr\u00f3bowa\u0107 gr\u0119, bez zbytniego przywi\u0105zywania si\u0119 do niej, nie wahaj si\u0119 zarejestrowa\u0107 jako go\u015b\u0107.<\/p><h3>Dlaczego warto po\u0142\u0105czy\u0107 swoje konto Coin Master z Facebookiem?<\/h3><p>W zasadzie nie ma obowi\u0105zku \u0142\u0105czenia swojego konta Coin Master z Facebookiem. Jednak zrobienie tego da Ci wiele korzy\u015bci. Aby szybko post\u0119powa\u0107 w tej grze, musisz zdoby\u0107 monety. Ale.<strong>\u00a0codzienne obroty<\/strong>\u00a0oferowane przez aplikacj\u0119 nie zawsze s\u0105 wystarczaj\u0105ce, aby zgromadzi\u0107 potrzebn\u0105 ilo\u015b\u0107 monet. \u0141\u0105cz\u0105c swoje konto z Facebookiem, otrzymujesz dodatkowe monety lub spiny. Nast\u0119pnie mo\u017cesz zaprosi\u0107 do gry swoich znajomych. Ka\u017cde zaproszenie uprawnia do 40 dodatkowych spin\u00f3w. Gdy osi\u0105gniesz 180 zaproszonych znajomych, otrzymujesz specjalne prezenty.<\/p><p>W\u00a0<strong>\u0142\u0105czenie konta Facebook z Coin Master<\/strong>Mo\u017cesz do\u0142\u0105czy\u0107 do spo\u0142eczno\u015bci przyjaci\u00f3\u0142, kt\u00f3rzy pomog\u0105 Ci w szybkim post\u0119pie. Mo\u017cesz pozna\u0107 wskaz\u00f3wki, triki i strategie budowania swojej wioski. Coin Master pozwala na wymian\u0119 los\u00f3w, kart i innych korzy\u015bci ze znajomymi na Facebooku. Mo\u017cesz nawet do\u0142\u0105czy\u0107 do grup po\u015bwi\u0119conych aplikacji, aby pog\u0142\u0119bi\u0107 swoj\u0105 wiedz\u0119.<\/p><p>\u0141\u0105cz\u0105c swoje konto z Facebookiem, mo\u017cesz zapobiec utracie swoich danych. Twoja<strong>\u00a0post\u0119py s\u0105 rejestrowane<\/strong>\u00a0i przechowywane w czasie rzeczywistym. Je\u015bli aplikacja zostanie z jakiego\u015b powodu usuni\u0119ta, mo\u017cesz by\u0107 pewien, \u017ce Twoje konto zostanie odnalezione, nawet po latach.<\/p><h2>Porady dla pocz\u0105tkuj\u0105cych Mistrz\u00f3w Monet<\/h2><p>Aby robi\u0107 post\u0119py w grze Coin Master, gdy dopiero zaczynasz, potrzebujesz strategii. Oto kilka wskaz\u00f3wek, kt\u00f3re<strong>\u00a0Najlepszy Mistrz Monet<\/strong>\u00a0oferuje.<\/p><h3>B\u0105d\u017a na bie\u017c\u0105co z wydarzeniami<\/h3><p>Okresowo w grze Coin Master organizowane s\u0105 wydarzenia. Je\u015bli chcesz szybciej robi\u0107 post\u0119py, powiniene\u015b zawsze stara\u0107 si\u0119 w nich uczestniczy\u0107. Dzi\u0119ki nim mo\u017cesz wygra\u0107 du\u017c\u0105 ilo\u015b\u0107 dodatkowych spin\u00f3w, lub du\u017c\u0105 ilo\u015b\u0107 monet. Strona\u00a0<strong>premie w stawce<\/strong>\u00a0w wydarzeniach s\u0105 znacznie bardziej znacz\u0105ce ni\u017c to, co mo\u017cesz zarobi\u0107 wykonuj\u0105c jeden lub trzy ataki dziennie. B\u0105d\u017a wi\u0119c stale czujny i podejmij wysi\u0142ek, aby uczestniczy\u0107 w tych okazjonalnych wydarzeniach.<\/p><h3>Wybierz w\u0142a\u015bciwe zwierz\u0119<\/h3><p>W Coin Master zwierz\u0119ta odgrywaj\u0105 bardzo wa\u017cn\u0105 rol\u0119. Na pocz\u0105tku nie posiadasz \u017cadnego. Po osi\u0105gni\u0119ciu pewnego poziomu, funkcja ta zostaje odblokowana. Mo\u017cesz wybra\u0107 pomi\u0119dzy 3 zwierzakami, przy czym musisz zatrzyma\u0107 tylko jednego. Aby dokona\u0107 wyboru, b\u0119dziesz musia\u0142 oprze\u0107 sw\u00f3j wyb\u00f3r na.\u00a0<strong>specyfika ka\u017cdego zwierz\u0119cia<\/strong>.<\/p><h4>Lis<\/h4><p>Kiedy wybierzesz<strong>\u00a0lis<\/strong>\u00a0Jako zwierzak otrzymujesz bonus, gdy wykopujesz czwart\u0105 dziur\u0119 w ataku. Pozwala to na zdobycie jak najwi\u0119kszej ilo\u015bci rog\u00f3w.<\/p><h4>Nosoro\u017cec<\/h4><p>Ten zwierzak oferuje ci\u00a0<strong>premia obronna<\/strong>. Chroni Twoj\u0105 wiosk\u0119 przed najskuteczniejszymi zamachami.<\/p><h4>Tygrys<\/h4><p>Daje ci to premi\u0119, gdy atakujesz inne wioski. Nawet je\u015bli tw\u00f3j cel ma tarcze, nadal mo\u017cesz go spl\u0105drowa\u0107.<\/p><p>Dla\u00a0<strong>wyb\u00f3r zwierz\u0119cia<\/strong>Je\u015bli nie planujesz regularnego otwierania aplikacji, najlepiej wybra\u0107 nosoro\u017cca. Je\u015bli nie planujesz regularnie otwiera\u0107 aplikacji, najlepiej wybra\u0107 nosoro\u017cca. Dzi\u0119ki temu Twoja wioska b\u0119dzie chroniona przed powtarzaj\u0105cymi si\u0119 napadami. Z kolei graczowi, kt\u00f3ry jest przyzwyczajony do przeprowadzania atak\u00f3w, powinien towarzyszy\u0107 tygrys. Do tego typu profilu nadaje si\u0119 r\u00f3wnie\u017c lis. Niezale\u017cnie od tego, co wybierzesz, upewnij si\u0119, \u017ce zachowasz\u00a0<strong>aktywny zwierzak<\/strong>. Postaraj si\u0119 te\u017c j\u0105 ulepszy\u0107, aby by\u0142a bardziej skuteczna.<\/p><p>W miar\u0119 post\u0119p\u00f3w w grze, zach\u0119camy do sprawdzania naszej strony w poszukiwaniu informacji na temat<strong>\u00a0strategie do przyj\u0119cia<\/strong>\u00a0aby \u0142atwiej si\u0119 rozwija\u0107.<\/p>\t\t\t\t\t\t\t\t<\/div>\n\t\t\t\t<\/div>\n\t\t\t\t\t<\/div>\n\t\t<\/div>\n\t\t\t\t\t<\/div>\n\t\t<\/section>\n\t\t\t\t<\/div>","protected":false},"excerpt":{"rendered":"<p>Vous avez probablement d\u00e9j\u00e0 entendu parler de ce jeu mobile qui attire enfants, ado et adultes. Depuis bient\u00f4t une d\u00e9cennie, Coin Master ne cesse de grandir en popularit\u00e9. Des millions de personnes prennent chaque jour du plaisir \u00e0 se connecter \u00e0 cette plateforme d&rsquo;origine isra\u00e9lienne. Avant de jouer, vous devez conna\u00eetre le principe de fonctionnement [&hellip;]<\/p>\n","protected":false},"author":2,"featured_media":0,"parent":0,"menu_order":0,"comment_status":"closed","ping_status":"closed","template":"elementor_header_footer","meta":{"site-sidebar-layout":"default","site-content-layout":"default","ast-site-content-layout":"default","site-content-style":"default","site-sidebar-style":"default","ast-global-header-display":"","ast-banner-title-visibility":"","ast-main-header-display":"","ast-hfb-above-header-display":"","ast-hfb-below-header-display":"","ast-hfb-mobile-header-display":"","site-post-title":"","ast-breadcrumbs-content":"","ast-featured-img":"","footer-sml-layout":"","ast-disable-related-posts":"","theme-transparent-header-meta":"default","adv-header-id-meta":"","stick-header-meta":"","header-above-stick-meta":"","header-main-stick-meta":"","header-below-stick-meta":"","astra-migrate-meta-layouts":"default","ast-page-background-enabled":"default","ast-page-background-meta":{"desktop":{"background-color":"","background-image":"","background-repeat":"repeat","background-position":"center center","background-size":"auto","background-attachment":"scroll","background-type":"","background-media":"","overlay-type":"","overlay-color":"","overlay-opacity":"","overlay-gradient":""},"tablet":{"background-color":"","background-image":"","background-repeat":"repeat","background-position":"center center","background-size":"auto","background-attachment":"scroll","background-type":"","background-media":"","overlay-type":"","overlay-color":"","overlay-opacity":"","overlay-gradient":""},"mobile":{"background-color":"","background-image":"","background-repeat":"repeat","background-position":"center center","background-size":"auto","background-attachment":"scroll","background-type":"","background-media":"","overlay-type":"","overlay-color":"","overlay-opacity":"","overlay-gradient":""}},"ast-content-background-meta":{"desktop":{"background-color":"var(--ast-global-color-5)","background-image":"","background-repeat":"repeat","background-position":"center center","background-size":"auto","background-attachment":"scroll","background-type":"","background-media":"","overlay-type":"","overlay-color":"","overlay-opacity":"","overlay-gradient":""},"tablet":{"background-color":"var(--ast-global-color-5)","background-image":"","background-repeat":"repeat","background-position":"center center","background-size":"auto","background-attachment":"scroll","background-type":"","background-media":"","overlay-type":"","overlay-color":"","overlay-opacity":"","overlay-gradient":""},"mobile":{"background-color":"var(--ast-global-color-5)","background-image":"","background-repeat":"repeat","background-position":"center center","background-size":"auto","background-attachment":"scroll","background-type":"","background-media":"","overlay-type":"","overlay-color":"","overlay-opacity":"","overlay-gradient":""}},"footnotes":""},"class_list":["post-37","page","type-page","status-publish","hentry"],"yoast_head":"<!-- This site is optimized with the Yoast SEO plugin v27.3 - https:\/\/yoast.com\/product\/yoast-seo-wordpress\/ -->\n<title>Guide d\u00e9butant : comment jouer, cr\u00e9er un compte, comprendre les m\u00e9caniques de base - Top Coin Master<\/title>\n<meta name=\"robots\" content=\"index, follow, max-snippet:-1, max-image-preview:large, max-video-preview:-1\" \/>\n<link rel=\"canonical\" href=\"https:\/\/topcoinmaster.com\/pl\/przewodnik-dla-poczatkujacych\/\" \/>\n<meta property=\"og:locale\" content=\"pl_PL\" \/>\n<meta property=\"og:type\" content=\"article\" \/>\n<meta property=\"og:title\" content=\"Guide d\u00e9butant : comment jouer, cr\u00e9er un compte, comprendre les m\u00e9caniques de base - Top Coin Master\" \/>\n<meta property=\"og:description\" content=\"Vous avez probablement d\u00e9j\u00e0 entendu parler de ce jeu mobile qui attire enfants, ado et adultes. Depuis bient\u00f4t une d\u00e9cennie, Coin Master ne cesse de grandir en popularit\u00e9. Des millions de personnes prennent chaque jour du plaisir \u00e0 se connecter \u00e0 cette plateforme d&rsquo;origine isra\u00e9lienne. Avant de jouer, vous devez conna\u00eetre le principe de fonctionnement [&hellip;]\" \/>\n<meta property=\"og:url\" content=\"https:\/\/topcoinmaster.com\/pl\/przewodnik-dla-poczatkujacych\/\" \/>\n<meta property=\"og:site_name\" content=\"Top Coin Master\" \/>\n<meta property=\"article:modified_time\" content=\"2023-03-24T22:04:24+00:00\" \/>\n<meta name=\"twitter:card\" content=\"summary_large_image\" \/>\n<meta name=\"twitter:label1\" content=\"Szacowany czas czytania\" \/>\n\t<meta name=\"twitter:data1\" content=\"8 minut\" \/>\n<script type=\"application\/ld+json\" class=\"yoast-schema-graph\">{\"@context\":\"https:\\\/\\\/schema.org\",\"@graph\":[{\"@type\":\"WebPage\",\"@id\":\"https:\\\/\\\/topcoinmaster.com\\\/guide-debutant\\\/\",\"url\":\"https:\\\/\\\/topcoinmaster.com\\\/guide-debutant\\\/\",\"name\":\"Guide d\u00e9butant : comment jouer, cr\u00e9er un compte, comprendre les m\u00e9caniques de base - Top Coin Master\",\"isPartOf\":{\"@id\":\"https:\\\/\\\/topcoinmaster.com\\\/#website\"},\"datePublished\":\"2020-10-19T18:29:27+00:00\",\"dateModified\":\"2023-03-24T22:04:24+00:00\",\"breadcrumb\":{\"@id\":\"https:\\\/\\\/topcoinmaster.com\\\/guide-debutant\\\/#breadcrumb\"},\"inLanguage\":\"pl-PL\",\"potentialAction\":[{\"@type\":\"ReadAction\",\"target\":[\"https:\\\/\\\/topcoinmaster.com\\\/guide-debutant\\\/\"]}]},{\"@type\":\"BreadcrumbList\",\"@id\":\"https:\\\/\\\/topcoinmaster.com\\\/guide-debutant\\\/#breadcrumb\",\"itemListElement\":[{\"@type\":\"ListItem\",\"position\":1,\"name\":\"Accueil\",\"item\":\"https:\\\/\\\/topcoinmaster.com\\\/\"},{\"@type\":\"ListItem\",\"position\":2,\"name\":\"Guide d\u00e9butant : comment jouer, cr\u00e9er un compte, comprendre les m\u00e9caniques de base\"}]},{\"@type\":\"WebSite\",\"@id\":\"https:\\\/\\\/topcoinmaster.com\\\/#website\",\"url\":\"https:\\\/\\\/topcoinmaster.com\\\/\",\"name\":\"Top Coin Master\",\"description\":\"\",\"publisher\":{\"@id\":\"https:\\\/\\\/topcoinmaster.com\\\/#organization\"},\"potentialAction\":[{\"@type\":\"SearchAction\",\"target\":{\"@type\":\"EntryPoint\",\"urlTemplate\":\"https:\\\/\\\/topcoinmaster.com\\\/?s={search_term_string}\"},\"query-input\":{\"@type\":\"PropertyValueSpecification\",\"valueRequired\":true,\"valueName\":\"search_term_string\"}}],\"inLanguage\":\"pl-PL\"},{\"@type\":\"Organization\",\"@id\":\"https:\\\/\\\/topcoinmaster.com\\\/#organization\",\"name\":\"Top Coin Master\",\"url\":\"https:\\\/\\\/topcoinmaster.com\\\/\",\"logo\":{\"@type\":\"ImageObject\",\"inLanguage\":\"pl-PL\",\"@id\":\"https:\\\/\\\/topcoinmaster.com\\\/#\\\/schema\\\/logo\\\/image\\\/\",\"url\":\"https:\\\/\\\/topcoinmaster.com\\\/wp-content\\\/uploads\\\/2023\\\/03\\\/logo.png\",\"contentUrl\":\"https:\\\/\\\/topcoinmaster.com\\\/wp-content\\\/uploads\\\/2023\\\/03\\\/logo.png\",\"width\":722,\"height\":69,\"caption\":\"Top Coin Master\"},\"image\":{\"@id\":\"https:\\\/\\\/topcoinmaster.com\\\/#\\\/schema\\\/logo\\\/image\\\/\"}}]}<\/script>\n<!-- \/ Yoast SEO plugin. -->","yoast_head_json":{"title":"Poradnik dla pocz\u0105tkuj\u0105cych: jak gra\u0107, za\u0142o\u017cy\u0107 konto, zrozumie\u0107 podstawow\u0105 mechanik\u0119 - Top Coin Master","robots":{"index":"index","follow":"follow","max-snippet":"max-snippet:-1","max-image-preview":"max-image-preview:large","max-video-preview":"max-video-preview:-1"},"canonical":"https:\/\/topcoinmaster.com\/pl\/przewodnik-dla-poczatkujacych\/","og_locale":"pl_PL","og_type":"article","og_title":"Guide d\u00e9butant : comment jouer, cr\u00e9er un compte, comprendre les m\u00e9caniques de base - Top Coin Master","og_description":"Vous avez probablement d\u00e9j\u00e0 entendu parler de ce jeu mobile qui attire enfants, ado et adultes. Depuis bient\u00f4t une d\u00e9cennie, Coin Master ne cesse de grandir en popularit\u00e9. Des millions de personnes prennent chaque jour du plaisir \u00e0 se connecter \u00e0 cette plateforme d&rsquo;origine isra\u00e9lienne. Avant de jouer, vous devez conna\u00eetre le principe de fonctionnement [&hellip;]","og_url":"https:\/\/topcoinmaster.com\/pl\/przewodnik-dla-poczatkujacych\/","og_site_name":"Top Coin Master","article_modified_time":"2023-03-24T22:04:24+00:00","twitter_card":"summary_large_image","twitter_misc":{"Szacowany czas czytania":"8 minut"},"schema":{"@context":"https:\/\/schema.org","@graph":[{"@type":"WebPage","@id":"https:\/\/topcoinmaster.com\/guide-debutant\/","url":"https:\/\/topcoinmaster.com\/guide-debutant\/","name":"Poradnik dla pocz\u0105tkuj\u0105cych: jak gra\u0107, za\u0142o\u017cy\u0107 konto, zrozumie\u0107 podstawow\u0105 mechanik\u0119 - Top Coin Master","isPartOf":{"@id":"https:\/\/topcoinmaster.com\/#website"},"datePublished":"2020-10-19T18:29:27+00:00","dateModified":"2023-03-24T22:04:24+00:00","breadcrumb":{"@id":"https:\/\/topcoinmaster.com\/guide-debutant\/#breadcrumb"},"inLanguage":"pl-PL","potentialAction":[{"@type":"ReadAction","target":["https:\/\/topcoinmaster.com\/guide-debutant\/"]}]},{"@type":"BreadcrumbList","@id":"https:\/\/topcoinmaster.com\/guide-debutant\/#breadcrumb","itemListElement":[{"@type":"ListItem","position":1,"name":"Accueil","item":"https:\/\/topcoinmaster.com\/"},{"@type":"ListItem","position":2,"name":"Guide d\u00e9butant : comment jouer, cr\u00e9er un compte, comprendre les m\u00e9caniques de base"}]},{"@type":"WebSite","@id":"https:\/\/topcoinmaster.com\/#website","url":"https:\/\/topcoinmaster.com\/","name":"Najlepszy Mistrz Monet","description":"","publisher":{"@id":"https:\/\/topcoinmaster.com\/#organization"},"potentialAction":[{"@type":"SearchAction","target":{"@type":"EntryPoint","urlTemplate":"https:\/\/topcoinmaster.com\/?s={search_term_string}"},"query-input":{"@type":"PropertyValueSpecification","valueRequired":true,"valueName":"search_term_string"}}],"inLanguage":"pl-PL"},{"@type":"Organization","@id":"https:\/\/topcoinmaster.com\/#organization","name":"Najlepszy Mistrz Monet","url":"https:\/\/topcoinmaster.com\/","logo":{"@type":"ImageObject","inLanguage":"pl-PL","@id":"https:\/\/topcoinmaster.com\/#\/schema\/logo\/image\/","url":"https:\/\/topcoinmaster.com\/wp-content\/uploads\/2023\/03\/logo.png","contentUrl":"https:\/\/topcoinmaster.com\/wp-content\/uploads\/2023\/03\/logo.png","width":722,"height":69,"caption":"Top Coin Master"},"image":{"@id":"https:\/\/topcoinmaster.com\/#\/schema\/logo\/image\/"}}]}},"_links":{"self":[{"href":"https:\/\/topcoinmaster.com\/pl\/wp-json\/wp\/v2\/pages\/37","targetHints":{"allow":["GET"]}}],"collection":[{"href":"https:\/\/topcoinmaster.com\/pl\/wp-json\/wp\/v2\/pages"}],"about":[{"href":"https:\/\/topcoinmaster.com\/pl\/wp-json\/wp\/v2\/types\/page"}],"author":[{"embeddable":true,"href":"https:\/\/topcoinmaster.com\/pl\/wp-json\/wp\/v2\/users\/2"}],"replies":[{"embeddable":true,"href":"https:\/\/topcoinmaster.com\/pl\/wp-json\/wp\/v2\/comments?post=37"}],"version-history":[{"count":45,"href":"https:\/\/topcoinmaster.com\/pl\/wp-json\/wp\/v2\/pages\/37\/revisions"}],"predecessor-version":[{"id":539,"href":"https:\/\/topcoinmaster.com\/pl\/wp-json\/wp\/v2\/pages\/37\/revisions\/539"}],"wp:attachment":[{"href":"https:\/\/topcoinmaster.com\/pl\/wp-json\/wp\/v2\/media?parent=37"}],"curies":[{"name":"wp","href":"https:\/\/api.w.org\/{rel}","templated":true}]}}