{"id":464,"date":"2023-02-14T09:11:22","date_gmt":"2023-02-14T08:11:22","guid":{"rendered":"https:\/\/swameavis.com\/?page_id=464"},"modified":"2023-03-20T17:29:40","modified_gmt":"2023-03-20T16:29:40","slug":"mentions-legales","status":"publish","type":"page","link":"https:\/\/topcoinmaster.com\/pl\/mentions-legales\/","title":{"rendered":"Informacje prawne"},"content":{"rendered":"<h2 class=\"wp-block-heading\">WARUNKI U\u017bYTKOWANIA<\/h2>\n\n\n\n<p>Korzystanie z tej strony oznacza pe\u0142n\u0105 akceptacj\u0119 og\u00f3lnych warunk\u00f3w u\u017cytkowania opisanych poni\u017cej. Niniejsze warunki u\u017cytkowania mog\u0105 zosta\u0107 zmienione lub uzupe\u0142nione w dowolnym momencie.<\/p>\n\n\n\n<h3 class=\"wp-block-heading\">INFORMACJE<\/h3>\n\n\n\n<p>Informacje i dokumenty znajduj\u0105ce si\u0119 na stronie s\u0105 prezentowane wy\u0142\u0105cznie w celach informacyjnych, nie maj\u0105 charakteru wyczerpuj\u0105cego i nie mog\u0105 anga\u017cowa\u0107 odpowiedzialno\u015bci w\u0142a\u015bciciela strony.<\/p>\n\n\n\n<p>W\u0142a\u015bciciel strony nie ponosi odpowiedzialno\u015bci za jakiekolwiek bezpo\u015brednie lub po\u015brednie szkody wynikaj\u0105ce z dost\u0119pu do strony.<\/p>\n\n\n\n<h3 class=\"wp-block-heading\">INTERAKTYWNO\u015a\u0106<\/h3>\n\n\n\n<p>U\u017cytkownicy serwisu mog\u0105 deponowa\u0107 tre\u015bci, pojawiaj\u0105ce si\u0119 na stronie w dedykowanych miejscach (w szczeg\u00f3lno\u015bci poprzez komentarze). Zamieszczone tre\u015bci pozostaj\u0105 w gestii ich autor\u00f3w, kt\u00f3rzy ponosz\u0105 za nie pe\u0142n\u0105 odpowiedzialno\u015b\u0107 prawn\u0105.<\/p>\n\n\n\n<p>W\u0142a\u015bciciel strony zastrzega sobie jednak prawo do wycofania bez uprzedzenia i bez uzasadnienia wszelkich tre\u015bci zamieszczonych przez u\u017cytkownik\u00f3w, kt\u00f3re nie s\u0105 zgodne z kart\u0105 etyczn\u0105 strony lub z obowi\u0105zuj\u0105cymi przepisami.<\/p>\n\n\n\n<h3 class=\"wp-block-heading\">W\u0141ASNO\u015a\u0106 INTELEKTUALNA<\/h3>\n\n\n\n<p>O ile nie zaznaczono inaczej, wszystkie elementy dost\u0119pne na stronie (teksty, obrazy, grafiki, logotypy, ikony, d\u017awi\u0119ki, oprogramowanie itp.) pozostaj\u0105 wy\u0142\u0105czn\u0105 w\u0142asno\u015bci\u0105 ich autor\u00f3w, w zakresie praw w\u0142asno\u015bci intelektualnej lub praw u\u017cytkowania.&nbsp;<sup><a href=\"https:\/\/www.webexpress.fr\/actualite\/focus\/modele-de-mentions-legales-complet-et-gratuit\/#fn-7013-1\">1<\/a><\/sup><\/p>\n\n\n\n<p>Wszelkie powielanie, przedstawianie, modyfikowanie, publikowanie, adaptowanie wszystkich lub cz\u0119\u015bci element\u00f3w strony, niezale\u017cnie od \u015brodk\u00f3w lub zastosowanego procesu, jest zabronione, z wyj\u0105tkiem wcze\u015bniejszej pisemnej autoryzacji autora.<\/p>\n\n\n\n<p>Ka\u017cde nieuprawnione wykorzystanie strony lub kt\u00f3regokolwiek z element\u00f3w na niej zawartych jest uwa\u017cane za stanowi\u0105ce naruszenie prawa i mo\u017ce by\u0107 \u015bcigane.<\/p>\n\n\n\n<p>Marki i loga reprodukowane na stronie s\u0105 zastrze\u017cone przez firmy, kt\u00f3re s\u0105 ich w\u0142a\u015bcicielami.<\/p>\n\n\n\n<h3 class=\"wp-block-heading\">LINKI<\/h3>\n\n\n\n<p><strong>Linki wychodz\u0105ce<\/strong><br>W\u0142a\u015bciciel strony zrzeka si\u0119 wszelkiej odpowiedzialno\u015bci i nie jest zobowi\u0105zany do powo\u0142ywania si\u0119 za pomoc\u0105 link\u00f3w hipertekstowych na zasoby os\u00f3b trzecich obecne w sieci internetowej, zar\u00f3wno w odniesieniu do ich tre\u015bci, jak i znaczenia.<\/p>\n\n\n\n<p><strong>Linki przychodz\u0105ce<\/strong><br>W\u0142a\u015bciciel serwisu zezwala na umieszczanie hiper\u0142\u0105czy do wszelkich stron tego serwisu, pod warunkiem, \u017ce otwieraj\u0105 one nowe okno i s\u0105 przedstawione w spos\u00f3b jednoznaczny, aby unikn\u0105\u0107 :<\/p>\n\n\n\n<ul class=\"wp-block-list\">\n<li>wszelkie ryzyko pomy\u0142ki mi\u0119dzy stron\u0105 cytuj\u0105c\u0105 a w\u0142a\u015bcicielem strony<\/li>\n\n\n\n<li>jak r\u00f3wnie\u017c wszelkie prezentacje, kt\u00f3re s\u0105 tendencyjne lub sprzeczne z obowi\u0105zuj\u0105cym prawem.<\/li>\n<\/ul>\n\n\n\n<p>W\u0142a\u015bciciel strony zastrzega sobie prawo do \u017c\u0105dania usuni\u0119cia linku, je\u015bli uzna, \u017ce strona \u017ar\u00f3d\u0142owa nie przestrzega tak okre\u015blonych zasad.<\/p>\n\n\n\n<h3 class=\"wp-block-heading\">POUFNO\u015a\u0106<\/h3>\n\n\n\n<p>Ka\u017cdy u\u017cytkownik ma prawo dost\u0119pu, sprostowania i sprzeciwu wobec wszelkich danych osobowych, kt\u00f3re go dotycz\u0105, poprzez z\u0142o\u017cenie pisemnego i podpisanego wniosku wraz z dowodem to\u017csamo\u015bci.<\/p>\n\n\n\n<p>Strona nie zbiera danych osobowych i nie podlega zg\u0142oszeniu do CNIL. (Zast\u0105pione przez przepisy dyrektywy RGPD)<\/p>","protected":false},"excerpt":{"rendered":"<p>CONDITIONS D\u2019UTILISATION L\u2019utilisation du pr\u00e9sent site implique l\u2019acceptation pleine et enti\u00e8re des conditions g\u00e9n\u00e9rales d\u2019utilisation d\u00e9crites ci-apr\u00e8s. Ces conditions d\u2019utilisation sont susceptibles d\u2019\u00eatre modifi\u00e9es ou compl\u00e9t\u00e9es \u00e0 tout moment. INFORMATIONS Les informations et documents du site sont pr\u00e9sent\u00e9s \u00e0 titre indicatif, sans de caract\u00e8re exhaustif, et ne peuvent engager la responsabilit\u00e9 du propri\u00e9taire du site. [&hellip;]<\/p>\n","protected":false},"author":2,"featured_media":0,"parent":0,"menu_order":0,"comment_status":"closed","ping_status":"closed","template":"","meta":{"site-sidebar-layout":"default","site-content-layout":"","ast-site-content-layout":"default","site-content-style":"default","site-sidebar-style":"default","ast-global-header-display":"","ast-banner-title-visibility":"","ast-main-header-display":"","ast-hfb-above-header-display":"","ast-hfb-below-header-display":"","ast-hfb-mobile-header-display":"","site-post-title":"","ast-breadcrumbs-content":"","ast-featured-img":"","footer-sml-layout":"","ast-disable-related-posts":"","theme-transparent-header-meta":"","adv-header-id-meta":"","stick-header-meta":"","header-above-stick-meta":"","header-main-stick-meta":"","header-below-stick-meta":"","astra-migrate-meta-layouts":"default","ast-page-background-enabled":"default","ast-page-background-meta":{"desktop":{"background-color":"","background-image":"","background-repeat":"repeat","background-position":"center center","background-size":"auto","background-attachment":"scroll","background-type":"","background-media":"","overlay-type":"","overlay-color":"","overlay-opacity":"","overlay-gradient":""},"tablet":{"background-color":"","background-image":"","background-repeat":"repeat","background-position":"center center","background-size":"auto","background-attachment":"scroll","background-type":"","background-media":"","overlay-type":"","overlay-color":"","overlay-opacity":"","overlay-gradient":""},"mobile":{"background-color":"","background-image":"","background-repeat":"repeat","background-position":"center center","background-size":"auto","background-attachment":"scroll","background-type":"","background-media":"","overlay-type":"","overlay-color":"","overlay-opacity":"","overlay-gradient":""}},"ast-content-background-meta":{"desktop":{"background-color":"var(--ast-global-color-5)","background-image":"","background-repeat":"repeat","background-position":"center center","background-size":"auto","background-attachment":"scroll","background-type":"","background-media":"","overlay-type":"","overlay-color":"","overlay-opacity":"","overlay-gradient":""},"tablet":{"background-color":"var(--ast-global-color-5)","background-image":"","background-repeat":"repeat","background-position":"center center","background-size":"auto","background-attachment":"scroll","background-type":"","background-media":"","overlay-type":"","overlay-color":"","overlay-opacity":"","overlay-gradient":""},"mobile":{"background-color":"var(--ast-global-color-5)","background-image":"","background-repeat":"repeat","background-position":"center center","background-size":"auto","background-attachment":"scroll","background-type":"","background-media":"","overlay-type":"","overlay-color":"","overlay-opacity":"","overlay-gradient":""}},"footnotes":""},"class_list":["post-464","page","type-page","status-publish","hentry"],"yoast_head":"<!-- This site is optimized with the Yoast SEO plugin v27.4 - https:\/\/yoast.com\/product\/yoast-seo-wordpress\/ -->\n<title>Mentions l\u00e9gales - Top Coin Master<\/title>\n<meta name=\"robots\" content=\"index, follow, max-snippet:-1, max-image-preview:large, max-video-preview:-1\" \/>\n<link rel=\"canonical\" href=\"https:\/\/topcoinmaster.com\/pl\/zatwierdzenia\/\" \/>\n<meta property=\"og:locale\" content=\"pl_PL\" \/>\n<meta property=\"og:type\" content=\"article\" \/>\n<meta property=\"og:title\" content=\"Mentions l\u00e9gales - Top Coin Master\" \/>\n<meta property=\"og:description\" content=\"CONDITIONS D\u2019UTILISATION L\u2019utilisation du pr\u00e9sent site implique l\u2019acceptation pleine et enti\u00e8re des conditions g\u00e9n\u00e9rales d\u2019utilisation d\u00e9crites ci-apr\u00e8s. Ces conditions d\u2019utilisation sont susceptibles d\u2019\u00eatre modifi\u00e9es ou compl\u00e9t\u00e9es \u00e0 tout moment. INFORMATIONS Les informations et documents du site sont pr\u00e9sent\u00e9s \u00e0 titre indicatif, sans de caract\u00e8re exhaustif, et ne peuvent engager la responsabilit\u00e9 du propri\u00e9taire du site. [&hellip;]\" \/>\n<meta property=\"og:url\" content=\"https:\/\/topcoinmaster.com\/pl\/zatwierdzenia\/\" \/>\n<meta property=\"og:site_name\" content=\"Top Coin Master\" \/>\n<meta property=\"article:modified_time\" content=\"2023-03-20T16:29:40+00:00\" \/>\n<meta name=\"twitter:card\" content=\"summary_large_image\" \/>\n<meta name=\"twitter:label1\" content=\"Szacowany czas czytania\" \/>\n\t<meta name=\"twitter:data1\" content=\"3 minuty\" \/>\n<script type=\"application\/ld+json\" class=\"yoast-schema-graph\">{\"@context\":\"https:\\\/\\\/schema.org\",\"@graph\":[{\"@type\":\"WebPage\",\"@id\":\"https:\\\/\\\/topcoinmaster.com\\\/mentions-legales\\\/\",\"url\":\"https:\\\/\\\/topcoinmaster.com\\\/mentions-legales\\\/\",\"name\":\"Mentions l\u00e9gales - Top Coin Master\",\"isPartOf\":{\"@id\":\"https:\\\/\\\/topcoinmaster.com\\\/#website\"},\"datePublished\":\"2023-02-14T08:11:22+00:00\",\"dateModified\":\"2023-03-20T16:29:40+00:00\",\"breadcrumb\":{\"@id\":\"https:\\\/\\\/topcoinmaster.com\\\/mentions-legales\\\/#breadcrumb\"},\"inLanguage\":\"pl-PL\",\"potentialAction\":[{\"@type\":\"ReadAction\",\"target\":[\"https:\\\/\\\/topcoinmaster.com\\\/mentions-legales\\\/\"]}]},{\"@type\":\"BreadcrumbList\",\"@id\":\"https:\\\/\\\/topcoinmaster.com\\\/mentions-legales\\\/#breadcrumb\",\"itemListElement\":[{\"@type\":\"ListItem\",\"position\":1,\"name\":\"Accueil\",\"item\":\"https:\\\/\\\/topcoinmaster.com\\\/\"},{\"@type\":\"ListItem\",\"position\":2,\"name\":\"Mentions l\u00e9gales\"}]},{\"@type\":\"WebSite\",\"@id\":\"https:\\\/\\\/topcoinmaster.com\\\/#website\",\"url\":\"https:\\\/\\\/topcoinmaster.com\\\/\",\"name\":\"Top Coin Master\",\"description\":\"\",\"publisher\":{\"@id\":\"https:\\\/\\\/topcoinmaster.com\\\/#organization\"},\"potentialAction\":[{\"@type\":\"SearchAction\",\"target\":{\"@type\":\"EntryPoint\",\"urlTemplate\":\"https:\\\/\\\/topcoinmaster.com\\\/?s={search_term_string}\"},\"query-input\":{\"@type\":\"PropertyValueSpecification\",\"valueRequired\":true,\"valueName\":\"search_term_string\"}}],\"inLanguage\":\"pl-PL\"},{\"@type\":\"Organization\",\"@id\":\"https:\\\/\\\/topcoinmaster.com\\\/#organization\",\"name\":\"Top Coin Master\",\"url\":\"https:\\\/\\\/topcoinmaster.com\\\/\",\"logo\":{\"@type\":\"ImageObject\",\"inLanguage\":\"pl-PL\",\"@id\":\"https:\\\/\\\/topcoinmaster.com\\\/#\\\/schema\\\/logo\\\/image\\\/\",\"url\":\"https:\\\/\\\/topcoinmaster.com\\\/wp-content\\\/uploads\\\/2023\\\/03\\\/logo.png\",\"contentUrl\":\"https:\\\/\\\/topcoinmaster.com\\\/wp-content\\\/uploads\\\/2023\\\/03\\\/logo.png\",\"width\":722,\"height\":69,\"caption\":\"Top Coin Master\"},\"image\":{\"@id\":\"https:\\\/\\\/topcoinmaster.com\\\/#\\\/schema\\\/logo\\\/image\\\/\"}}]}<\/script>\n<!-- \/ Yoast SEO plugin. -->","yoast_head_json":{"title":"Nota prawna - Top Coin Master","robots":{"index":"index","follow":"follow","max-snippet":"max-snippet:-1","max-image-preview":"max-image-preview:large","max-video-preview":"max-video-preview:-1"},"canonical":"https:\/\/topcoinmaster.com\/pl\/zatwierdzenia\/","og_locale":"pl_PL","og_type":"article","og_title":"Mentions l\u00e9gales - Top Coin Master","og_description":"CONDITIONS D\u2019UTILISATION L\u2019utilisation du pr\u00e9sent site implique l\u2019acceptation pleine et enti\u00e8re des conditions g\u00e9n\u00e9rales d\u2019utilisation d\u00e9crites ci-apr\u00e8s. Ces conditions d\u2019utilisation sont susceptibles d\u2019\u00eatre modifi\u00e9es ou compl\u00e9t\u00e9es \u00e0 tout moment. INFORMATIONS Les informations et documents du site sont pr\u00e9sent\u00e9s \u00e0 titre indicatif, sans de caract\u00e8re exhaustif, et ne peuvent engager la responsabilit\u00e9 du propri\u00e9taire du site. [&hellip;]","og_url":"https:\/\/topcoinmaster.com\/pl\/zatwierdzenia\/","og_site_name":"Top Coin Master","article_modified_time":"2023-03-20T16:29:40+00:00","twitter_card":"summary_large_image","twitter_misc":{"Szacowany czas czytania":"3 minuty"},"schema":{"@context":"https:\/\/schema.org","@graph":[{"@type":"WebPage","@id":"https:\/\/topcoinmaster.com\/mentions-legales\/","url":"https:\/\/topcoinmaster.com\/mentions-legales\/","name":"Nota prawna - Top Coin Master","isPartOf":{"@id":"https:\/\/topcoinmaster.com\/#website"},"datePublished":"2023-02-14T08:11:22+00:00","dateModified":"2023-03-20T16:29:40+00:00","breadcrumb":{"@id":"https:\/\/topcoinmaster.com\/mentions-legales\/#breadcrumb"},"inLanguage":"pl-PL","potentialAction":[{"@type":"ReadAction","target":["https:\/\/topcoinmaster.com\/mentions-legales\/"]}]},{"@type":"BreadcrumbList","@id":"https:\/\/topcoinmaster.com\/mentions-legales\/#breadcrumb","itemListElement":[{"@type":"ListItem","position":1,"name":"Accueil","item":"https:\/\/topcoinmaster.com\/"},{"@type":"ListItem","position":2,"name":"Mentions l\u00e9gales"}]},{"@type":"WebSite","@id":"https:\/\/topcoinmaster.com\/#website","url":"https:\/\/topcoinmaster.com\/","name":"Najlepszy Mistrz Monet","description":"","publisher":{"@id":"https:\/\/topcoinmaster.com\/#organization"},"potentialAction":[{"@type":"SearchAction","target":{"@type":"EntryPoint","urlTemplate":"https:\/\/topcoinmaster.com\/?s={search_term_string}"},"query-input":{"@type":"PropertyValueSpecification","valueRequired":true,"valueName":"search_term_string"}}],"inLanguage":"pl-PL"},{"@type":"Organization","@id":"https:\/\/topcoinmaster.com\/#organization","name":"Najlepszy Mistrz Monet","url":"https:\/\/topcoinmaster.com\/","logo":{"@type":"ImageObject","inLanguage":"pl-PL","@id":"https:\/\/topcoinmaster.com\/#\/schema\/logo\/image\/","url":"https:\/\/topcoinmaster.com\/wp-content\/uploads\/2023\/03\/logo.png","contentUrl":"https:\/\/topcoinmaster.com\/wp-content\/uploads\/2023\/03\/logo.png","width":722,"height":69,"caption":"Top Coin Master"},"image":{"@id":"https:\/\/topcoinmaster.com\/#\/schema\/logo\/image\/"}}]}},"_links":{"self":[{"href":"https:\/\/topcoinmaster.com\/pl\/wp-json\/wp\/v2\/pages\/464","targetHints":{"allow":["GET"]}}],"collection":[{"href":"https:\/\/topcoinmaster.com\/pl\/wp-json\/wp\/v2\/pages"}],"about":[{"href":"https:\/\/topcoinmaster.com\/pl\/wp-json\/wp\/v2\/types\/page"}],"author":[{"embeddable":true,"href":"https:\/\/topcoinmaster.com\/pl\/wp-json\/wp\/v2\/users\/2"}],"replies":[{"embeddable":true,"href":"https:\/\/topcoinmaster.com\/pl\/wp-json\/wp\/v2\/comments?post=464"}],"version-history":[{"count":3,"href":"https:\/\/topcoinmaster.com\/pl\/wp-json\/wp\/v2\/pages\/464\/revisions"}],"predecessor-version":[{"id":514,"href":"https:\/\/topcoinmaster.com\/pl\/wp-json\/wp\/v2\/pages\/464\/revisions\/514"}],"wp:attachment":[{"href":"https:\/\/topcoinmaster.com\/pl\/wp-json\/wp\/v2\/media?parent=464"}],"curies":[{"name":"wp","href":"https:\/\/api.w.org\/{rel}","templated":true}]}}