{"id":534,"date":"2023-03-24T23:05:26","date_gmt":"2023-03-24T22:05:26","guid":{"rendered":"https:\/\/topcoinmaster.com\/?page_id=534"},"modified":"2023-03-25T11:07:52","modified_gmt":"2023-03-25T10:07:52","slug":"guide-avance","status":"publish","type":"page","link":"https:\/\/topcoinmaster.com\/pl\/guide-avance\/","title":{"rendered":"Poradnik dla zaawansowanych: strategie budowania wiosek, wygrywania bitew itp."},"content":{"rendered":"<div data-elementor-type=\"wp-page\" data-elementor-id=\"534\" class=\"elementor elementor-534\" data-elementor-post-type=\"page\">\n\t\t\t\t\t\t<section class=\"elementor-section elementor-top-section elementor-element elementor-element-2e75d80 elementor-section-boxed elementor-section-height-default elementor-section-height-default\" data-id=\"2e75d80\" data-element_type=\"section\" data-e-type=\"section\">\n\t\t\t\t\t\t\t<div class=\"elementor-background-overlay\"><\/div>\n\t\t\t\t\t\t\t<div class=\"elementor-container elementor-column-gap-default\">\n\t\t\t\t\t<div class=\"elementor-column elementor-col-100 elementor-top-column elementor-element elementor-element-72da2fc\" data-id=\"72da2fc\" data-element_type=\"column\" data-e-type=\"column\">\n\t\t\t<div class=\"elementor-widget-wrap elementor-element-populated\">\n\t\t\t\t\t\t<div class=\"elementor-element elementor-element-e948e96 elementor-widget elementor-widget-spacer\" data-id=\"e948e96\" data-element_type=\"widget\" data-e-type=\"widget\" data-widget_type=\"spacer.default\">\n\t\t\t\t<div class=\"elementor-widget-container\">\n\t\t\t\t\t\t\t<div class=\"elementor-spacer\">\n\t\t\t<div class=\"elementor-spacer-inner\"><\/div>\n\t\t<\/div>\n\t\t\t\t\t\t<\/div>\n\t\t\t\t<\/div>\n\t\t\t\t<div class=\"elementor-element elementor-element-762a5ba elementor-widget elementor-widget-spacer\" data-id=\"762a5ba\" data-element_type=\"widget\" data-e-type=\"widget\" data-widget_type=\"spacer.default\">\n\t\t\t\t<div class=\"elementor-widget-container\">\n\t\t\t\t\t\t\t<div class=\"elementor-spacer\">\n\t\t\t<div class=\"elementor-spacer-inner\"><\/div>\n\t\t<\/div>\n\t\t\t\t\t\t<\/div>\n\t\t\t\t<\/div>\n\t\t\t\t<div class=\"elementor-element elementor-element-f40df59 elementor-widget elementor-widget-text-editor\" data-id=\"f40df59\" data-element_type=\"widget\" data-e-type=\"widget\" data-widget_type=\"text-editor.default\">\n\t\t\t\t<div class=\"elementor-widget-container\">\n\t\t\t\t\t\t\t\t\t<p>Prosty, zabawny i \u0142atwy do gry, Coin Master to gra, kt\u00f3ra wyr\u00f3\u017cnia si\u0119 wyj\u0105tkow\u0105 rozgrywk\u0105 i wieloma atutami. Je\u015bli gra\u0142e\u015b w ni\u0105 przez jaki\u015b czas, b\u0119dziesz wiedzia\u0142, jak ekscytuj\u0105ce jest przechodzenie z jednego poziomu na drugi. Bez wzgl\u0119du na to, jak bardzo jeste\u015b do\u015bwiadczony, w miar\u0119 post\u0119p\u00f3w napotkasz trudno\u015bci. Oto kilka wskaz\u00f3wek od Top Coin Master, kt\u00f3re pomog\u0105 Ci \u0142atwiej przej\u015b\u0107 przez gr\u0119.<\/p><h2>Porady jak zdoby\u0107 wi\u0119cej monet w grze Coin Master<\/h2><p>Aby zdoby\u0107 wi\u0119cej monet w tej grze, b\u0119dziesz musia\u0142 u\u017cy\u0107 strategii, ale tak\u017ce cierpliwo\u015bci. Oto kilka wskaz\u00f3wek, kt\u00f3re zdecydowanie powiniene\u015b spr\u00f3bowa\u0107 wprowadzi\u0107 w \u017cycie.<\/p><h3>Zawsze dostaj\u0119 bonus dnia<\/h3><p>Aby szybko rozwija\u0107 si\u0119 w \u015bwiecie Coin Master, musisz\u00a0<strong>wi\u0119cej cz\u0119\u015bci<\/strong>. Oferowane codziennie 50 spin\u00f3w nie wystarczy, by przyspieszy\u0107 Tw\u00f3j post\u0119p. Twoim celem b\u0119dzie zbadanie wszystkich innych sposob\u00f3w na zdobycie zakr\u0119t\u00f3w.<\/p><p>Ka\u017cdego dnia gra oferuje Ci bonus po zalogowaniu. Ten bonus mo\u017ce stanowi\u0107 znaczn\u0105 ilo\u015b\u0107 monet, je\u015bli zgromadzisz go w ci\u0105gu kilku dni. Nie wahaj si\u0119 wi\u0119c logowa\u0107 regularnie, aby otrzyma\u0107 ten\u00a0<strong>ma\u0142y bonus<\/strong>. Zajmie Ci to tylko kilka sekund, a mo\u017cesz nawet u\u017cy\u0107 go do uruchomienia swoich 50 codziennych spin\u00f3w.<\/p><p>Je\u015bli czas pozwala, loguj si\u0119 co godzin\u0119, aby zebra\u0107 dodatkowe 5 spin\u00f3w oferowanych przez aplikacj\u0119. Dzi\u0119ki temu zwi\u0119kszysz swoje szanse na zdobycie g\u0142\u00f3wnego \u0142upu i uzyskanie\u00a0<strong>du\u017ca liczba naro\u017cnik\u00f3w<\/strong>.<\/p><h3>Zapro\u015b swoich znajomych z Facebooka<\/h3><p>Kiedy tworzy\u0142e\u015b swoje konto Coin Master, zosta\u0142e\u015b poproszony o po\u0142\u0105czenie swojego konta na Facebooku. Je\u015bli tego nie zrobi\u0142e\u015b, nadal mo\u017cesz to naprawi\u0107. Wystarczy przej\u015b\u0107 do ustawie\u0144 i post\u0119powa\u0107 zgodnie z instrukcjami, kt\u00f3re s\u0105 bardzo jasne. Nast\u0119pnie musisz tylko zaprosi\u0107 swoich znajomych do gry.<\/p><p>Zalet\u0105 jest to, \u017ce za ka\u017cde zaproszenie otrzymujesz spore bonusy. Mo\u017cesz otrzyma\u0107 nawet do\u00a0<strong>40 dodatkowych obrot\u00f3w<\/strong>\u00a0za ka\u017cd\u0105 zaproszon\u0105 osob\u0119. Nie wahaj si\u0119 wi\u0119c zmaksymalizowa\u0107 liczby zaprosze\u0144, a tym samym zwi\u0119kszy\u0107 swoje szanse na zdobycie wi\u0119kszej ilo\u015bci monet.<\/p><h3>Uczestniczy\u0107 w wydarzeniach<\/h3><p>Od czasu do czasu w grze organizowane s\u0105 eventy. Wi\u0119kszo\u015b\u0107 z nich jest bardzo ciekawa i mo\u017cna zdoby\u0107 wspania\u0142e nagrody. Wystarczy tylko post\u0119powa\u0107 zgodnie z instrukcjami i bra\u0107 w nich udzia\u0142. W zasadzie powiniene\u015b\u00a0<strong>uzyska\u0107 zyski<\/strong>\u00a0kt\u00f3re mo\u017cesz wykorzysta\u0107 do budowy swojej wioski. Nagrody za wydarzenia nie zawsze s\u0105 monetami, ale zawsze s\u0105 bardzo przydatne. Wi\u0119c bierz udzia\u0142 jak najcz\u0119\u015bciej.<\/p><table><thead><tr><th>Kolekcja<\/th><th>Nagroda<\/th><\/tr><\/thead><tbody><tr><td>Mityczne stworzenia<\/td><td>50,000 monet + 10 spin\u00f3w + 1 tarcza<\/td><\/tr><tr><td>B\u00f3stwa egipskie<\/td><td>100,000 monet + 20 spin\u00f3w + 2 tarcze<\/td><\/tr><tr><td>Wr\u00f3\u017ckowe Kr\u00f3lestwo<\/td><td>250,000 monet + 50 spin\u00f3w + 3 tarcze<\/td><\/tr><\/tbody><\/table><h2>Jak szybko osi\u0105gn\u0105\u0107 post\u0119p w Coin Master?<\/h2><p>Aby osi\u0105gn\u0105\u0107 najwy\u017cszy mo\u017cliwy poziom w tej grze, nie wystarczy codzienne zbieranie monet. Musisz zbiera\u0107 inne elementy, ale przede wszystkim musisz przyj\u0105\u0107 dobr\u0105 strategi\u0119 obrony.<\/p><h3>Uko\u0144cz kolekcje kart<\/h3><p>W miar\u0119 ulepszania swoich wiosek w Coin Master, odblokujesz nowe kolekcje kart. Ka\u017cdy zestaw reprezentuje bonus. Twoim zadaniem jest zebranie wszystkich kart z ka\u017cdej kolekcji, aby\u00a0<strong>otrzyma\u0107 premi\u0119<\/strong>\u00a0zwi\u0105zane z nim. Jest to zazwyczaj bardzo interesuj\u0105ce i pomo\u017ce Ci zrobi\u0107 niezwyk\u0142e post\u0119py.<\/p><p>Idealnie by\u0142oby, gdyby\u015b przed przej\u015bciem do wy\u017cszej wioski skompletowa\u0142 ka\u017cd\u0105 kolekcj\u0119 dost\u0119pnych kart. P\u00f3\u017aniej zdobycie niekt\u00f3rych kart b\u0119dzie bardzo trudne. Nawet je\u015bli twoim celem jest szybkie przej\u015bcie do\u00a0<strong>wy\u017csze poziomy<\/strong>Nie spiesz si\u0119 z niczym. W niekt\u00f3rych etapach mo\u017cesz utkn\u0105\u0107 na wiele dni, po prostu dlatego, \u017ce brakuje ci pewnych przedmiot\u00f3w, kt\u00f3re m\u00f3g\u0142by\u015b zdoby\u0107 \u0142atwiej. Aby uzupe\u0142ni\u0107 kolekcje kart, mo\u017cesz wykorzysta\u0107 swoje rogi, aby kupi\u0107 skrzynie w sklepie. Je\u015bli masz zduplikowane karty, mo\u017cesz je r\u00f3wnie\u017c wymieni\u0107 z przyjaci\u00f3\u0142mi na te, kt\u00f3rych Ci brakuje.<\/p><h3>Wydawaj swoje monety strategicznie<\/h3><p>Rogi, kt\u00f3re otrzymujesz z powrotem po ich wykonaniu, musz\u0105 by\u0107 zarz\u0105dzane w m\u0105dry i ostro\u017cny spos\u00f3b. Powiniene\u015b u\u017cywa\u0107 ich do kupowania przedmiot\u00f3w potrzebnych dla twojej wioski lub do wprowadzania ulepsze\u0144 w odpowiednich momentach. Czasami monety powinny zosta\u0107 wykorzystane do zainwestowania w zakup m.in. <strong>pude\u0142ka na karty<\/strong>. To do Ciebie nale\u017cy analiza warto\u015bci ka\u017cdego wydatku przed jego dokonaniem. Z\u0142a inwestycja twoich monet na d\u0142u\u017csz\u0105 met\u0119 b\u0119dzie dla ciebie szkodliwa i b\u0119dziesz tylko dyma\u0142. B\u0105d\u017a wi\u0119c skrupulatny w zarz\u0105dzaniu swoimi zakamarkami.<\/p><p>Zanim jeszcze uruchomisz maszyn\u0119, powiniene\u015b z g\u00f3ry wiedzie\u0107, co planujesz poprawi\u0107. Dzi\u0119ki temu oszcz\u0119dzisz sobie skr\u0119t\u00f3w na wa\u017cniejsze okazje.<\/p><h3>Unikaj przechowywania zbyt wielu monet<\/h3><p>Na pewnym poziomie gry posiadanie dobrego zapasu naro\u017cnik\u00f3w mo\u017ce by\u0107 ca\u0142kiem interesuj\u0105ce. Wielcy gracze na \u015bwiecie maj\u0105 ich sporo. Zanim jednak dojdziesz do tego etapu i pod warunkiem, \u017ce wykorzystasz ich strategie, powiniene\u015b unika\u0107 pozostawiania du\u017cej ilo\u015bci monet w swojej wiosce. W przeciwnym razie staniesz si\u0119 popularnym celem dla wielu innych graczy, zw\u0142aszcza twoich przyjaci\u00f3\u0142. Ca\u0142y wysi\u0142ek, jaki w\u0142o\u017cy\u0142by\u015b w zgromadzenie tak wielu monet, poszed\u0142by na marne. Dlatego, gdy tylko zgromadzisz okre\u015blon\u0105 liczb\u0119 monet, nie wahaj si\u0119\u00a0<strong>wyda\u0107 je na ulepszenie swojej wioski<\/strong>.<\/p><p>Jedyny moment, w kt\u00f3rym mo\u017cesz sobie pozwoli\u0107 na nieinwestowanie rog\u00f3w to ten, w kt\u00f3rym masz tarcz\u0119 chroni\u0105c\u0105 twoj\u0105 wiosk\u0119. Poza tym jest to niepotrzebne ryzyko.<\/p><h3>Unikaj atakowania swoich przyjaci\u00f3\u0142<\/h3><p>Naprawd\u0119 nie ma sensu wypowiada\u0107 wojny swoim przyjacio\u0142om. Mog\u0105 oni w ka\u017cdej chwili wzi\u0105\u0107 odwet i zamieni\u0142oby si\u0119 to w nieko\u0144cz\u0105c\u0105 si\u0119 bitw\u0119. Rzeczywi\u015bcie zmobilizujesz wiele zasob\u00f3w poprzez grabie\u017c, ale to ci nie pomo\u017ce, poniewa\u017c twoi przyjaciele zawsze znajd\u0105 spos\u00f3b, aby zdoby\u0107 wszystko. Aby \u0142atwiej osi\u0105gn\u0105\u0107 post\u0119p w grze, nie b\u0105d\u017a\u00a0<strong>nigdy nie by\u0142 pierwszym, kt\u00f3ry rozpocz\u0105\u0142 nalot<\/strong>\u00a0przeciwko znajomemu z Facebooka.<\/p><p>Je\u015bli pad\u0142e\u015b ofiar\u0105 ataku ze strony kogo\u015b bliskiego, mo\u017cesz r\u00f3wnie\u017c unikn\u0105\u0107 odwetu. W ten spos\u00f3b nie zach\u0119casz do ewentualnego konfliktu, kt\u00f3ry nie by\u0142by dla Ciebie korzystny. Je\u015bli przyjaciel uparcie atakuje Ci\u0119 pomimo\u00a0<strong>odmowa walki<\/strong>Nie wahaj si\u0119 z nim porozmawia\u0107. Mo\u017cecie napisa\u0107 do niego na Facebooku, aby grzecznie poprosi\u0107 go o zaprzestanie tych nieustannych napad\u00f3w na wasz\u0105 wiosk\u0119.<\/p><h2>Jak chroni\u0107 swoj\u0105 wiosk\u0119 w grze Coin Master?<\/h2><p>Cierpi\u0105c z powodu ci\u0105g\u0142ych atak\u00f3w, b\u0119dziesz mia\u0142 trudno\u015bci z post\u0119pami w grze <a href=\"https:\/\/topcoinmaster.com\/pl\/\">Mistrz monet<\/a>. B\u0119dziesz musia\u0142 znale\u017a\u0107 skuteczne sposoby na ochron\u0119 swojej wioski, zw\u0142aszcza gdy jeste\u015b na poziomie zaawansowanym.<\/p><h3>Zbierz tarcze<\/h3><p>Je\u015bli jeste\u015b na zaawansowanym poziomie w grze Coin Master, na pewno wiesz, jak wa\u017cne s\u0105 tarcze. Chroni\u0105 Ci\u0119 one przed atakami innych graczy. Tarcza to ochrona przed atakiem. Im dalej posuwasz si\u0119 w grze, tym wi\u0119cej masz mo\u017cliwo\u015bci\u00a0<strong>zgromadzi\u0107 kilka tarcz<\/strong>.<\/p><p>Ma\u0142a wskaz\u00f3wka, kt\u00f3r\u0105 dajemy, to zdobycie co najmniej 3 tarcz, zanim przyst\u0105pisz do budowy wioski. Dop\u00f3ki nie jeste\u015b gotowy do sfinalizowania ulepszenia wioski, nie wydawaj pieni\u0119dzy bez tarczy. Mo\u017ce si\u0119 okaza\u0107, \u017ce po kolejnych atakach b\u0119dziesz musia\u0142 zaczyna\u0107 wszystko od nowa.<\/p><h3>Zaadoptuj nosoro\u017cca<\/h3><p>Od czwartej wioski wybierasz zwierzaka, szczeg\u00f3lnie wed\u0142ug swoich potrzeb. Ten wyb\u00f3r nie jest ostateczny. Nawet je\u015bli wybra\u0142e\u015b lisa lub tygrysa, zawsze mo\u017cesz zmieni\u0107 swojego pupila. W fazie defensywnej, nosoro\u017cec jest najlepsz\u0105 opcj\u0105. B\u0119dzie on bardzo przydatny, je\u015bli masz\u00a0<strong>wiele rog\u00f3w do ochrony<\/strong>Mo\u017cesz go r\u00f3wnie\u017c u\u017cy\u0107 jako mechanizmu obronnego, je\u015bli dopiero zacz\u0105\u0142e\u015b budowa\u0107 w swojej wiosce. B\u0119dziesz jednak musia\u0142 utrzymywa\u0107 go w stanie aktywnym, aby m\u00f3g\u0142 spe\u0142nia\u0107 swoj\u0105 rol\u0119 jako obro\u0144ca. Pomy\u015bl r\u00f3wnie\u017c o poprawieniu jego poziomu, aby by\u0142 bardziej wydajny.<\/p><table><thead><tr><th>firma<\/th><th>G\u0142\u00f3wna korzy\u015b\u0107<\/th><th>Poziom odblokowania<\/th><\/tr><\/thead><tbody><tr><td>Rhino<\/td><td>Chroni wiosk\u0119 przed atakami<\/td><td>4<\/td><\/tr><tr><td>Fox<\/td><td>Znajd\u017a dodatkowe monety podczas rajdu<\/td><td>4<\/td><\/tr><tr><td>Tiger<\/td><td>Zwi\u0119ksza zyski z ataku<\/td><td>4<\/td><\/tr><\/tbody><\/table><h3>Buduj wioski tylko wtedy, gdy masz zasoby<\/h3><p>Na pocz\u0105tku gry mo\u017cesz sobie pozwoli\u0107 na budowanie swoich wiosek w po\u015bpiechu. Ale gdy osi\u0105gniesz pewien poziom, wa\u017cne jest, aby by\u0107 cierpliwym. Naj\u0142atwiejszym sposobem na ochron\u0119 swojej wioski jest nie budowanie jej. Zostaw j\u0105 ca\u0142kowicie pust\u0105, dop\u00f3ki nie b\u0119dziesz mia\u0142 zasob\u00f3w na\u00a0<strong>the<\/strong>\u00a0<strong>zbudowa\u0107 za jednym zamachem<\/strong>. W ten spos\u00f3b twoi przyjaciele nie b\u0119d\u0105 mieli interesu w atakowaniu ci\u0119, a nawet je\u015bli to zrobi\u0105, nie b\u0119d\u0105 mieli \u017cadnych budynk\u00f3w do zniszczenia. Kiedy b\u0119dziesz gotowy, zbuduj swoj\u0105 wiosk\u0119, a nast\u0119pnie przejd\u017a do nast\u0119pnej itd.<\/p><p>Je\u015bli nie wiesz, ile cz\u0119\u015bci potrzeba do wykonania modernizacji wsi, sprawd\u017a nasz\u0105 platform\u0119. Na stronie\u00a0<strong>Najlepszy Mistrz Monet<\/strong>Dostarczyli\u015bmy Ci wszystkich informacji, kt\u00f3re s\u0105 potrzebne do post\u0119pu. Na przyk\u0142ad, aby uko\u0144czy\u0107 18 wiosk\u0119, Wonderland, b\u0119dziesz potrzebowa\u0142 co najmniej 67 milion\u00f3w, podczas gdy w Coin Manor b\u0119dziesz potrzebowa\u0142 109 milion\u00f3w. Dalej, w Yankee, w 126. wiosce, b\u0119dziesz potrzebowa\u0142 9,2 miliarda. Od 277. wioski potrzebujesz co najmniej 1 bilion.<\/p><table><thead><tr><th>Numer miejscowo\u015bci<\/th><th>Nazwa miejscowo\u015bci<\/th><th>Koszty budowy<\/th><\/tr><\/thead><tbody><tr><td>1<\/td><td>Kraina Wiking\u00f3w<\/td><td>3,1 mln<\/td><\/tr><tr><td>18<\/td><td>Wonderland<\/td><td>67 mln<\/td><\/tr><tr><td>50<\/td><td>Corner Manor<\/td><td>109 mln<\/td><\/tr><tr><td>126<\/td><td>Yankee<\/td><td>9,2 mld<\/td><\/tr><tr><td>277<\/td><td>Futurystyczne miasto<\/td><td>1 bilion<\/td><\/tr><\/tbody><\/table>\t\t\t\t\t\t\t\t<\/div>\n\t\t\t\t<\/div>\n\t\t\t\t\t<\/div>\n\t\t<\/div>\n\t\t\t\t\t<\/div>\n\t\t<\/section>\n\t\t\t\t<\/div>","protected":false},"excerpt":{"rendered":"<p>Simple, amusant et facile \u00e0 jouer, Coin Master est un jeu qui se d\u00e9marque par son Game Play exceptionnel et ses nombreux atouts. Si vous y jouez depuis un moment, vous savez sans doute combien il est passionnant de passer d&rsquo;un niveau \u00e0 un autre. Quelle que soit votre exp\u00e9rience, vous rencontrerez des difficult\u00e9s au [&hellip;]<\/p>\n","protected":false},"author":2,"featured_media":0,"parent":0,"menu_order":0,"comment_status":"closed","ping_status":"closed","template":"","meta":{"site-sidebar-layout":"no-sidebar","site-content-layout":"page-builder","ast-site-content-layout":"default","site-content-style":"default","site-sidebar-style":"default","ast-global-header-display":"","ast-banner-title-visibility":"","ast-main-header-display":"","ast-hfb-above-header-display":"","ast-hfb-below-header-display":"","ast-hfb-mobile-header-display":"","site-post-title":"disabled","ast-breadcrumbs-content":"","ast-featured-img":"disabled","footer-sml-layout":"","ast-disable-related-posts":"","theme-transparent-header-meta":"","adv-header-id-meta":"","stick-header-meta":"","header-above-stick-meta":"","header-main-stick-meta":"","header-below-stick-meta":"","astra-migrate-meta-layouts":"default","ast-page-background-enabled":"default","ast-page-background-meta":{"desktop":{"background-color":"","background-image":"","background-repeat":"repeat","background-position":"center center","background-size":"auto","background-attachment":"scroll","background-type":"","background-media":"","overlay-type":"","overlay-color":"","overlay-opacity":"","overlay-gradient":""},"tablet":{"background-color":"","background-image":"","background-repeat":"repeat","background-position":"center center","background-size":"auto","background-attachment":"scroll","background-type":"","background-media":"","overlay-type":"","overlay-color":"","overlay-opacity":"","overlay-gradient":""},"mobile":{"background-color":"","background-image":"","background-repeat":"repeat","background-position":"center center","background-size":"auto","background-attachment":"scroll","background-type":"","background-media":"","overlay-type":"","overlay-color":"","overlay-opacity":"","overlay-gradient":""}},"ast-content-background-meta":{"desktop":{"background-color":"var(--ast-global-color-5)","background-image":"","background-repeat":"repeat","background-position":"center center","background-size":"auto","background-attachment":"scroll","background-type":"","background-media":"","overlay-type":"","overlay-color":"","overlay-opacity":"","overlay-gradient":""},"tablet":{"background-color":"var(--ast-global-color-5)","background-image":"","background-repeat":"repeat","background-position":"center center","background-size":"auto","background-attachment":"scroll","background-type":"","background-media":"","overlay-type":"","overlay-color":"","overlay-opacity":"","overlay-gradient":""},"mobile":{"background-color":"var(--ast-global-color-5)","background-image":"","background-repeat":"repeat","background-position":"center center","background-size":"auto","background-attachment":"scroll","background-type":"","background-media":"","overlay-type":"","overlay-color":"","overlay-opacity":"","overlay-gradient":""}},"footnotes":""},"class_list":["post-534","page","type-page","status-publish","hentry"],"yoast_head":"<!-- This site is optimized with the Yoast SEO plugin v27.3 - https:\/\/yoast.com\/product\/yoast-seo-wordpress\/ -->\n<title>Guide avanc\u00e9 : strat\u00e9gies pour construire des villages, gagner des batailles, etc. - Top Coin Master<\/title>\n<meta name=\"robots\" content=\"index, follow, max-snippet:-1, max-image-preview:large, max-video-preview:-1\" \/>\n<link rel=\"canonical\" href=\"https:\/\/topcoinmaster.com\/pl\/przewodnik-wstepny\/\" \/>\n<meta property=\"og:locale\" content=\"pl_PL\" \/>\n<meta property=\"og:type\" content=\"article\" \/>\n<meta property=\"og:title\" content=\"Guide avanc\u00e9 : strat\u00e9gies pour construire des villages, gagner des batailles, etc. - Top Coin Master\" \/>\n<meta property=\"og:description\" content=\"Simple, amusant et facile \u00e0 jouer, Coin Master est un jeu qui se d\u00e9marque par son Game Play exceptionnel et ses nombreux atouts. Si vous y jouez depuis un moment, vous savez sans doute combien il est passionnant de passer d&rsquo;un niveau \u00e0 un autre. Quelle que soit votre exp\u00e9rience, vous rencontrerez des difficult\u00e9s au [&hellip;]\" \/>\n<meta property=\"og:url\" content=\"https:\/\/topcoinmaster.com\/pl\/przewodnik-wstepny\/\" \/>\n<meta property=\"og:site_name\" content=\"Top Coin Master\" \/>\n<meta property=\"article:modified_time\" content=\"2023-03-25T10:07:52+00:00\" \/>\n<meta name=\"twitter:card\" content=\"summary_large_image\" \/>\n<meta name=\"twitter:label1\" content=\"Szacowany czas czytania\" \/>\n\t<meta name=\"twitter:data1\" content=\"9 minut\" \/>\n<script type=\"application\/ld+json\" class=\"yoast-schema-graph\">{\"@context\":\"https:\\\/\\\/schema.org\",\"@graph\":[{\"@type\":\"WebPage\",\"@id\":\"https:\\\/\\\/topcoinmaster.com\\\/guide-avance\\\/\",\"url\":\"https:\\\/\\\/topcoinmaster.com\\\/guide-avance\\\/\",\"name\":\"Guide avanc\u00e9 : strat\u00e9gies pour construire des villages, gagner des batailles, etc. - Top Coin Master\",\"isPartOf\":{\"@id\":\"https:\\\/\\\/topcoinmaster.com\\\/#website\"},\"datePublished\":\"2023-03-24T22:05:26+00:00\",\"dateModified\":\"2023-03-25T10:07:52+00:00\",\"breadcrumb\":{\"@id\":\"https:\\\/\\\/topcoinmaster.com\\\/guide-avance\\\/#breadcrumb\"},\"inLanguage\":\"pl-PL\",\"potentialAction\":[{\"@type\":\"ReadAction\",\"target\":[\"https:\\\/\\\/topcoinmaster.com\\\/guide-avance\\\/\"]}]},{\"@type\":\"BreadcrumbList\",\"@id\":\"https:\\\/\\\/topcoinmaster.com\\\/guide-avance\\\/#breadcrumb\",\"itemListElement\":[{\"@type\":\"ListItem\",\"position\":1,\"name\":\"Accueil\",\"item\":\"https:\\\/\\\/topcoinmaster.com\\\/\"},{\"@type\":\"ListItem\",\"position\":2,\"name\":\"Guide avanc\u00e9 : strat\u00e9gies pour construire des villages, gagner des batailles, etc.\"}]},{\"@type\":\"WebSite\",\"@id\":\"https:\\\/\\\/topcoinmaster.com\\\/#website\",\"url\":\"https:\\\/\\\/topcoinmaster.com\\\/\",\"name\":\"Top Coin Master\",\"description\":\"\",\"publisher\":{\"@id\":\"https:\\\/\\\/topcoinmaster.com\\\/#organization\"},\"potentialAction\":[{\"@type\":\"SearchAction\",\"target\":{\"@type\":\"EntryPoint\",\"urlTemplate\":\"https:\\\/\\\/topcoinmaster.com\\\/?s={search_term_string}\"},\"query-input\":{\"@type\":\"PropertyValueSpecification\",\"valueRequired\":true,\"valueName\":\"search_term_string\"}}],\"inLanguage\":\"pl-PL\"},{\"@type\":\"Organization\",\"@id\":\"https:\\\/\\\/topcoinmaster.com\\\/#organization\",\"name\":\"Top Coin Master\",\"url\":\"https:\\\/\\\/topcoinmaster.com\\\/\",\"logo\":{\"@type\":\"ImageObject\",\"inLanguage\":\"pl-PL\",\"@id\":\"https:\\\/\\\/topcoinmaster.com\\\/#\\\/schema\\\/logo\\\/image\\\/\",\"url\":\"https:\\\/\\\/topcoinmaster.com\\\/wp-content\\\/uploads\\\/2023\\\/03\\\/logo.png\",\"contentUrl\":\"https:\\\/\\\/topcoinmaster.com\\\/wp-content\\\/uploads\\\/2023\\\/03\\\/logo.png\",\"width\":722,\"height\":69,\"caption\":\"Top Coin Master\"},\"image\":{\"@id\":\"https:\\\/\\\/topcoinmaster.com\\\/#\\\/schema\\\/logo\\\/image\\\/\"}}]}<\/script>\n<!-- \/ Yoast SEO plugin. -->","yoast_head_json":{"title":"Poradnik dla zaawansowanych: strategie budowania wiosek, wygrywania bitew itp. - Top Coin Master","robots":{"index":"index","follow":"follow","max-snippet":"max-snippet:-1","max-image-preview":"max-image-preview:large","max-video-preview":"max-video-preview:-1"},"canonical":"https:\/\/topcoinmaster.com\/pl\/przewodnik-wstepny\/","og_locale":"pl_PL","og_type":"article","og_title":"Guide avanc\u00e9 : strat\u00e9gies pour construire des villages, gagner des batailles, etc. - Top Coin Master","og_description":"Simple, amusant et facile \u00e0 jouer, Coin Master est un jeu qui se d\u00e9marque par son Game Play exceptionnel et ses nombreux atouts. Si vous y jouez depuis un moment, vous savez sans doute combien il est passionnant de passer d&rsquo;un niveau \u00e0 un autre. Quelle que soit votre exp\u00e9rience, vous rencontrerez des difficult\u00e9s au [&hellip;]","og_url":"https:\/\/topcoinmaster.com\/pl\/przewodnik-wstepny\/","og_site_name":"Top Coin Master","article_modified_time":"2023-03-25T10:07:52+00:00","twitter_card":"summary_large_image","twitter_misc":{"Szacowany czas czytania":"9 minut"},"schema":{"@context":"https:\/\/schema.org","@graph":[{"@type":"WebPage","@id":"https:\/\/topcoinmaster.com\/guide-avance\/","url":"https:\/\/topcoinmaster.com\/guide-avance\/","name":"Poradnik dla zaawansowanych: strategie budowania wiosek, wygrywania bitew itp. - Top Coin Master","isPartOf":{"@id":"https:\/\/topcoinmaster.com\/#website"},"datePublished":"2023-03-24T22:05:26+00:00","dateModified":"2023-03-25T10:07:52+00:00","breadcrumb":{"@id":"https:\/\/topcoinmaster.com\/guide-avance\/#breadcrumb"},"inLanguage":"pl-PL","potentialAction":[{"@type":"ReadAction","target":["https:\/\/topcoinmaster.com\/guide-avance\/"]}]},{"@type":"BreadcrumbList","@id":"https:\/\/topcoinmaster.com\/guide-avance\/#breadcrumb","itemListElement":[{"@type":"ListItem","position":1,"name":"Accueil","item":"https:\/\/topcoinmaster.com\/"},{"@type":"ListItem","position":2,"name":"Guide avanc\u00e9 : strat\u00e9gies pour construire des villages, gagner des batailles, etc."}]},{"@type":"WebSite","@id":"https:\/\/topcoinmaster.com\/#website","url":"https:\/\/topcoinmaster.com\/","name":"Najlepszy Mistrz Monet","description":"","publisher":{"@id":"https:\/\/topcoinmaster.com\/#organization"},"potentialAction":[{"@type":"SearchAction","target":{"@type":"EntryPoint","urlTemplate":"https:\/\/topcoinmaster.com\/?s={search_term_string}"},"query-input":{"@type":"PropertyValueSpecification","valueRequired":true,"valueName":"search_term_string"}}],"inLanguage":"pl-PL"},{"@type":"Organization","@id":"https:\/\/topcoinmaster.com\/#organization","name":"Najlepszy Mistrz Monet","url":"https:\/\/topcoinmaster.com\/","logo":{"@type":"ImageObject","inLanguage":"pl-PL","@id":"https:\/\/topcoinmaster.com\/#\/schema\/logo\/image\/","url":"https:\/\/topcoinmaster.com\/wp-content\/uploads\/2023\/03\/logo.png","contentUrl":"https:\/\/topcoinmaster.com\/wp-content\/uploads\/2023\/03\/logo.png","width":722,"height":69,"caption":"Top Coin Master"},"image":{"@id":"https:\/\/topcoinmaster.com\/#\/schema\/logo\/image\/"}}]}},"_links":{"self":[{"href":"https:\/\/topcoinmaster.com\/pl\/wp-json\/wp\/v2\/pages\/534","targetHints":{"allow":["GET"]}}],"collection":[{"href":"https:\/\/topcoinmaster.com\/pl\/wp-json\/wp\/v2\/pages"}],"about":[{"href":"https:\/\/topcoinmaster.com\/pl\/wp-json\/wp\/v2\/types\/page"}],"author":[{"embeddable":true,"href":"https:\/\/topcoinmaster.com\/pl\/wp-json\/wp\/v2\/users\/2"}],"replies":[{"embeddable":true,"href":"https:\/\/topcoinmaster.com\/pl\/wp-json\/wp\/v2\/comments?post=534"}],"version-history":[{"count":13,"href":"https:\/\/topcoinmaster.com\/pl\/wp-json\/wp\/v2\/pages\/534\/revisions"}],"predecessor-version":[{"id":550,"href":"https:\/\/topcoinmaster.com\/pl\/wp-json\/wp\/v2\/pages\/534\/revisions\/550"}],"wp:attachment":[{"href":"https:\/\/topcoinmaster.com\/pl\/wp-json\/wp\/v2\/media?parent=534"}],"curies":[{"name":"wp","href":"https:\/\/api.w.org\/{rel}","templated":true}]}}