{"id":37,"date":"2020-10-19T20:29:27","date_gmt":"2020-10-19T18:29:27","guid":{"rendered":"https:\/\/topmymfans.com\/?page_id=37"},"modified":"2023-03-24T23:04:24","modified_gmt":"2023-03-24T22:04:24","slug":"guia-para-iniciantes","status":"publish","type":"page","link":"https:\/\/topcoinmaster.com\/pt\/guide-debutant\/","title":{"rendered":"Guia para principiantes: como jogar, criar uma conta, compreender a mec\u00e2nica b\u00e1sica"},"content":{"rendered":"<div data-elementor-type=\"wp-page\" data-elementor-id=\"37\" class=\"elementor elementor-37\" data-elementor-post-type=\"page\">\n\t\t\t\t\t\t<section class=\"elementor-section elementor-top-section elementor-element elementor-element-e5cfd49 elementor-section-boxed elementor-section-height-default elementor-section-height-default\" data-id=\"e5cfd49\" data-element_type=\"section\" data-e-type=\"section\">\n\t\t\t\t\t\t\t<div class=\"elementor-background-overlay\"><\/div>\n\t\t\t\t\t\t\t<div class=\"elementor-container elementor-column-gap-default\">\n\t\t\t\t\t<div class=\"elementor-column elementor-col-100 elementor-top-column elementor-element elementor-element-393beee\" data-id=\"393beee\" data-element_type=\"column\" data-e-type=\"column\">\n\t\t\t<div class=\"elementor-widget-wrap elementor-element-populated\">\n\t\t\t\t\t\t<div class=\"elementor-element elementor-element-2f4c82d elementor-widget elementor-widget-spacer\" data-id=\"2f4c82d\" data-element_type=\"widget\" data-e-type=\"widget\" data-widget_type=\"spacer.default\">\n\t\t\t\t<div class=\"elementor-widget-container\">\n\t\t\t\t\t\t\t<div class=\"elementor-spacer\">\n\t\t\t<div class=\"elementor-spacer-inner\"><\/div>\n\t\t<\/div>\n\t\t\t\t\t\t<\/div>\n\t\t\t\t<\/div>\n\t\t\t\t<div class=\"elementor-element elementor-element-359d038 elementor-widget elementor-widget-spacer\" data-id=\"359d038\" data-element_type=\"widget\" data-e-type=\"widget\" data-widget_type=\"spacer.default\">\n\t\t\t\t<div class=\"elementor-widget-container\">\n\t\t\t\t\t\t\t<div class=\"elementor-spacer\">\n\t\t\t<div class=\"elementor-spacer-inner\"><\/div>\n\t\t<\/div>\n\t\t\t\t\t\t<\/div>\n\t\t\t\t<\/div>\n\t\t\t\t<div class=\"elementor-element elementor-element-549f662 elementor-widget elementor-widget-text-editor\" data-id=\"549f662\" data-element_type=\"widget\" data-e-type=\"widget\" data-widget_type=\"text-editor.default\">\n\t\t\t\t<div class=\"elementor-widget-container\">\n\t\t\t\t\t\t\t\t\t<p>J\u00e1 deve ter ouvido falar deste jogo m\u00f3vel que atrai crian\u00e7as, adolescentes e adultos. O Coin Master tem vindo a crescer em popularidade h\u00e1 quase uma d\u00e9cada. Milh\u00f5es de pessoas gostam de jogar esta plataforma israelita todos os dias. Antes de jogar, deve saber como funciona esta aplica\u00e7\u00e3o m\u00f3vel e do que se trata.<\/p><h2>Coin Master: como funciona<\/h2><p>Nos \u00faltimos anos, o n\u00famero de downloads do\u00a0<strong>Mestre de Moedas<\/strong>\u00a0est\u00e1 a aumentar dramaticamente. Mais de 50 milh\u00f5es de pessoas em todo o mundo jogam o jogo repetidamente. O jogo \u00e9 muito f\u00e1cil de jogar e \u00e9 particularmente divertido. Acima de tudo, tem um conceito original.<\/p><p>Foi em 2015 que o jogo m\u00f3vel, que mais tarde se tornaria uma verdadeira hist\u00f3ria de sucesso, apareceu em plataformas de download. A empresa MoonActive tinha acabado de criar um produto inovador e \u00fanico que roubaria rapidamente os holofotes dos populares jogos para telem\u00f3vel da \u00e9poca.<\/p><p>Coin Master \u00e9 um\u00a0<strong>jogo gratuito para telem\u00f3vel<\/strong>. \u00c9, portanto, completamente gratuito, e n\u00e3o tem absolutamente nada a pagar para seguir em frente. O princ\u00edpio de funcionamento do pedido \u00e9 muito simples. Tudo o que tem de fazer \u00e9 lan\u00e7ar uma slot machine, e em troca, gasta-se energia. Assim que a sua barra de energia estiver vazia, tem de esperar que ela se regenere antes de poder lan\u00e7ar novamente a ranhura. Cada vez que lan\u00e7ar a ranhura, deparar-se-\u00e1 com s\u00edmbolos que lhe d\u00e3o a oportunidade de realizar ac\u00e7\u00f5es. O porco significa pilhagem, e o martelo basicamente d\u00e1-lhe o direito de atacar.<\/p><h2>Como jogar Coin Master?<\/h2><p>O seu objectivo como jogador Coin Master \u00e9 atingir o n\u00edvel mais alto poss\u00edvel no jogo. Para o fazer, deve come\u00e7ar por\u00a0<strong>construir uma aldeia<\/strong>Deve ent\u00e3o actualiz\u00e1-los para o n\u00edvel mais alto poss\u00edvel a fim de passar para a aldeia seguinte, e assim por diante. Depois deve actualiz\u00e1-los para o n\u00edvel mais alto poss\u00edvel, a fim de passar para a aldeia seguinte, e assim por diante. Para comprar e melhorar os componentes de uma aldeia, \u00e9 necess\u00e1rio ir \u00e0 \"Loja da aldeia\" e gastar moedas. A sua tarefa di\u00e1ria consiste em mobilizar uma grande quantidade de moedas. Basta ligar a \"slot machine\". Quando aparecem 3 moedas ou 3 porta-moedas, recebe moedas que pode depois utilizar para melhorar a sua aldeia.<\/p><p>Quando se depara com 3 cabe\u00e7as de porco mascaradas, obt\u00e9m-se o que se chama o Mestre das Moedas. Ter\u00e1 ent\u00e3o de saquear um jogador completamente aleat\u00f3rio que tem muito mais moedas do que voc\u00ea. Cabe-lhe a si encontrar uma forma de obter o maior n\u00famero poss\u00edvel de moedas para acelerar o seu\u00a0<strong>desenvolvimento no jogo<\/strong>. Quando, depois de lan\u00e7ar a m\u00e1quina, se deparar com 3 martelos, pode atacar um jogador aleat\u00f3rio. Pode tamb\u00e9m escolher o seu alvo entre os seus amigos do Facebook. Pode at\u00e9 vingar-se de um jogador que tenha atacado a sua aldeia.<\/p><p>A m\u00e1quina pode ser ligada cerca de 50 vezes por dia. Basta clicar no bot\u00e3o \"rodar\" de cada vez para a p\u00f4r a funcionar.<\/p><p><strong>Uma pequena dica<\/strong>\u00a0Mantenha premido o bot\u00e3o durante alguns segundos e a m\u00e1quina ir\u00e1 arrancar sistematicamente sem ter de clicar de cada vez.<\/p><p>\u00c0 medida que se sobe para n\u00edveis mais altos, ganha-se mais esquinas. Tamb\u00e9m se ganha acesso a mais caracter\u00edsticas interessantes. Por exemplo, quando chega \u00e0 quarta aldeia, pode desbloquear um animal, e recolher cart\u00f5es comerciais. Quando c<strong>ompile uma colec\u00e7\u00e3o de cart\u00f5es<\/strong>Ganha recompensas. Quanto aos animais, cada um deles fornece uma caracter\u00edstica de b\u00f3nus.<\/p><p>Se pode atacar jogadores, isto significa que tamb\u00e9m pode ser atacado por outros jogadores. Os seus cantos podem, portanto, ser pilhados. No entanto, pode proteger-se temporariamente de um ataque. Precisar\u00e1 de obter 3 escudos depois de ter rodado a roda. Se conseguir alinhar 3 baterias, ir\u00e1<strong>\u00a0ganhar 10 rota\u00e7\u00f5es extra<\/strong>10 oportunidades para pilhar um jogador, conseguir esquinas, ou proteger a sua aldeia.<\/p><h2>Como posso criar uma conta Coin Master?<\/h2><p>Para jogar Coin Master, e desfrutar dos muitos benef\u00edcios que o jogo tem para oferecer, deve primeiro<strong>\u00a0criar uma conta<\/strong>. O processo \u00e9 muito simples e demorar\u00e1 apenas alguns minutos. Tudo o que tem de fazer \u00e9 ir a uma loja de aplica\u00e7\u00e3o, neste caso App Store ou Play Store. Ter\u00e1 ent\u00e3o de descarregar o jogo e instal\u00e1-lo.<\/p><p>Uma vez aberta a candidatura, ser-lhe-\u00e3o apresentadas duas op\u00e7\u00f5es. A primeira pede-lhe para jogar como convidado, enquanto a segunda lhe sugere que jogue com amigos. Cabe-lhe a si escolher a op\u00e7\u00e3o que lhe fa\u00e7a mais sentido. Siga as instru\u00e7\u00f5es, e\u00a0<strong>finalizar a sua inscri\u00e7\u00e3o<\/strong>. Tem agora uma conta Coin Master, e pode come\u00e7ar a jogar.<\/p><h3>Deve ligar a sua conta Coin Master a outra rede?<\/h3><p>Ao inscrever-se na Coin Master, \u00e9 melhor escolher a op\u00e7\u00e3o de jogar com os amigos. Ser-lhe-\u00e1 ent\u00e3o pedido que ligue a sua conta a uma rede social. Esta pode ser no Facebook, Google, Amazon, ou iTunes. Esta solu\u00e7\u00e3o d\u00e1-lhe uma vantagem muito maior em termos de reten\u00e7\u00e3o de dados.<\/p><p>Existem v\u00e1rios outros benef\u00edcios interessantes associados \u00e0 liga\u00e7\u00e3o de um\u00a0<strong>Conta de Mestre de Moedas<\/strong>\u00a0para uma conta numa rede social. No entanto, se estiver apenas a planear experimentar o jogo, sem se apegar demasiado a ele, n\u00e3o hesite em registar-se como convidado.<\/p><h3>Porqu\u00ea ligar a sua conta Coin Master ao Facebook?<\/h3><p>Em princ\u00edpio, n\u00e3o h\u00e1 obriga\u00e7\u00e3o de ligar a sua conta Coin Master ao Facebook. No entanto, ao faz\u00ea-lo, ter\u00e1 muitas vantagens. Para progredir rapidamente neste jogo, precisa de obter moedas. Mas o<strong>\u00a0rota\u00e7\u00f5es di\u00e1rias<\/strong>\u00a0oferecidos pela aplica\u00e7\u00e3o nem sempre s\u00e3o suficientes para acumular a quantidade de moedas de que necessita. Ao ligar a sua conta ao Facebook, recebe moedas extra ou giros. Depois pode convidar os seus amigos a juntarem-se ao jogo. Cada convite d\u00e1-lhe direito a 40 rodadas extra. Quando chega aos 180 amigos convidados, recebe presentes especiais.<\/p><p>Em\u00a0<strong>ligando a sua conta no Facebook \u00e0 Coin Master<\/strong>Pode juntar-se a uma comunidade de amigos que o ajudar\u00e3o a progredir rapidamente. Pode aprender dicas, truques e estrat\u00e9gias para construir a sua aldeia. Coin Master permite-lhe trocar sorteios, cartas, e outros benef\u00edcios com os seus amigos no Facebook. Pode at\u00e9 juntar-se a grupos dedicados \u00e0 aplica\u00e7\u00e3o para melhorar os seus conhecimentos.<\/p><p>Ao ligar a sua conta ao Facebook, pode evitar a perda dos seus dados. O seu<strong>\u00a0o progresso \u00e9 registado<\/strong>\u00a0e mantidos em tempo real. Se o pedido for eliminado por qualquer raz\u00e3o, pode ter a certeza de que a sua conta ser\u00e1 encontrada, mesmo anos mais tarde.<\/p><h2>Dicas para principiantes de Coin Master<\/h2><p>Para progredir no jogo Coin Master quando se est\u00e1 apenas a come\u00e7ar, \u00e9 necess\u00e1ria uma estrat\u00e9gia. Aqui est\u00e3o algumas dicas que<strong>\u00a0Top Coin Master<\/strong>\u00a0oferece-lhe.<\/p><h3>Esteja atento aos eventos<\/h3><p>Periodicamente, s\u00e3o organizados eventos no jogo Coin Master. Se quiser progredir mais rapidamente, deve sempre tentar participar nos mesmos. Eles permitem-lhe ganhar um grande n\u00famero de rodadas extra, ou uma grande quantidade de moedas. O\u00a0<strong>b\u00f3nus em jogo<\/strong>\u00a0em eventos s\u00e3o muito mais substanciais do que o que se pode ganhar ao fazer um ou tr\u00eas ataques por dia. Portanto, esteja constantemente atento, e fa\u00e7a o esfor\u00e7o de participar nestes eventos ocasionais.<\/p><h3>Escolha o animal certo<\/h3><p>No Coin Master, os animais desempenham um papel muito importante. No in\u00edcio, n\u00e3o \u00e9 dono de nenhum. Ap\u00f3s um certo n\u00edvel, esta caracter\u00edstica \u00e9 desbloqueada. Pode escolher entre 3 animais de estima\u00e7\u00e3o, e s\u00f3 tem de manter um. Para fazer a sua escolha, ter\u00e1 de basear a sua escolha no\u00a0<strong>as especificidades de cada animal<\/strong>.<\/p><h4>A raposa<\/h4><p>Quando escolhe<strong>\u00a0a raposa<\/strong>\u00a0Como animal de estima\u00e7\u00e3o, recebe um b\u00f3nus quando escava o quarto buraco num ataque. Permite-lhe ganhar o maior n\u00famero de esquinas poss\u00edvel.<\/p><h4>O rinoceronte<\/h4><p>Este animal de estima\u00e7\u00e3o oferece-lhe um\u00a0<strong>b\u00f3nus de defesa<\/strong>. Protege a sua aldeia contra as agress\u00f5es mais eficazes.<\/p><h4>O tigre<\/h4><p>D\u00e1-lhe um b\u00f3nus quando ataca outras aldeias. Mesmo que o seu alvo tenha escudos, pode pilh\u00e1-lo na mesma.<\/p><p>Para\u00a0<strong>escolher o seu animal de estima\u00e7\u00e3o<\/strong>Se n\u00e3o planeia abrir a candidatura regularmente, \u00e9 melhor escolher o rinoceronte. Se n\u00e3o planeia abrir a aplica\u00e7\u00e3o regularmente, a melhor op\u00e7\u00e3o \u00e9 escolher o rinoceronte. Isto proteger\u00e1 a sua aldeia de agress\u00f5es repetidas. Por outro lado, um jogador que esteja habituado a lan\u00e7ar ataques deve ser acompanhado pelo tigre. A raposa tamb\u00e9m \u00e9 adequada para este tipo de perfil. Qualquer que seja a sua escolha, certifique-se de manter o seu\u00a0<strong>animal de estima\u00e7\u00e3o activo<\/strong>. Al\u00e9m disso, tente melhor\u00e1-lo para o tornar mais eficaz.<\/p><p>\u00c0 medida que avan\u00e7a no jogo, sinta-se \u00e0 vontade para verificar o nosso site para obter informa\u00e7\u00f5es sobre<strong>\u00a0estrat\u00e9gias a adoptar<\/strong>\u00a0para evoluir mais facilmente.<\/p>\t\t\t\t\t\t\t\t<\/div>\n\t\t\t\t<\/div>\n\t\t\t\t\t<\/div>\n\t\t<\/div>\n\t\t\t\t\t<\/div>\n\t\t<\/section>\n\t\t\t\t<\/div>","protected":false},"excerpt":{"rendered":"<p>Vous avez probablement d\u00e9j\u00e0 entendu parler de ce jeu mobile qui attire enfants, ado et adultes. Depuis bient\u00f4t une d\u00e9cennie, Coin Master ne cesse de grandir en popularit\u00e9. Des millions de personnes prennent chaque jour du plaisir \u00e0 se connecter \u00e0 cette plateforme d&rsquo;origine isra\u00e9lienne. Avant de jouer, vous devez conna\u00eetre le principe de fonctionnement [&hellip;]<\/p>\n","protected":false},"author":2,"featured_media":0,"parent":0,"menu_order":0,"comment_status":"closed","ping_status":"closed","template":"elementor_header_footer","meta":{"site-sidebar-layout":"default","site-content-layout":"default","ast-site-content-layout":"default","site-content-style":"default","site-sidebar-style":"default","ast-global-header-display":"","ast-banner-title-visibility":"","ast-main-header-display":"","ast-hfb-above-header-display":"","ast-hfb-below-header-display":"","ast-hfb-mobile-header-display":"","site-post-title":"","ast-breadcrumbs-content":"","ast-featured-img":"","footer-sml-layout":"","ast-disable-related-posts":"","theme-transparent-header-meta":"default","adv-header-id-meta":"","stick-header-meta":"","header-above-stick-meta":"","header-main-stick-meta":"","header-below-stick-meta":"","astra-migrate-meta-layouts":"default","ast-page-background-enabled":"default","ast-page-background-meta":{"desktop":{"background-color":"","background-image":"","background-repeat":"repeat","background-position":"center center","background-size":"auto","background-attachment":"scroll","background-type":"","background-media":"","overlay-type":"","overlay-color":"","overlay-opacity":"","overlay-gradient":""},"tablet":{"background-color":"","background-image":"","background-repeat":"repeat","background-position":"center center","background-size":"auto","background-attachment":"scroll","background-type":"","background-media":"","overlay-type":"","overlay-color":"","overlay-opacity":"","overlay-gradient":""},"mobile":{"background-color":"","background-image":"","background-repeat":"repeat","background-position":"center center","background-size":"auto","background-attachment":"scroll","background-type":"","background-media":"","overlay-type":"","overlay-color":"","overlay-opacity":"","overlay-gradient":""}},"ast-content-background-meta":{"desktop":{"background-color":"var(--ast-global-color-5)","background-image":"","background-repeat":"repeat","background-position":"center center","background-size":"auto","background-attachment":"scroll","background-type":"","background-media":"","overlay-type":"","overlay-color":"","overlay-opacity":"","overlay-gradient":""},"tablet":{"background-color":"var(--ast-global-color-5)","background-image":"","background-repeat":"repeat","background-position":"center center","background-size":"auto","background-attachment":"scroll","background-type":"","background-media":"","overlay-type":"","overlay-color":"","overlay-opacity":"","overlay-gradient":""},"mobile":{"background-color":"var(--ast-global-color-5)","background-image":"","background-repeat":"repeat","background-position":"center center","background-size":"auto","background-attachment":"scroll","background-type":"","background-media":"","overlay-type":"","overlay-color":"","overlay-opacity":"","overlay-gradient":""}},"footnotes":""},"class_list":["post-37","page","type-page","status-publish","hentry"],"yoast_head":"<!-- This site is optimized with the Yoast SEO plugin v27.4 - https:\/\/yoast.com\/product\/yoast-seo-wordpress\/ -->\n<title>Guide d\u00e9butant : comment jouer, cr\u00e9er un compte, comprendre les m\u00e9caniques de base - Top Coin Master<\/title>\n<meta name=\"robots\" content=\"index, follow, max-snippet:-1, max-image-preview:large, max-video-preview:-1\" \/>\n<link rel=\"canonical\" href=\"https:\/\/topcoinmaster.com\/pt\/guia-para-iniciantes\/\" \/>\n<meta property=\"og:locale\" content=\"pt_PT\" \/>\n<meta property=\"og:type\" content=\"article\" \/>\n<meta property=\"og:title\" content=\"Guide d\u00e9butant : comment jouer, cr\u00e9er un compte, comprendre les m\u00e9caniques de base - Top Coin Master\" \/>\n<meta property=\"og:description\" content=\"Vous avez probablement d\u00e9j\u00e0 entendu parler de ce jeu mobile qui attire enfants, ado et adultes. Depuis bient\u00f4t une d\u00e9cennie, Coin Master ne cesse de grandir en popularit\u00e9. Des millions de personnes prennent chaque jour du plaisir \u00e0 se connecter \u00e0 cette plateforme d&rsquo;origine isra\u00e9lienne. Avant de jouer, vous devez conna\u00eetre le principe de fonctionnement [&hellip;]\" \/>\n<meta property=\"og:url\" content=\"https:\/\/topcoinmaster.com\/pt\/guia-para-iniciantes\/\" \/>\n<meta property=\"og:site_name\" content=\"Top Coin Master\" \/>\n<meta property=\"article:modified_time\" content=\"2023-03-24T22:04:24+00:00\" \/>\n<meta name=\"twitter:card\" content=\"summary_large_image\" \/>\n<meta name=\"twitter:label1\" content=\"Tempo estimado de leitura\" \/>\n\t<meta name=\"twitter:data1\" content=\"8 minutos\" \/>\n<script type=\"application\/ld+json\" class=\"yoast-schema-graph\">{\"@context\":\"https:\\\/\\\/schema.org\",\"@graph\":[{\"@type\":\"WebPage\",\"@id\":\"https:\\\/\\\/topcoinmaster.com\\\/guide-debutant\\\/\",\"url\":\"https:\\\/\\\/topcoinmaster.com\\\/guide-debutant\\\/\",\"name\":\"Guide d\u00e9butant : comment jouer, cr\u00e9er un compte, comprendre les m\u00e9caniques de base - Top Coin Master\",\"isPartOf\":{\"@id\":\"https:\\\/\\\/topcoinmaster.com\\\/#website\"},\"datePublished\":\"2020-10-19T18:29:27+00:00\",\"dateModified\":\"2023-03-24T22:04:24+00:00\",\"breadcrumb\":{\"@id\":\"https:\\\/\\\/topcoinmaster.com\\\/guide-debutant\\\/#breadcrumb\"},\"inLanguage\":\"pt-PT\",\"potentialAction\":[{\"@type\":\"ReadAction\",\"target\":[\"https:\\\/\\\/topcoinmaster.com\\\/guide-debutant\\\/\"]}]},{\"@type\":\"BreadcrumbList\",\"@id\":\"https:\\\/\\\/topcoinmaster.com\\\/guide-debutant\\\/#breadcrumb\",\"itemListElement\":[{\"@type\":\"ListItem\",\"position\":1,\"name\":\"Accueil\",\"item\":\"https:\\\/\\\/topcoinmaster.com\\\/\"},{\"@type\":\"ListItem\",\"position\":2,\"name\":\"Guide d\u00e9butant : comment jouer, cr\u00e9er un compte, comprendre les m\u00e9caniques de base\"}]},{\"@type\":\"WebSite\",\"@id\":\"https:\\\/\\\/topcoinmaster.com\\\/#website\",\"url\":\"https:\\\/\\\/topcoinmaster.com\\\/\",\"name\":\"Top Coin Master\",\"description\":\"\",\"publisher\":{\"@id\":\"https:\\\/\\\/topcoinmaster.com\\\/#organization\"},\"potentialAction\":[{\"@type\":\"SearchAction\",\"target\":{\"@type\":\"EntryPoint\",\"urlTemplate\":\"https:\\\/\\\/topcoinmaster.com\\\/?s={search_term_string}\"},\"query-input\":{\"@type\":\"PropertyValueSpecification\",\"valueRequired\":true,\"valueName\":\"search_term_string\"}}],\"inLanguage\":\"pt-PT\"},{\"@type\":\"Organization\",\"@id\":\"https:\\\/\\\/topcoinmaster.com\\\/#organization\",\"name\":\"Top Coin Master\",\"url\":\"https:\\\/\\\/topcoinmaster.com\\\/\",\"logo\":{\"@type\":\"ImageObject\",\"inLanguage\":\"pt-PT\",\"@id\":\"https:\\\/\\\/topcoinmaster.com\\\/#\\\/schema\\\/logo\\\/image\\\/\",\"url\":\"https:\\\/\\\/topcoinmaster.com\\\/wp-content\\\/uploads\\\/2023\\\/03\\\/logo.png\",\"contentUrl\":\"https:\\\/\\\/topcoinmaster.com\\\/wp-content\\\/uploads\\\/2023\\\/03\\\/logo.png\",\"width\":722,\"height\":69,\"caption\":\"Top Coin Master\"},\"image\":{\"@id\":\"https:\\\/\\\/topcoinmaster.com\\\/#\\\/schema\\\/logo\\\/image\\\/\"}}]}<\/script>\n<!-- \/ Yoast SEO plugin. -->","yoast_head_json":{"title":"Guia do principiante: como jogar, criar uma conta, compreender a mec\u00e2nica b\u00e1sica - Top Coin Master","robots":{"index":"index","follow":"follow","max-snippet":"max-snippet:-1","max-image-preview":"max-image-preview:large","max-video-preview":"max-video-preview:-1"},"canonical":"https:\/\/topcoinmaster.com\/pt\/guia-para-iniciantes\/","og_locale":"pt_PT","og_type":"article","og_title":"Guide d\u00e9butant : comment jouer, cr\u00e9er un compte, comprendre les m\u00e9caniques de base - Top Coin Master","og_description":"Vous avez probablement d\u00e9j\u00e0 entendu parler de ce jeu mobile qui attire enfants, ado et adultes. Depuis bient\u00f4t une d\u00e9cennie, Coin Master ne cesse de grandir en popularit\u00e9. Des millions de personnes prennent chaque jour du plaisir \u00e0 se connecter \u00e0 cette plateforme d&rsquo;origine isra\u00e9lienne. Avant de jouer, vous devez conna\u00eetre le principe de fonctionnement [&hellip;]","og_url":"https:\/\/topcoinmaster.com\/pt\/guia-para-iniciantes\/","og_site_name":"Top Coin Master","article_modified_time":"2023-03-24T22:04:24+00:00","twitter_card":"summary_large_image","twitter_misc":{"Tempo estimado de leitura":"8 minutos"},"schema":{"@context":"https:\/\/schema.org","@graph":[{"@type":"WebPage","@id":"https:\/\/topcoinmaster.com\/guide-debutant\/","url":"https:\/\/topcoinmaster.com\/guide-debutant\/","name":"Guia do principiante: como jogar, criar uma conta, compreender a mec\u00e2nica b\u00e1sica - Top Coin Master","isPartOf":{"@id":"https:\/\/topcoinmaster.com\/#website"},"datePublished":"2020-10-19T18:29:27+00:00","dateModified":"2023-03-24T22:04:24+00:00","breadcrumb":{"@id":"https:\/\/topcoinmaster.com\/guide-debutant\/#breadcrumb"},"inLanguage":"pt-PT","potentialAction":[{"@type":"ReadAction","target":["https:\/\/topcoinmaster.com\/guide-debutant\/"]}]},{"@type":"BreadcrumbList","@id":"https:\/\/topcoinmaster.com\/guide-debutant\/#breadcrumb","itemListElement":[{"@type":"ListItem","position":1,"name":"Accueil","item":"https:\/\/topcoinmaster.com\/"},{"@type":"ListItem","position":2,"name":"Guide d\u00e9butant : comment jouer, cr\u00e9er un compte, comprendre les m\u00e9caniques de base"}]},{"@type":"WebSite","@id":"https:\/\/topcoinmaster.com\/#website","url":"https:\/\/topcoinmaster.com\/","name":"Top Coin Master","description":"","publisher":{"@id":"https:\/\/topcoinmaster.com\/#organization"},"potentialAction":[{"@type":"SearchAction","target":{"@type":"EntryPoint","urlTemplate":"https:\/\/topcoinmaster.com\/?s={search_term_string}"},"query-input":{"@type":"PropertyValueSpecification","valueRequired":true,"valueName":"search_term_string"}}],"inLanguage":"pt-PT"},{"@type":"Organization","@id":"https:\/\/topcoinmaster.com\/#organization","name":"Top Coin Master","url":"https:\/\/topcoinmaster.com\/","logo":{"@type":"ImageObject","inLanguage":"pt-PT","@id":"https:\/\/topcoinmaster.com\/#\/schema\/logo\/image\/","url":"https:\/\/topcoinmaster.com\/wp-content\/uploads\/2023\/03\/logo.png","contentUrl":"https:\/\/topcoinmaster.com\/wp-content\/uploads\/2023\/03\/logo.png","width":722,"height":69,"caption":"Top Coin Master"},"image":{"@id":"https:\/\/topcoinmaster.com\/#\/schema\/logo\/image\/"}}]}},"_links":{"self":[{"href":"https:\/\/topcoinmaster.com\/pt\/wp-json\/wp\/v2\/pages\/37","targetHints":{"allow":["GET"]}}],"collection":[{"href":"https:\/\/topcoinmaster.com\/pt\/wp-json\/wp\/v2\/pages"}],"about":[{"href":"https:\/\/topcoinmaster.com\/pt\/wp-json\/wp\/v2\/types\/page"}],"author":[{"embeddable":true,"href":"https:\/\/topcoinmaster.com\/pt\/wp-json\/wp\/v2\/users\/2"}],"replies":[{"embeddable":true,"href":"https:\/\/topcoinmaster.com\/pt\/wp-json\/wp\/v2\/comments?post=37"}],"version-history":[{"count":45,"href":"https:\/\/topcoinmaster.com\/pt\/wp-json\/wp\/v2\/pages\/37\/revisions"}],"predecessor-version":[{"id":539,"href":"https:\/\/topcoinmaster.com\/pt\/wp-json\/wp\/v2\/pages\/37\/revisions\/539"}],"wp:attachment":[{"href":"https:\/\/topcoinmaster.com\/pt\/wp-json\/wp\/v2\/media?parent=37"}],"curies":[{"name":"wp","href":"https:\/\/api.w.org\/{rel}","templated":true}]}}