{"id":37,"date":"2020-10-19T20:29:27","date_gmt":"2020-10-19T18:29:27","guid":{"rendered":"https:\/\/topmymfans.com\/?page_id=37"},"modified":"2023-03-24T23:04:24","modified_gmt":"2023-03-24T22:04:24","slug":"guide-debutant","status":"publish","type":"page","link":"https:\/\/topcoinmaster.com\/ro\/guide-debutant\/","title":{"rendered":"Ghidul \u00eencep\u0103torului: cum s\u0103 joci, s\u0103 creezi un cont, s\u0103 \u00een\u021belegi mecanismele de baz\u0103"},"content":{"rendered":"<div data-elementor-type=\"wp-page\" data-elementor-id=\"37\" class=\"elementor elementor-37\" data-elementor-post-type=\"page\">\n\t\t\t\t\t\t<section class=\"elementor-section elementor-top-section elementor-element elementor-element-e5cfd49 elementor-section-boxed elementor-section-height-default elementor-section-height-default\" data-id=\"e5cfd49\" data-element_type=\"section\" data-e-type=\"section\">\n\t\t\t\t\t\t\t<div class=\"elementor-background-overlay\"><\/div>\n\t\t\t\t\t\t\t<div class=\"elementor-container elementor-column-gap-default\">\n\t\t\t\t\t<div class=\"elementor-column elementor-col-100 elementor-top-column elementor-element elementor-element-393beee\" data-id=\"393beee\" data-element_type=\"column\" data-e-type=\"column\">\n\t\t\t<div class=\"elementor-widget-wrap elementor-element-populated\">\n\t\t\t\t\t\t<div class=\"elementor-element elementor-element-2f4c82d elementor-widget elementor-widget-spacer\" data-id=\"2f4c82d\" data-element_type=\"widget\" data-e-type=\"widget\" data-widget_type=\"spacer.default\">\n\t\t\t\t<div class=\"elementor-widget-container\">\n\t\t\t\t\t\t\t<div class=\"elementor-spacer\">\n\t\t\t<div class=\"elementor-spacer-inner\"><\/div>\n\t\t<\/div>\n\t\t\t\t\t\t<\/div>\n\t\t\t\t<\/div>\n\t\t\t\t<div class=\"elementor-element elementor-element-359d038 elementor-widget elementor-widget-spacer\" data-id=\"359d038\" data-element_type=\"widget\" data-e-type=\"widget\" data-widget_type=\"spacer.default\">\n\t\t\t\t<div class=\"elementor-widget-container\">\n\t\t\t\t\t\t\t<div class=\"elementor-spacer\">\n\t\t\t<div class=\"elementor-spacer-inner\"><\/div>\n\t\t<\/div>\n\t\t\t\t\t\t<\/div>\n\t\t\t\t<\/div>\n\t\t\t\t<div class=\"elementor-element elementor-element-549f662 elementor-widget elementor-widget-text-editor\" data-id=\"549f662\" data-element_type=\"widget\" data-e-type=\"widget\" data-widget_type=\"text-editor.default\">\n\t\t\t\t<div class=\"elementor-widget-container\">\n\t\t\t\t\t\t\t\t\t<p>Probabil c\u0103 a\u021bi auzit deja de acest joc mobil care atrage copii, adolescen\u021bi \u0219i adul\u021bi. Coin Master a crescut \u00een popularitate de aproape un deceniu. Milioane de oameni se bucur\u0103 s\u0103 joace aceast\u0103 platform\u0103 israelian\u0103 \u00een fiecare zi. \u00cenainte de a juca, ar trebui s\u0103 \u0219ti\u021bi cum func\u021bioneaz\u0103 aceast\u0103 aplica\u021bie mobil\u0103 \u0219i despre ce este vorba.<\/p><h2>Coin Master: cum func\u021bioneaz\u0103<\/h2><p>\u00cen ultimii ani, num\u0103rul de desc\u0103rc\u0103ri ale\u00a0<strong>Maestru de monede<\/strong>\u00a0este \u00een cre\u0219tere spectaculoas\u0103. Peste 50 de milioane de persoane din \u00eentreaga lume joac\u0103 acest joc \u00een mod repetat. Jocul este foarte u\u0219or de jucat \u0219i este deosebit de distractiv. Mai presus de toate, are un concept original.<\/p><p>\u00cen 2015 a ap\u0103rut pe platformele de desc\u0103rcare jocul pentru mobil, care avea s\u0103 devin\u0103 ulterior o adev\u0103rat\u0103 poveste de succes. Compania MoonActive tocmai crease un produs inovator, unic, care avea s\u0103 fure rapid lumina reflectoarelor de la jocurile mobile foarte populare la acea vreme.<\/p><p>Coin Master este un\u00a0<strong>joc mobil free-to-play<\/strong>. Prin urmare, este complet gratuit \u0219i nu trebuie s\u0103 pl\u0103ti\u021bi absolut nimic pentru a merge mai departe. Principiul de func\u021bionare al aplica\u021biei este foarte simplu. Tot ce trebuie s\u0103 face\u021bi este s\u0103 lansa\u021bi un slot machine, iar \u00een schimb, cheltui\u021bi energie. De \u00eendat\u0103 ce bara de energie este goal\u0103, trebuie s\u0103 a\u0219tepta\u021bi ca aceasta s\u0103 se regenereze \u00eenainte de a putea lansa din nou slotul. De fiecare dat\u0103 c\u00e2nd lansa\u021bi slotul, ve\u021bi \u00eent\u00e2lni simboluri care v\u0103 ofer\u0103 posibilitatea de a efectua ac\u021biuni. Porcul reprezint\u0103 jefuirea, iar ciocanul \u00ee\u021bi d\u0103 practic dreptul de a ataca.<\/p><h2>Cum pentru a juca Coin Master?<\/h2><p>Scopul t\u0103u ca juc\u0103tor Coin Master este s\u0103 atingi cel mai \u00eenalt nivel posibil \u00een joc. Pentru a face acest lucru, trebuie s\u0103 \u00eencepi prin a\u00a0<strong>construirea unui sat<\/strong>Apoi trebuie s\u0103 le \u00eembun\u0103t\u0103\u021be\u0219ti la cel mai \u00eenalt nivel posibil pentru a trece la urm\u0103torul sat \u0219i a\u0219a mai departe. Apoi trebuie s\u0103 le upgrada\u021bi la cel mai \u00eenalt nivel posibil pentru a putea trece la urm\u0103torul sat, \u0219i a\u0219a mai departe. Pentru a cump\u0103ra \u0219i \u00eembun\u0103t\u0103\u021bi componentele unui sat, trebuie s\u0103 merge\u021bi la \"Magazinul satului\" \u0219i s\u0103 cheltui\u021bi monede. Sarcina ta zilnic\u0103 este s\u0103 mobilizezi o cantitate mare de monede. Pur \u0219i simplu porni\u021bi aparatul de joc. Atunci c\u00e2nd apar 3 monede sau 3 po\u0219ete, ob\u021bine\u021bi monede pe care le pute\u021bi folosi pentru a v\u0103 \u00eembun\u0103t\u0103\u021bi satul.<\/p><p>C\u00e2nd dai peste 3 capete de porc mascate, vei primi ceea ce se nume\u0219te Maestrul Monedei. Va trebui apoi s\u0103 jefui\u021bi un juc\u0103tor complet aleatoriu care are mult mai multe monede dec\u00e2t voi. Depinde de tine s\u0103 g\u0103se\u0219ti o modalitate de a ob\u021bine c\u00e2t mai multe monede pentru a gr\u0103bi viteza de\u00a0<strong>dezvoltarea \u00een joc<\/strong>. Atunci c\u00e2nd, dup\u0103 lansarea ma\u0219inii, dai peste 3 ciocane, po\u021bi ataca un juc\u0103tor aleatoriu. De asemenea, \u00ee\u021bi po\u021bi alege \u021binta dintre prietenii t\u0103i de pe Facebook. Pute\u021bi chiar s\u0103 v\u0103 r\u0103zbuna\u021bi pe un juc\u0103tor care v-a atacat satul.<\/p><p>Ma\u0219ina poate fi pornit\u0103 de aproximativ 50 de ori pe zi. Trebuie doar s\u0103 face\u021bi clic pe butonul \"spin\" de fiecare dat\u0103 pentru a-l porni.<\/p><p><strong>Un mic sfat<\/strong>\u00a0\u021aine\u021bi ap\u0103sat butonul timp de c\u00e2teva secunde \u0219i aparatul va porni sistematic, f\u0103r\u0103 a fi nevoie s\u0103 da\u021bi click de fiecare dat\u0103.<\/p><p>Pe m\u0103sur\u0103 ce urci la niveluri superioare, c\u00e2\u0219tigi mai multe col\u021buri. De asemenea, ob\u021bine\u021bi acces la caracteristici mai interesante. De exemplu, c\u00e2nd ajunge\u021bi la al patrulea sat, pute\u021bi debloca un animal \u0219i pute\u021bi colecta c\u0103r\u021bi de schimb. Atunci c\u00e2nd c<strong>ompileaz\u0103 o colec\u021bie de c\u0103r\u021bi<\/strong>C\u00e2\u0219tiga\u021bi recompense. \u00cen ceea ce prive\u0219te animalele, fiecare dintre ele ofer\u0103 o func\u021bie bonus.<\/p><p>Dac\u0103 po\u021bi ataca juc\u0103tori, \u00eenseamn\u0103 c\u0103 po\u021bi fi atacat \u0219i de al\u021bi juc\u0103tori. Prin urmare, col\u021burile dvs. pot fi jefuite. Cu toate acestea, v\u0103 pute\u021bi proteja temporar de un atac. Va trebui s\u0103 ob\u021bine\u021bi 3 scuturi dup\u0103 ce a\u021bi aruncat roata. Dac\u0103 reu\u0219i\u021bi s\u0103 alinia\u021bi 3 baterii, ve\u021bi<strong>\u00a0c\u00e2\u0219tiga 10 rotiri suplimentare<\/strong>10 \u0219anse de a jefui un juc\u0103tor, de a ob\u021bine col\u021buri sau de a-\u021bi proteja satul.<\/p><h2>Cum pot crea un cont Coin Master?<\/h2><p>Pentru a juca Coin Master \u0219i pentru a te bucura de numeroasele beneficii pe care le ofer\u0103 jocul, trebuie mai \u00eent\u00e2i s\u0103<strong>\u00a0crea\u021bi un cont<\/strong>. Procesul este foarte simplu \u0219i va dura doar c\u00e2teva minute. Tot ce trebuie s\u0103 face\u021bi este s\u0103 merge\u021bi la un magazin de aplica\u021bii, \u00een acest caz App Store sau Play Store. Apoi va trebui s\u0103 desc\u0103rca\u021bi jocul \u0219i s\u0103 \u00eel instala\u021bi.<\/p><p>Dup\u0103 ce a\u021bi deschis aplica\u021bia, vi se vor prezenta dou\u0103 op\u021biuni. Prima v\u0103 cere s\u0103 juca\u021bi ca invitat, \u00een timp ce a doua v\u0103 sugereaz\u0103 s\u0103 juca\u021bi cu prietenii. Depinde de tine s\u0103 alegi op\u021biunea care are cel mai mult sens pentru tine. Urma\u021bi instruc\u021biunile \u0219i\u00a0<strong>finaliza\u021bi \u00eenregistrarea dvs.<\/strong>. Acum ave\u021bi un cont Coin Master \u0219i pute\u021bi \u00eencepe s\u0103 juca\u021bi.<\/p><h3>Ar trebui s\u0103 v\u0103 conecta\u021bi contul Coin Master la o alt\u0103 re\u021bea?<\/h3><p>C\u00e2nd v\u0103 \u00eenregistra\u021bi la Coin Master, cel mai bine este s\u0103 alege\u021bi op\u021biunea de a juca cu prietenii. Vi se va cere apoi s\u0103 v\u0103 conecta\u021bi contul cu o re\u021bea social\u0103. Aceasta poate fi Facebook, Google, Amazon sau iTunes. Aceast\u0103 solu\u021bie v\u0103 ofer\u0103 un avantaj mult mai mare \u00een ceea ce prive\u0219te p\u0103strarea datelor.<\/p><p>Exist\u0103 \u0219i alte c\u00e2teva beneficii interesante asociate cu legarea unui\u00a0<strong>Contul Coin Master<\/strong>\u00a0la un cont de re\u021bea social\u0103. Cu toate acestea, dac\u0103 inten\u021biona\u021bi doar s\u0103 \u00eencerca\u021bi jocul, f\u0103r\u0103 s\u0103 v\u0103 ata\u0219a\u021bi prea mult de el, nu ezita\u021bi s\u0103 v\u0103 \u00eenregistra\u021bi ca invitat.<\/p><h3>De ce s\u0103 v\u0103 conecta\u021bi contul Coin Master la Facebook?<\/h3><p>\u00cen principiu, nu exist\u0103 nicio obliga\u021bie de a v\u0103 conecta contul Coin Master la Facebook. Cu toate acestea, dac\u0103 face\u021bi acest lucru, ve\u021bi avea multe avantaje. Pentru a progresa rapid \u00een acest joc, trebuie s\u0103 ob\u021bine\u021bi monede. Dar<strong>\u00a0rotiri zilnice<\/strong>\u00a0oferite de aplica\u021bie nu sunt \u00eentotdeauna suficiente pentru a acumula suma de monede de care ave\u021bi nevoie. Prin conectarea contului dvs. la Facebook, primi\u021bi monede sau rotiri suplimentare. Apoi, v\u0103 pute\u021bi invita prietenii s\u0103 se al\u0103ture jocului. Fiecare invita\u021bie v\u0103 d\u0103 dreptul la 40 de rotiri suplimentare. C\u00e2nd ajunge\u021bi la 180 de prieteni invita\u021bi, primi\u021bi cadouri speciale.<\/p><p>\u00cen\u00a0<strong>conectarea contului t\u0103u de Facebook la Coin Master<\/strong>V\u0103 pute\u021bi al\u0103tura unei comunit\u0103\u021bi de prieteni care v\u0103 vor ajuta s\u0103 progresa\u021bi rapid. Pute\u021bi \u00eenv\u0103\u021ba sfaturi, trucuri \u0219i strategii pentru a v\u0103 construi satul. Coin Master v\u0103 permite s\u0103 face\u021bi schimb de extrageri, c\u0103r\u021bi \u0219i alte beneficii cu prietenii dvs. de pe Facebook. Pute\u021bi chiar s\u0103 v\u0103 al\u0103tura\u021bi grupurilor dedicate aplica\u021biei pentru a v\u0103 \u00eembun\u0103t\u0103\u021bi cuno\u0219tin\u021bele.<\/p><p>Prin conectarea contului dvs. la Facebook, pute\u021bi preveni pierderea datelor. Site-ul dumneavoastr\u0103<strong>\u00a0se \u00eenregistreaz\u0103 progresele \u00eenregistrate<\/strong>\u00a0\u0219i p\u0103strate \u00een timp real. \u00cen cazul \u00een care aplica\u021bia este \u0219tears\u0103 din orice motiv, pute\u021bi fi sigur c\u0103 contul dvs. va fi g\u0103sit, chiar \u0219i dup\u0103 ani de zile.<\/p><h2>Sfaturi pentru \u00eencep\u0103torii Coin Master<\/h2><p>Pentru a progresa \u00een jocul Coin Master atunci c\u00e2nd e\u0219ti la \u00eenceput, ai nevoie de o strategie. Iat\u0103 c\u00e2teva sfaturi pe care<strong>\u00a0Top Coin Master<\/strong>\u00a0v\u0103 ofer\u0103.<\/p><h3>Fi\u021bi aten\u021bi la evenimente<\/h3><p>Periodic, sunt organizate evenimente \u00een cadrul jocului Coin Master. Dac\u0103 dori\u021bi s\u0103 progresa\u021bi mai repede, ar trebui s\u0103 \u00eencerca\u021bi \u00eentotdeauna s\u0103 participa\u021bi la ele. Acestea v\u0103 permit s\u0103 c\u00e2\u0219tiga\u021bi un num\u0103r mare de rotiri suplimentare sau o cantitate mare de monede. La\u00a0<strong>bonusuri \u00een joc<\/strong>\u00a0la evenimente sunt mult mai substan\u021biale dec\u00e2t cele pe care le pute\u021bi c\u00e2\u0219tiga dac\u0103 face\u021bi unul sau trei atacuri pe zi. A\u0219adar, fi\u021bi \u00een permanen\u021b\u0103 \u00een alert\u0103 \u0219i face\u021bi efortul de a participa la aceste evenimente ocazionale.<\/p><h3>Alege\u021bi animalul potrivit<\/h3><p>\u00cen Coin Master, animalele joac\u0103 un rol foarte important. La \u00eenceput, nu de\u021bine\u021bi niciunul. Dup\u0103 un anumit nivel, aceast\u0103 caracteristic\u0103 este deblocat\u0103. Po\u021bi alege \u00eentre 3 animale de companie \u0219i trebuie s\u0103 p\u0103strezi doar unul singur. Pentru a face alegerea, va trebui s\u0103 v\u0103 baza\u021bi pe\u00a0<strong>specificit\u0103\u021bile fiec\u0103rui animal<\/strong>.<\/p><h4>Vulpea<\/h4><p>C\u00e2nd alege\u021bi<strong>\u00a0vulpea<\/strong>\u00a0Ca animal de companie, prime\u0219ti un bonus atunci c\u00e2nd sapi a patra gaur\u0103 \u00een timpul unui atac. Acesta v\u0103 permite s\u0103 c\u00e2\u0219tiga\u021bi c\u00e2t mai multe col\u021buri.<\/p><h4>Rinocerul<\/h4><p>Acest animal de companie v\u0103 ofer\u0103 un\u00a0<strong>bonus de ap\u0103rare<\/strong>. Acesta v\u0103 protejeaz\u0103 satul \u00eempotriva celor mai eficiente atacuri.<\/p><h4>Tigrul<\/h4><p>\u00ce\u021bi ofer\u0103 un bonus atunci c\u00e2nd ataci alte sate. Chiar dac\u0103 \u021binta ta are scuturi, tot o po\u021bi jefui.<\/p><p>Pentru\u00a0<strong>alegerea animalului t\u0103u de companie<\/strong>Dac\u0103 nu inten\u021biona\u021bi s\u0103 deschide\u021bi aplica\u021bia \u00een mod regulat, cel mai bine este s\u0103 alege\u021bi rinocerul. Dac\u0103 nu inten\u021biona\u021bi s\u0103 deschide\u021bi aplica\u021bia \u00een mod regulat, cea mai bun\u0103 op\u021biune este s\u0103 alege\u021bi rinocerul. Acest lucru v\u0103 va proteja satul de asalturile repetate. Pe de alt\u0103 parte, un juc\u0103tor care este obi\u0219nuit s\u0103 lanseze atacuri ar trebui s\u0103 fie \u00eenso\u021bit de tigru. Vulpea este, de asemenea, potrivit\u0103 pentru acest tip de profil. Indiferent ce alege\u021bi, asigura\u021bi-v\u0103 c\u0103 v\u0103 p\u0103stra\u021bi\u00a0<strong>animal de companie activ<\/strong>. De asemenea, \u00eencerca\u021bi s\u0103 o \u00eembun\u0103t\u0103\u021bi\u021bi pentru a o face mai eficient\u0103.<\/p><p>Pe m\u0103sur\u0103 ce progresezi \u00een joc, nu ezita s\u0103 verifici site-ul nostru pentru informa\u021bii despre<strong>\u00a0strategii de adoptat<\/strong>\u00a0s\u0103 evolueze mai u\u0219or.<\/p>\t\t\t\t\t\t\t\t<\/div>\n\t\t\t\t<\/div>\n\t\t\t\t\t<\/div>\n\t\t<\/div>\n\t\t\t\t\t<\/div>\n\t\t<\/section>\n\t\t\t\t<\/div>","protected":false},"excerpt":{"rendered":"<p>Vous avez probablement d\u00e9j\u00e0 entendu parler de ce jeu mobile qui attire enfants, ado et adultes. Depuis bient\u00f4t une d\u00e9cennie, Coin Master ne cesse de grandir en popularit\u00e9. Des millions de personnes prennent chaque jour du plaisir \u00e0 se connecter \u00e0 cette plateforme d&rsquo;origine isra\u00e9lienne. Avant de jouer, vous devez conna\u00eetre le principe de fonctionnement [&hellip;]<\/p>\n","protected":false},"author":2,"featured_media":0,"parent":0,"menu_order":0,"comment_status":"closed","ping_status":"closed","template":"elementor_header_footer","meta":{"site-sidebar-layout":"default","site-content-layout":"default","ast-site-content-layout":"default","site-content-style":"default","site-sidebar-style":"default","ast-global-header-display":"","ast-banner-title-visibility":"","ast-main-header-display":"","ast-hfb-above-header-display":"","ast-hfb-below-header-display":"","ast-hfb-mobile-header-display":"","site-post-title":"","ast-breadcrumbs-content":"","ast-featured-img":"","footer-sml-layout":"","ast-disable-related-posts":"","theme-transparent-header-meta":"default","adv-header-id-meta":"","stick-header-meta":"","header-above-stick-meta":"","header-main-stick-meta":"","header-below-stick-meta":"","astra-migrate-meta-layouts":"default","ast-page-background-enabled":"default","ast-page-background-meta":{"desktop":{"background-color":"","background-image":"","background-repeat":"repeat","background-position":"center center","background-size":"auto","background-attachment":"scroll","background-type":"","background-media":"","overlay-type":"","overlay-color":"","overlay-opacity":"","overlay-gradient":""},"tablet":{"background-color":"","background-image":"","background-repeat":"repeat","background-position":"center center","background-size":"auto","background-attachment":"scroll","background-type":"","background-media":"","overlay-type":"","overlay-color":"","overlay-opacity":"","overlay-gradient":""},"mobile":{"background-color":"","background-image":"","background-repeat":"repeat","background-position":"center center","background-size":"auto","background-attachment":"scroll","background-type":"","background-media":"","overlay-type":"","overlay-color":"","overlay-opacity":"","overlay-gradient":""}},"ast-content-background-meta":{"desktop":{"background-color":"var(--ast-global-color-5)","background-image":"","background-repeat":"repeat","background-position":"center center","background-size":"auto","background-attachment":"scroll","background-type":"","background-media":"","overlay-type":"","overlay-color":"","overlay-opacity":"","overlay-gradient":""},"tablet":{"background-color":"var(--ast-global-color-5)","background-image":"","background-repeat":"repeat","background-position":"center center","background-size":"auto","background-attachment":"scroll","background-type":"","background-media":"","overlay-type":"","overlay-color":"","overlay-opacity":"","overlay-gradient":""},"mobile":{"background-color":"var(--ast-global-color-5)","background-image":"","background-repeat":"repeat","background-position":"center center","background-size":"auto","background-attachment":"scroll","background-type":"","background-media":"","overlay-type":"","overlay-color":"","overlay-opacity":"","overlay-gradient":""}},"footnotes":""},"class_list":["post-37","page","type-page","status-publish","hentry"],"yoast_head":"<!-- This site is optimized with the Yoast SEO plugin v27.3 - https:\/\/yoast.com\/product\/yoast-seo-wordpress\/ -->\n<title>Guide d\u00e9butant : comment jouer, cr\u00e9er un compte, comprendre les m\u00e9caniques de base - Top Coin Master<\/title>\n<meta name=\"robots\" content=\"index, follow, max-snippet:-1, max-image-preview:large, max-video-preview:-1\" \/>\n<link rel=\"canonical\" href=\"https:\/\/topcoinmaster.com\/ro\/ghidul-incepatorului\/\" \/>\n<meta property=\"og:locale\" content=\"ro_RO\" \/>\n<meta property=\"og:type\" content=\"article\" \/>\n<meta property=\"og:title\" content=\"Guide d\u00e9butant : comment jouer, cr\u00e9er un compte, comprendre les m\u00e9caniques de base - Top Coin Master\" \/>\n<meta property=\"og:description\" content=\"Vous avez probablement d\u00e9j\u00e0 entendu parler de ce jeu mobile qui attire enfants, ado et adultes. Depuis bient\u00f4t une d\u00e9cennie, Coin Master ne cesse de grandir en popularit\u00e9. Des millions de personnes prennent chaque jour du plaisir \u00e0 se connecter \u00e0 cette plateforme d&rsquo;origine isra\u00e9lienne. Avant de jouer, vous devez conna\u00eetre le principe de fonctionnement [&hellip;]\" \/>\n<meta property=\"og:url\" content=\"https:\/\/topcoinmaster.com\/ro\/ghidul-incepatorului\/\" \/>\n<meta property=\"og:site_name\" content=\"Top Coin Master\" \/>\n<meta property=\"article:modified_time\" content=\"2023-03-24T22:04:24+00:00\" \/>\n<meta name=\"twitter:card\" content=\"summary_large_image\" \/>\n<meta name=\"twitter:label1\" content=\"Timp estimat pentru citire\" \/>\n\t<meta name=\"twitter:data1\" content=\"8 minute\" \/>\n<script type=\"application\/ld+json\" class=\"yoast-schema-graph\">{\"@context\":\"https:\\\/\\\/schema.org\",\"@graph\":[{\"@type\":\"WebPage\",\"@id\":\"https:\\\/\\\/topcoinmaster.com\\\/guide-debutant\\\/\",\"url\":\"https:\\\/\\\/topcoinmaster.com\\\/guide-debutant\\\/\",\"name\":\"Guide d\u00e9butant : comment jouer, cr\u00e9er un compte, comprendre les m\u00e9caniques de base - Top Coin Master\",\"isPartOf\":{\"@id\":\"https:\\\/\\\/topcoinmaster.com\\\/#website\"},\"datePublished\":\"2020-10-19T18:29:27+00:00\",\"dateModified\":\"2023-03-24T22:04:24+00:00\",\"breadcrumb\":{\"@id\":\"https:\\\/\\\/topcoinmaster.com\\\/guide-debutant\\\/#breadcrumb\"},\"inLanguage\":\"ro-RO\",\"potentialAction\":[{\"@type\":\"ReadAction\",\"target\":[\"https:\\\/\\\/topcoinmaster.com\\\/guide-debutant\\\/\"]}]},{\"@type\":\"BreadcrumbList\",\"@id\":\"https:\\\/\\\/topcoinmaster.com\\\/guide-debutant\\\/#breadcrumb\",\"itemListElement\":[{\"@type\":\"ListItem\",\"position\":1,\"name\":\"Accueil\",\"item\":\"https:\\\/\\\/topcoinmaster.com\\\/\"},{\"@type\":\"ListItem\",\"position\":2,\"name\":\"Guide d\u00e9butant : comment jouer, cr\u00e9er un compte, comprendre les m\u00e9caniques de base\"}]},{\"@type\":\"WebSite\",\"@id\":\"https:\\\/\\\/topcoinmaster.com\\\/#website\",\"url\":\"https:\\\/\\\/topcoinmaster.com\\\/\",\"name\":\"Top Coin Master\",\"description\":\"\",\"publisher\":{\"@id\":\"https:\\\/\\\/topcoinmaster.com\\\/#organization\"},\"potentialAction\":[{\"@type\":\"SearchAction\",\"target\":{\"@type\":\"EntryPoint\",\"urlTemplate\":\"https:\\\/\\\/topcoinmaster.com\\\/?s={search_term_string}\"},\"query-input\":{\"@type\":\"PropertyValueSpecification\",\"valueRequired\":true,\"valueName\":\"search_term_string\"}}],\"inLanguage\":\"ro-RO\"},{\"@type\":\"Organization\",\"@id\":\"https:\\\/\\\/topcoinmaster.com\\\/#organization\",\"name\":\"Top Coin Master\",\"url\":\"https:\\\/\\\/topcoinmaster.com\\\/\",\"logo\":{\"@type\":\"ImageObject\",\"inLanguage\":\"ro-RO\",\"@id\":\"https:\\\/\\\/topcoinmaster.com\\\/#\\\/schema\\\/logo\\\/image\\\/\",\"url\":\"https:\\\/\\\/topcoinmaster.com\\\/wp-content\\\/uploads\\\/2023\\\/03\\\/logo.png\",\"contentUrl\":\"https:\\\/\\\/topcoinmaster.com\\\/wp-content\\\/uploads\\\/2023\\\/03\\\/logo.png\",\"width\":722,\"height\":69,\"caption\":\"Top Coin Master\"},\"image\":{\"@id\":\"https:\\\/\\\/topcoinmaster.com\\\/#\\\/schema\\\/logo\\\/image\\\/\"}}]}<\/script>\n<!-- \/ Yoast SEO plugin. -->","yoast_head_json":{"title":"Ghidul \u00eencep\u0103torului: cum s\u0103 joci, s\u0103 creezi un cont, s\u0103 \u00een\u021belegi mecanismele de baz\u0103 - Top Coin Master","robots":{"index":"index","follow":"follow","max-snippet":"max-snippet:-1","max-image-preview":"max-image-preview:large","max-video-preview":"max-video-preview:-1"},"canonical":"https:\/\/topcoinmaster.com\/ro\/ghidul-incepatorului\/","og_locale":"ro_RO","og_type":"article","og_title":"Guide d\u00e9butant : comment jouer, cr\u00e9er un compte, comprendre les m\u00e9caniques de base - Top Coin Master","og_description":"Vous avez probablement d\u00e9j\u00e0 entendu parler de ce jeu mobile qui attire enfants, ado et adultes. Depuis bient\u00f4t une d\u00e9cennie, Coin Master ne cesse de grandir en popularit\u00e9. Des millions de personnes prennent chaque jour du plaisir \u00e0 se connecter \u00e0 cette plateforme d&rsquo;origine isra\u00e9lienne. Avant de jouer, vous devez conna\u00eetre le principe de fonctionnement [&hellip;]","og_url":"https:\/\/topcoinmaster.com\/ro\/ghidul-incepatorului\/","og_site_name":"Top Coin Master","article_modified_time":"2023-03-24T22:04:24+00:00","twitter_card":"summary_large_image","twitter_misc":{"Timp estimat pentru citire":"8 minute"},"schema":{"@context":"https:\/\/schema.org","@graph":[{"@type":"WebPage","@id":"https:\/\/topcoinmaster.com\/guide-debutant\/","url":"https:\/\/topcoinmaster.com\/guide-debutant\/","name":"Ghidul \u00eencep\u0103torului: cum s\u0103 joci, s\u0103 creezi un cont, s\u0103 \u00een\u021belegi mecanismele de baz\u0103 - Top Coin Master","isPartOf":{"@id":"https:\/\/topcoinmaster.com\/#website"},"datePublished":"2020-10-19T18:29:27+00:00","dateModified":"2023-03-24T22:04:24+00:00","breadcrumb":{"@id":"https:\/\/topcoinmaster.com\/guide-debutant\/#breadcrumb"},"inLanguage":"ro-RO","potentialAction":[{"@type":"ReadAction","target":["https:\/\/topcoinmaster.com\/guide-debutant\/"]}]},{"@type":"BreadcrumbList","@id":"https:\/\/topcoinmaster.com\/guide-debutant\/#breadcrumb","itemListElement":[{"@type":"ListItem","position":1,"name":"Accueil","item":"https:\/\/topcoinmaster.com\/"},{"@type":"ListItem","position":2,"name":"Guide d\u00e9butant : comment jouer, cr\u00e9er un compte, comprendre les m\u00e9caniques de base"}]},{"@type":"WebSite","@id":"https:\/\/topcoinmaster.com\/#website","url":"https:\/\/topcoinmaster.com\/","name":"Top Coin Master","description":"","publisher":{"@id":"https:\/\/topcoinmaster.com\/#organization"},"potentialAction":[{"@type":"SearchAction","target":{"@type":"EntryPoint","urlTemplate":"https:\/\/topcoinmaster.com\/?s={search_term_string}"},"query-input":{"@type":"PropertyValueSpecification","valueRequired":true,"valueName":"search_term_string"}}],"inLanguage":"ro-RO"},{"@type":"Organization","@id":"https:\/\/topcoinmaster.com\/#organization","name":"Top Coin Master","url":"https:\/\/topcoinmaster.com\/","logo":{"@type":"ImageObject","inLanguage":"ro-RO","@id":"https:\/\/topcoinmaster.com\/#\/schema\/logo\/image\/","url":"https:\/\/topcoinmaster.com\/wp-content\/uploads\/2023\/03\/logo.png","contentUrl":"https:\/\/topcoinmaster.com\/wp-content\/uploads\/2023\/03\/logo.png","width":722,"height":69,"caption":"Top Coin Master"},"image":{"@id":"https:\/\/topcoinmaster.com\/#\/schema\/logo\/image\/"}}]}},"_links":{"self":[{"href":"https:\/\/topcoinmaster.com\/ro\/wp-json\/wp\/v2\/pages\/37","targetHints":{"allow":["GET"]}}],"collection":[{"href":"https:\/\/topcoinmaster.com\/ro\/wp-json\/wp\/v2\/pages"}],"about":[{"href":"https:\/\/topcoinmaster.com\/ro\/wp-json\/wp\/v2\/types\/page"}],"author":[{"embeddable":true,"href":"https:\/\/topcoinmaster.com\/ro\/wp-json\/wp\/v2\/users\/2"}],"replies":[{"embeddable":true,"href":"https:\/\/topcoinmaster.com\/ro\/wp-json\/wp\/v2\/comments?post=37"}],"version-history":[{"count":45,"href":"https:\/\/topcoinmaster.com\/ro\/wp-json\/wp\/v2\/pages\/37\/revisions"}],"predecessor-version":[{"id":539,"href":"https:\/\/topcoinmaster.com\/ro\/wp-json\/wp\/v2\/pages\/37\/revisions\/539"}],"wp:attachment":[{"href":"https:\/\/topcoinmaster.com\/ro\/wp-json\/wp\/v2\/media?parent=37"}],"curies":[{"name":"wp","href":"https:\/\/api.w.org\/{rel}","templated":true}]}}