{"id":464,"date":"2023-02-14T09:11:22","date_gmt":"2023-02-14T08:11:22","guid":{"rendered":"https:\/\/swameavis.com\/?page_id=464"},"modified":"2023-03-20T17:29:40","modified_gmt":"2023-03-20T16:29:40","slug":"mentions-legales","status":"publish","type":"page","link":"https:\/\/topcoinmaster.com\/ro\/mentions-legales\/","title":{"rendered":"Informa\u021bii juridice"},"content":{"rendered":"<h2 class=\"wp-block-heading\">CONDI\u021aII DE UTILIZARE<\/h2>\n\n\n\n<p>Utilizarea acestui site implic\u0103 acceptarea deplin\u0103 a condi\u021biilor generale de utilizare descrise mai jos. Aceste condi\u021bii de utilizare pot fi modificate sau completate \u00een orice moment.<\/p>\n\n\n\n<h3 class=\"wp-block-heading\">INFORMA\u021aII<\/h3>\n\n\n\n<p>Informa\u021biile \u0219i documentele de pe site sunt prezentate doar cu titlu informativ, f\u0103r\u0103 caracter exhaustiv, \u0219i nu pot angaja r\u0103spunderea proprietarului site-ului.<\/p>\n\n\n\n<p>Proprietarul site-ului nu poate fi tras la r\u0103spundere pentru niciun fel de daune directe sau indirecte care rezult\u0103 din accesul la site.<\/p>\n\n\n\n<h3 class=\"wp-block-heading\">INTERACTIVITATE<\/h3>\n\n\n\n<p>Utilizatorii site-ului pot depune con\u021binut, care apare pe site \u00een spa\u021bii dedicate (\u00een special prin intermediul comentariilor). Con\u021binutul postat r\u0103m\u00e2ne \u00een responsabilitatea autorilor s\u0103i, care \u00ee\u0219i asum\u0103 \u00eentreaga r\u0103spundere juridic\u0103 pentru acesta.<\/p>\n\n\n\n<p>Cu toate acestea, proprietarul site-ului \u00ee\u0219i rezerv\u0103 dreptul de a retrage, f\u0103r\u0103 preaviz \u0219i f\u0103r\u0103 justificare, orice con\u021binut trimis de utilizatori care nu respect\u0103 carta etic\u0103 a site-ului sau legisla\u021bia \u00een vigoare.<\/p>\n\n\n\n<h3 class=\"wp-block-heading\">PROPRIETATE INTELECTUAL\u0102<\/h3>\n\n\n\n<p>Cu excep\u021bia cazului \u00een care se specific\u0103 altfel, toate elementele accesibile pe site (texte, imagini, grafic\u0103, logo-uri, pictograme, sunete, software etc.) r\u0103m\u00e2n proprietatea exclusiv\u0103 a autorilor lor, \u00een ceea ce prive\u0219te drepturile de proprietate intelectual\u0103 sau drepturile de utilizare.&nbsp;<sup><a href=\"https:\/\/www.webexpress.fr\/actualite\/focus\/modele-de-mentions-legales-complet-et-gratuit\/#fn-7013-1\">1<\/a><\/sup><\/p>\n\n\n\n<p>Orice reproducere, reprezentare, modificare, publicare, adaptare a tuturor sau a unei p\u0103r\u021bi din elementele site-ului, indiferent de mijloacele sau procedeele utilizate, este interzis\u0103, cu excep\u021bia unei autoriza\u021bii scrise prealabile a autorului.<\/p>\n\n\n\n<p>Orice utilizare neautorizat\u0103 a site-ului sau a oric\u0103ruia dintre elementele pe care acesta le con\u021bine este considerat\u0103 o \u00eenc\u0103lcare a legii \u0219i poate fi urm\u0103rit\u0103 penal.<\/p>\n\n\n\n<p>M\u0103rcile \u0219i logo-urile reproduse pe site sunt \u00eenregistrate de c\u0103tre companiile care le de\u021bin.<\/p>\n\n\n\n<h3 class=\"wp-block-heading\">LEG\u0102TURI<\/h3>\n\n\n\n<p><strong>Leg\u0103turi de ie\u0219ire<\/strong><br>Proprietarul site-ului \u00ee\u0219i declin\u0103 orice responsabilitate \u0219i nu se angajeaz\u0103 prin trimiterea, prin intermediul leg\u0103turilor hipertextuale, la resurse ter\u021be prezente \u00een re\u021beaua internet, at\u00e2t \u00een ceea ce prive\u0219te con\u021binutul, c\u00e2t \u0219i relevan\u021ba acestora.<\/p>\n\n\n\n<p><strong>Leg\u0103turi primite<\/strong><br>Proprietarul site-ului autorizeaz\u0103 crearea de hyperlink-uri c\u0103tre una dintre paginile acestui site, cu condi\u021bia ca acestea s\u0103 deschid\u0103 o fereastr\u0103 nou\u0103 \u0219i s\u0103 fie prezentate \u00eentr-o manier\u0103 neechivoc\u0103 pentru a evita :<\/p>\n\n\n\n<ul class=\"wp-block-list\">\n<li>orice risc de confuzie \u00eentre site-ul care citeaz\u0103 \u0219i proprietarul site-ului<\/li>\n\n\n\n<li>precum \u0219i orice prezentare tenden\u021bioas\u0103 sau contrar\u0103 legilor \u00een vigoare.<\/li>\n<\/ul>\n\n\n\n<p>Proprietarul site-ului \u00ee\u0219i rezerv\u0103 dreptul de a solicita eliminarea unui link \u00een cazul \u00een care consider\u0103 c\u0103 site-ul surs\u0103 nu respect\u0103 regulile astfel definite.<\/p>\n\n\n\n<h3 class=\"wp-block-heading\">CONFIDEN\u021aIALITATE<\/h3>\n\n\n\n<p>Orice utilizator are dreptul de acces, rectificare \u0219i opozi\u021bie la orice date cu caracter personal care \u00eel privesc, printr-o cerere scris\u0103 \u0219i semnat\u0103, \u00eenso\u021bit\u0103 de o dovad\u0103 de identitate.<\/p>\n\n\n\n<p>Site-ul nu colecteaz\u0103 informa\u021bii cu caracter personal \u0219i nu face obiectul unei declara\u021bii la CNIL. (\u00cenlocuit de dispozi\u021biile RGPD)<\/p>","protected":false},"excerpt":{"rendered":"<p>CONDITIONS D\u2019UTILISATION L\u2019utilisation du pr\u00e9sent site implique l\u2019acceptation pleine et enti\u00e8re des conditions g\u00e9n\u00e9rales d\u2019utilisation d\u00e9crites ci-apr\u00e8s. Ces conditions d\u2019utilisation sont susceptibles d\u2019\u00eatre modifi\u00e9es ou compl\u00e9t\u00e9es \u00e0 tout moment. INFORMATIONS Les informations et documents du site sont pr\u00e9sent\u00e9s \u00e0 titre indicatif, sans de caract\u00e8re exhaustif, et ne peuvent engager la responsabilit\u00e9 du propri\u00e9taire du site. [&hellip;]<\/p>\n","protected":false},"author":2,"featured_media":0,"parent":0,"menu_order":0,"comment_status":"closed","ping_status":"closed","template":"","meta":{"site-sidebar-layout":"default","site-content-layout":"","ast-site-content-layout":"default","site-content-style":"default","site-sidebar-style":"default","ast-global-header-display":"","ast-banner-title-visibility":"","ast-main-header-display":"","ast-hfb-above-header-display":"","ast-hfb-below-header-display":"","ast-hfb-mobile-header-display":"","site-post-title":"","ast-breadcrumbs-content":"","ast-featured-img":"","footer-sml-layout":"","ast-disable-related-posts":"","theme-transparent-header-meta":"","adv-header-id-meta":"","stick-header-meta":"","header-above-stick-meta":"","header-main-stick-meta":"","header-below-stick-meta":"","astra-migrate-meta-layouts":"default","ast-page-background-enabled":"default","ast-page-background-meta":{"desktop":{"background-color":"","background-image":"","background-repeat":"repeat","background-position":"center center","background-size":"auto","background-attachment":"scroll","background-type":"","background-media":"","overlay-type":"","overlay-color":"","overlay-opacity":"","overlay-gradient":""},"tablet":{"background-color":"","background-image":"","background-repeat":"repeat","background-position":"center center","background-size":"auto","background-attachment":"scroll","background-type":"","background-media":"","overlay-type":"","overlay-color":"","overlay-opacity":"","overlay-gradient":""},"mobile":{"background-color":"","background-image":"","background-repeat":"repeat","background-position":"center center","background-size":"auto","background-attachment":"scroll","background-type":"","background-media":"","overlay-type":"","overlay-color":"","overlay-opacity":"","overlay-gradient":""}},"ast-content-background-meta":{"desktop":{"background-color":"var(--ast-global-color-5)","background-image":"","background-repeat":"repeat","background-position":"center center","background-size":"auto","background-attachment":"scroll","background-type":"","background-media":"","overlay-type":"","overlay-color":"","overlay-opacity":"","overlay-gradient":""},"tablet":{"background-color":"var(--ast-global-color-5)","background-image":"","background-repeat":"repeat","background-position":"center center","background-size":"auto","background-attachment":"scroll","background-type":"","background-media":"","overlay-type":"","overlay-color":"","overlay-opacity":"","overlay-gradient":""},"mobile":{"background-color":"var(--ast-global-color-5)","background-image":"","background-repeat":"repeat","background-position":"center center","background-size":"auto","background-attachment":"scroll","background-type":"","background-media":"","overlay-type":"","overlay-color":"","overlay-opacity":"","overlay-gradient":""}},"footnotes":""},"class_list":["post-464","page","type-page","status-publish","hentry"],"yoast_head":"<!-- This site is optimized with the Yoast SEO plugin v27.4 - https:\/\/yoast.com\/product\/yoast-seo-wordpress\/ -->\n<title>Mentions l\u00e9gales - Top Coin Master<\/title>\n<meta name=\"robots\" content=\"index, follow, max-snippet:-1, max-image-preview:large, max-video-preview:-1\" \/>\n<link rel=\"canonical\" href=\"https:\/\/topcoinmaster.com\/ro\/mentiuni-legale\/\" \/>\n<meta property=\"og:locale\" content=\"ro_RO\" \/>\n<meta property=\"og:type\" content=\"article\" \/>\n<meta property=\"og:title\" content=\"Mentions l\u00e9gales - Top Coin Master\" \/>\n<meta property=\"og:description\" content=\"CONDITIONS D\u2019UTILISATION L\u2019utilisation du pr\u00e9sent site implique l\u2019acceptation pleine et enti\u00e8re des conditions g\u00e9n\u00e9rales d\u2019utilisation d\u00e9crites ci-apr\u00e8s. Ces conditions d\u2019utilisation sont susceptibles d\u2019\u00eatre modifi\u00e9es ou compl\u00e9t\u00e9es \u00e0 tout moment. INFORMATIONS Les informations et documents du site sont pr\u00e9sent\u00e9s \u00e0 titre indicatif, sans de caract\u00e8re exhaustif, et ne peuvent engager la responsabilit\u00e9 du propri\u00e9taire du site. [&hellip;]\" \/>\n<meta property=\"og:url\" content=\"https:\/\/topcoinmaster.com\/ro\/mentiuni-legale\/\" \/>\n<meta property=\"og:site_name\" content=\"Top Coin Master\" \/>\n<meta property=\"article:modified_time\" content=\"2023-03-20T16:29:40+00:00\" \/>\n<meta name=\"twitter:card\" content=\"summary_large_image\" \/>\n<meta name=\"twitter:label1\" content=\"Timp estimat pentru citire\" \/>\n\t<meta name=\"twitter:data1\" content=\"3 minute\" \/>\n<script type=\"application\/ld+json\" class=\"yoast-schema-graph\">{\"@context\":\"https:\\\/\\\/schema.org\",\"@graph\":[{\"@type\":\"WebPage\",\"@id\":\"https:\\\/\\\/topcoinmaster.com\\\/mentions-legales\\\/\",\"url\":\"https:\\\/\\\/topcoinmaster.com\\\/mentions-legales\\\/\",\"name\":\"Mentions l\u00e9gales - Top Coin Master\",\"isPartOf\":{\"@id\":\"https:\\\/\\\/topcoinmaster.com\\\/#website\"},\"datePublished\":\"2023-02-14T08:11:22+00:00\",\"dateModified\":\"2023-03-20T16:29:40+00:00\",\"breadcrumb\":{\"@id\":\"https:\\\/\\\/topcoinmaster.com\\\/mentions-legales\\\/#breadcrumb\"},\"inLanguage\":\"ro-RO\",\"potentialAction\":[{\"@type\":\"ReadAction\",\"target\":[\"https:\\\/\\\/topcoinmaster.com\\\/mentions-legales\\\/\"]}]},{\"@type\":\"BreadcrumbList\",\"@id\":\"https:\\\/\\\/topcoinmaster.com\\\/mentions-legales\\\/#breadcrumb\",\"itemListElement\":[{\"@type\":\"ListItem\",\"position\":1,\"name\":\"Accueil\",\"item\":\"https:\\\/\\\/topcoinmaster.com\\\/\"},{\"@type\":\"ListItem\",\"position\":2,\"name\":\"Mentions l\u00e9gales\"}]},{\"@type\":\"WebSite\",\"@id\":\"https:\\\/\\\/topcoinmaster.com\\\/#website\",\"url\":\"https:\\\/\\\/topcoinmaster.com\\\/\",\"name\":\"Top Coin Master\",\"description\":\"\",\"publisher\":{\"@id\":\"https:\\\/\\\/topcoinmaster.com\\\/#organization\"},\"potentialAction\":[{\"@type\":\"SearchAction\",\"target\":{\"@type\":\"EntryPoint\",\"urlTemplate\":\"https:\\\/\\\/topcoinmaster.com\\\/?s={search_term_string}\"},\"query-input\":{\"@type\":\"PropertyValueSpecification\",\"valueRequired\":true,\"valueName\":\"search_term_string\"}}],\"inLanguage\":\"ro-RO\"},{\"@type\":\"Organization\",\"@id\":\"https:\\\/\\\/topcoinmaster.com\\\/#organization\",\"name\":\"Top Coin Master\",\"url\":\"https:\\\/\\\/topcoinmaster.com\\\/\",\"logo\":{\"@type\":\"ImageObject\",\"inLanguage\":\"ro-RO\",\"@id\":\"https:\\\/\\\/topcoinmaster.com\\\/#\\\/schema\\\/logo\\\/image\\\/\",\"url\":\"https:\\\/\\\/topcoinmaster.com\\\/wp-content\\\/uploads\\\/2023\\\/03\\\/logo.png\",\"contentUrl\":\"https:\\\/\\\/topcoinmaster.com\\\/wp-content\\\/uploads\\\/2023\\\/03\\\/logo.png\",\"width\":722,\"height\":69,\"caption\":\"Top Coin Master\"},\"image\":{\"@id\":\"https:\\\/\\\/topcoinmaster.com\\\/#\\\/schema\\\/logo\\\/image\\\/\"}}]}<\/script>\n<!-- \/ Yoast SEO plugin. -->","yoast_head_json":{"title":"Not\u0103 legal\u0103 - Top Coin Master","robots":{"index":"index","follow":"follow","max-snippet":"max-snippet:-1","max-image-preview":"max-image-preview:large","max-video-preview":"max-video-preview:-1"},"canonical":"https:\/\/topcoinmaster.com\/ro\/mentiuni-legale\/","og_locale":"ro_RO","og_type":"article","og_title":"Mentions l\u00e9gales - Top Coin Master","og_description":"CONDITIONS D\u2019UTILISATION L\u2019utilisation du pr\u00e9sent site implique l\u2019acceptation pleine et enti\u00e8re des conditions g\u00e9n\u00e9rales d\u2019utilisation d\u00e9crites ci-apr\u00e8s. Ces conditions d\u2019utilisation sont susceptibles d\u2019\u00eatre modifi\u00e9es ou compl\u00e9t\u00e9es \u00e0 tout moment. INFORMATIONS Les informations et documents du site sont pr\u00e9sent\u00e9s \u00e0 titre indicatif, sans de caract\u00e8re exhaustif, et ne peuvent engager la responsabilit\u00e9 du propri\u00e9taire du site. [&hellip;]","og_url":"https:\/\/topcoinmaster.com\/ro\/mentiuni-legale\/","og_site_name":"Top Coin Master","article_modified_time":"2023-03-20T16:29:40+00:00","twitter_card":"summary_large_image","twitter_misc":{"Timp estimat pentru citire":"3 minute"},"schema":{"@context":"https:\/\/schema.org","@graph":[{"@type":"WebPage","@id":"https:\/\/topcoinmaster.com\/mentions-legales\/","url":"https:\/\/topcoinmaster.com\/mentions-legales\/","name":"Not\u0103 legal\u0103 - Top Coin Master","isPartOf":{"@id":"https:\/\/topcoinmaster.com\/#website"},"datePublished":"2023-02-14T08:11:22+00:00","dateModified":"2023-03-20T16:29:40+00:00","breadcrumb":{"@id":"https:\/\/topcoinmaster.com\/mentions-legales\/#breadcrumb"},"inLanguage":"ro-RO","potentialAction":[{"@type":"ReadAction","target":["https:\/\/topcoinmaster.com\/mentions-legales\/"]}]},{"@type":"BreadcrumbList","@id":"https:\/\/topcoinmaster.com\/mentions-legales\/#breadcrumb","itemListElement":[{"@type":"ListItem","position":1,"name":"Accueil","item":"https:\/\/topcoinmaster.com\/"},{"@type":"ListItem","position":2,"name":"Mentions l\u00e9gales"}]},{"@type":"WebSite","@id":"https:\/\/topcoinmaster.com\/#website","url":"https:\/\/topcoinmaster.com\/","name":"Top Coin Master","description":"","publisher":{"@id":"https:\/\/topcoinmaster.com\/#organization"},"potentialAction":[{"@type":"SearchAction","target":{"@type":"EntryPoint","urlTemplate":"https:\/\/topcoinmaster.com\/?s={search_term_string}"},"query-input":{"@type":"PropertyValueSpecification","valueRequired":true,"valueName":"search_term_string"}}],"inLanguage":"ro-RO"},{"@type":"Organization","@id":"https:\/\/topcoinmaster.com\/#organization","name":"Top Coin Master","url":"https:\/\/topcoinmaster.com\/","logo":{"@type":"ImageObject","inLanguage":"ro-RO","@id":"https:\/\/topcoinmaster.com\/#\/schema\/logo\/image\/","url":"https:\/\/topcoinmaster.com\/wp-content\/uploads\/2023\/03\/logo.png","contentUrl":"https:\/\/topcoinmaster.com\/wp-content\/uploads\/2023\/03\/logo.png","width":722,"height":69,"caption":"Top Coin Master"},"image":{"@id":"https:\/\/topcoinmaster.com\/#\/schema\/logo\/image\/"}}]}},"_links":{"self":[{"href":"https:\/\/topcoinmaster.com\/ro\/wp-json\/wp\/v2\/pages\/464","targetHints":{"allow":["GET"]}}],"collection":[{"href":"https:\/\/topcoinmaster.com\/ro\/wp-json\/wp\/v2\/pages"}],"about":[{"href":"https:\/\/topcoinmaster.com\/ro\/wp-json\/wp\/v2\/types\/page"}],"author":[{"embeddable":true,"href":"https:\/\/topcoinmaster.com\/ro\/wp-json\/wp\/v2\/users\/2"}],"replies":[{"embeddable":true,"href":"https:\/\/topcoinmaster.com\/ro\/wp-json\/wp\/v2\/comments?post=464"}],"version-history":[{"count":3,"href":"https:\/\/topcoinmaster.com\/ro\/wp-json\/wp\/v2\/pages\/464\/revisions"}],"predecessor-version":[{"id":514,"href":"https:\/\/topcoinmaster.com\/ro\/wp-json\/wp\/v2\/pages\/464\/revisions\/514"}],"wp:attachment":[{"href":"https:\/\/topcoinmaster.com\/ro\/wp-json\/wp\/v2\/media?parent=464"}],"curies":[{"name":"wp","href":"https:\/\/api.w.org\/{rel}","templated":true}]}}