{"id":534,"date":"2023-03-24T23:05:26","date_gmt":"2023-03-24T22:05:26","guid":{"rendered":"https:\/\/topcoinmaster.com\/?page_id=534"},"modified":"2023-03-25T11:07:52","modified_gmt":"2023-03-25T10:07:52","slug":"guide-avance","status":"publish","type":"page","link":"https:\/\/topcoinmaster.com\/ro\/guide-avance\/","title":{"rendered":"Ghid avansat: strategii pentru construirea satelor, c\u00e2\u0219tigarea b\u0103t\u0103liilor, etc."},"content":{"rendered":"<div data-elementor-type=\"wp-page\" data-elementor-id=\"534\" class=\"elementor elementor-534\" data-elementor-post-type=\"page\">\n\t\t\t\t\t\t<section class=\"elementor-section elementor-top-section elementor-element elementor-element-2e75d80 elementor-section-boxed elementor-section-height-default elementor-section-height-default\" data-id=\"2e75d80\" data-element_type=\"section\" data-e-type=\"section\">\n\t\t\t\t\t\t\t<div class=\"elementor-background-overlay\"><\/div>\n\t\t\t\t\t\t\t<div class=\"elementor-container elementor-column-gap-default\">\n\t\t\t\t\t<div class=\"elementor-column elementor-col-100 elementor-top-column elementor-element elementor-element-72da2fc\" data-id=\"72da2fc\" data-element_type=\"column\" data-e-type=\"column\">\n\t\t\t<div class=\"elementor-widget-wrap elementor-element-populated\">\n\t\t\t\t\t\t<div class=\"elementor-element elementor-element-e948e96 elementor-widget elementor-widget-spacer\" data-id=\"e948e96\" data-element_type=\"widget\" data-e-type=\"widget\" data-widget_type=\"spacer.default\">\n\t\t\t\t<div class=\"elementor-widget-container\">\n\t\t\t\t\t\t\t<div class=\"elementor-spacer\">\n\t\t\t<div class=\"elementor-spacer-inner\"><\/div>\n\t\t<\/div>\n\t\t\t\t\t\t<\/div>\n\t\t\t\t<\/div>\n\t\t\t\t<div class=\"elementor-element elementor-element-762a5ba elementor-widget elementor-widget-spacer\" data-id=\"762a5ba\" data-element_type=\"widget\" data-e-type=\"widget\" data-widget_type=\"spacer.default\">\n\t\t\t\t<div class=\"elementor-widget-container\">\n\t\t\t\t\t\t\t<div class=\"elementor-spacer\">\n\t\t\t<div class=\"elementor-spacer-inner\"><\/div>\n\t\t<\/div>\n\t\t\t\t\t\t<\/div>\n\t\t\t\t<\/div>\n\t\t\t\t<div class=\"elementor-element elementor-element-f40df59 elementor-widget elementor-widget-text-editor\" data-id=\"f40df59\" data-element_type=\"widget\" data-e-type=\"widget\" data-widget_type=\"text-editor.default\">\n\t\t\t\t<div class=\"elementor-widget-container\">\n\t\t\t\t\t\t\t\t\t<p>Simplu, distractiv \u0219i u\u0219or de jucat, Coin Master este un joc care se remarc\u0103 prin jocul s\u0103u excep\u021bional \u0219i prin numeroasele sale atuuri. Dac\u0103 \u00eel joci de ceva vreme, \u0219tii c\u00e2t de incitant este s\u0103 treci de la un nivel la altul. Indiferent c\u00e2t de experimentat e\u0219ti, vei \u00eent\u00e2mpina dificult\u0103\u021bi pe m\u0103sur\u0103 ce progresezi. Iat\u0103 c\u00e2teva sfaturi de la Top Coin Master care te vor ajuta s\u0103 treci mai u\u0219or prin joc.<\/p><h2>Sfaturi pentru a ob\u021bine mai multe monede \u00een Coin Master<\/h2><p>Pentru a ob\u021bine mai multe monede \u00een acest joc, va trebui s\u0103 folose\u0219ti strategii, dar \u0219i r\u0103bdare. Iat\u0103 c\u00e2teva sfaturi pe care trebuie neap\u0103rat s\u0103 \u00eencerci s\u0103 le pui \u00een aplicare.<\/p><h3>Ob\u021bine\u021bi \u00eentotdeauna bonusul zilei<\/h3><p>Pentru a progresa rapid \u00een lumea lui Coin Master, trebuie s\u0103\u00a0<strong>mai multe piese<\/strong>. Cele 50 de rotiri oferite zilnic nu vor fi suficiente pentru a v\u0103 accelera progresul. Scopul t\u0103u va fi s\u0103 explorezi toate celelalte modalit\u0103\u021bi de a ob\u021bine col\u021buri.<\/p><p>\u00cen fiecare zi, jocul v\u0103 ofer\u0103 un bonus dup\u0103 ce v\u0103 conecta\u021bi. Acest bonus poate reprezenta o sum\u0103 semnificativ\u0103 de monede dac\u0103 \u00eel acumula\u021bi pe parcursul mai multor zile. A\u0219adar, nu ezita\u021bi s\u0103 v\u0103 conecta\u021bi \u00een mod regulat pentru a ob\u021bine acest\u00a0<strong>un mic bonus<\/strong>. Nu v\u0103 va lua dec\u00e2t c\u00e2teva secunde \u0219i o pute\u021bi folosi chiar \u0219i pentru a v\u0103 lansa cele 50 de rotiri zilnice.<\/p><p>Dac\u0103 timpul v\u0103 permite, conecta\u021bi-v\u0103 la fiecare or\u0103 pentru a colecta cele 5 rotiri suplimentare oferite de aplica\u021bie. Acest lucru v\u0103 va cre\u0219te \u0219ansele de a face o prad\u0103 major\u0103 \u0219i de a ob\u021bine un\u00a0<strong>num\u0103r mare de col\u021buri<\/strong>.<\/p><h3>Invit\u0103-\u021bi prietenii de pe Facebook<\/h3><p>C\u00e2nd v-a\u021bi creat contul Coin Master, vi s-a cerut s\u0103 v\u0103 conecta\u021bi contul de Facebook. Dac\u0103 nu a\u021bi f\u0103cut-o, pute\u021bi s\u0103 o rezolva\u021bi. Trebuie doar s\u0103 merge\u021bi la set\u0103ri \u0219i s\u0103 urma\u021bi instruc\u021biunile, care sunt foarte clare. Apoi, trebuie doar s\u0103 v\u0103 invita\u021bi prietenii s\u0103 se al\u0103ture jocului.<\/p><p>Avantajul este c\u0103 fiecare invita\u021bie v\u0103 aduce bonusuri considerabile. Pute\u021bi ob\u021bine p\u00e2n\u0103 la\u00a0<strong>40 de rotiri suplimentare<\/strong>\u00a0pentru fiecare persoan\u0103 invitat\u0103. A\u0219adar, nu ezita\u021bi s\u0103 maximiza\u021bi num\u0103rul de invita\u021bii \u0219i s\u0103 v\u0103 m\u0103ri\u021bi astfel \u0219ansele de a ob\u021bine mai multe monede.<\/p><h3>Particip\u0103 la evenimente<\/h3><p>Ocazional, \u00een cadrul jocului sunt organizate evenimente. Cele mai multe dintre ele sunt foarte interesante \u0219i pute\u021bi ob\u021bine recompense mari. Tot ce trebuie s\u0103 faci este s\u0103 urmezi instruc\u021biunile \u0219i s\u0103 participi. \u00cen principiu, ar trebui s\u0103\u00a0<strong>ob\u021bine c\u00e2\u0219tiguri<\/strong>\u00a0pe care le pute\u021bi folosi pentru a v\u0103 construi satul. Recompensele evenimentelor nu sunt \u00eentotdeauna monede, dar sunt \u00eentotdeauna foarte utile. A\u0219adar, participa\u021bi c\u00e2t mai mult posibil.<\/p><table><thead><tr><th>Colec\u021bia<\/th><th>Recompens\u0103<\/th><\/tr><\/thead><tbody><tr><td>Creaturi mitice<\/td><td>50.000 de monede + 10 rotiri + 1 scut<\/td><\/tr><tr><td>Zeit\u0103\u021bi egiptene<\/td><td>100.000 de monede + 20 de rotiri + 2 scuturi<\/td><\/tr><tr><td>Regatul z\u00e2nelor<\/td><td>250.000 de monede + 50 de rotiri + 3 scuturi<\/td><\/tr><\/tbody><\/table><h2>Cum s\u0103 progresezi rapid \u00een Coin Master?<\/h2><p>Pentru a ajunge la cel mai \u00eenalt nivel posibil \u00een acest joc, nu va fi suficient s\u0103 colectezi monede zilnic. Va trebui s\u0103 colectezi \u0219i alte elemente, dar mai ales s\u0103 adop\u021bi o bun\u0103 strategie de ap\u0103rare.<\/p><h3>Completa\u021bi colec\u021biile de c\u0103r\u021bi<\/h3><p>Pe m\u0103sur\u0103 ce \u00ee\u021bi \u00eembun\u0103t\u0103\u021be\u0219ti satele \u00een Coin Master, vei debloca noi colec\u021bii de c\u0103r\u021bi. Fiecare set reprezint\u0103 un bonus. Misiunea ta este s\u0103 colectezi toate c\u0103r\u021bile din fiecare colec\u021bie pentru a\u00a0<strong>ob\u021bine\u021bi bonusul<\/strong>\u00a0asociate cu acesta. Acest lucru este de obicei foarte interesant \u0219i v\u0103 va ajuta s\u0103 face\u021bi progrese remarcabile.<\/p><p>\u00cen mod ideal, ar trebui s\u0103 completezi fiecare colec\u021bie de c\u0103r\u021bi disponibile \u00eenainte de a trece la un sat superior. Va fi foarte dificil s\u0103 ob\u021bine\u021bi unele dintre c\u0103r\u021bi dup\u0103 aceea. Chiar dac\u0103 obiectivul dvs. este s\u0103 v\u0103 deplasa\u021bi rapid c\u0103tre\u00a0<strong>niveluri superioare<\/strong>Nu v\u0103 gr\u0103bi\u021bi cu nimic. Este posibil s\u0103 r\u0103m\u00e2ne\u021bi blocat zile \u00eentregi \u00een anumite etape, pur \u0219i simplu pentru c\u0103 v\u0103 lipsesc unele elemente pe care le-a\u021bi fi putut ob\u021bine mai u\u0219or. Pentru a completa colec\u021biile de c\u0103r\u021bi, v\u0103 pute\u021bi folosi col\u021burile pentru a cump\u0103ra cufere \u00een magazin. Dac\u0103 ave\u021bi c\u0103r\u021bi duplicate, le pute\u021bi, de asemenea, schimba cu prietenii vo\u0219tri pentru cele care v\u0103 lipsesc.<\/p><h3>Cheltuie\u0219te-\u021bi monedele \u00een mod strategic<\/h3><p>Col\u021burile pe care le prime\u0219ti \u00eenapoi dup\u0103 ce le-ai f\u0103cut trebuie s\u0103 fie gestionate \u00eentr-un mod inteligent \u0219i atent. Ar trebui s\u0103 le folose\u0219ti pentru a cump\u0103ra obiectele de care ai nevoie pentru satul t\u0103u sau pentru a face \u00eembun\u0103t\u0103\u021biri la momentul potrivit. Uneori, monedele ar trebui s\u0103 fie folosite pentru a investi \u00een achizi\u021bionarea de <strong>cutii de carton<\/strong>. Depinde de dumneavoastr\u0103 s\u0103 analiza\u021bi valoarea fiec\u0103rei cheltuieli \u00eenainte de a o face. O investi\u021bie proast\u0103 a monedelor dumneavoastr\u0103 v\u0103 va d\u0103una pe termen lung \u0219i nu ve\u021bi face dec\u00e2t s\u0103 b\u00e2jb\u00e2i\u021bi. A\u0219adar, fi\u021bi meticulo\u0219i \u00een gestionarea col\u021burilor dumneavoastr\u0103.<\/p><p>\u00cenainte de a porni ma\u0219ina, trebuie s\u0103 \u0219ti\u021bi \u00een prealabil ce inten\u021biona\u021bi s\u0103 \u00eembun\u0103t\u0103\u021bi\u021bi. Astfel, v\u0103 ve\u021bi economisi virajele pentru ocazii mai importante.<\/p><h3>Evita\u021bi s\u0103 p\u0103stra\u021bi prea multe monede<\/h3><p>La un anumit nivel al jocului, poate fi foarte interesant s\u0103 ai un stoc bun de col\u021buri. Juc\u0103torii mari din lume au multe dintre ele. Dar, \u00eenainte de a ajunge \u00een acea etap\u0103 \u0219i cu condi\u021bia s\u0103 folose\u0219ti strategiile lor, ar trebui s\u0103 evi\u021bi s\u0103 la\u0219i o mul\u021bime de monede \u00een satul t\u0103u. \u00cen caz contrar, vei deveni o \u021bint\u0103 popular\u0103 pentru mul\u021bi al\u021bi juc\u0103tori, \u00een special pentru prietenii t\u0103i. Toate eforturile pe care le-ai fi f\u0103cut pentru a acumula at\u00e2t de multe monede ar fi fost \u00een zadar. Prin urmare, de \u00eendat\u0103 ce acumula\u021bi un anumit num\u0103r de monede, nu ezita\u021bi s\u0103\u00a0<strong>cheltuie\u0219te-i pentru \u00eembun\u0103t\u0103\u021birea satului t\u0103u<\/strong>.<\/p><p>Singurul moment \u00een care v\u0103 pute\u021bi permite s\u0103 nu v\u0103 investi\u021bi col\u021burile este atunci c\u00e2nd ave\u021bi un scut care v\u0103 protejeaz\u0103 satul. \u00cen afar\u0103 de asta, este un risc inutil.<\/p><h3>Evita\u021bi s\u0103 v\u0103 ataca\u021bi prietenii<\/h3><p>Nu are niciun rost s\u0103 le declari r\u0103zboi prietenilor t\u0103i. Ace\u0219tia pot riposta \u00een orice moment \u0219i s-ar transforma \u00eentr-o b\u0103t\u0103lie f\u0103r\u0103 sf\u00e2r\u0219it. Ve\u021bi mobiliza \u00eentr-adev\u0103r o mul\u021bime de resurse prin jafuri, dar acest lucru nu v\u0103 va ajuta, deoarece prietenii dvs. vor g\u0103si \u00eentotdeauna o modalitate de a ob\u021bine totul. Pentru a progresa mai u\u0219or \u00een joc, nu fi\u021bi\u00a0<strong>niciodat\u0103 primul care lanseaz\u0103 un raid<\/strong>\u00a0\u00eempotriva unui prieten de pe Facebook.<\/p><p>Dac\u0103 a\u021bi fost victima unui atac din partea unei persoane apropiate, pute\u021bi evita, de asemenea, s\u0103 v\u0103 r\u0103zbuna\u021bi. \u00cen acest fel, nu \u00eencuraja\u021bi un posibil conflict care nu ar fi \u00een avantajul dumneavoastr\u0103. \u00cen cazul \u00een care un prieten persist\u0103 s\u0103 v\u0103 atace \u00een ciuda faptului c\u0103 dvs.\u00a0<strong>refuzul de a riposta<\/strong>Nu ezita\u021bi s\u0103 vorbi\u021bi cu el. \u00cei pute\u021bi scrie pe Facebook pentru a-i cere politicos s\u0103 \u00eenceteze aceste asalturi ne\u00eencetate asupra satului dumneavoastr\u0103.<\/p><h2>Cum \u00ee\u021bi protejezi satul \u00een Coin Master?<\/h2><p>Dac\u0103 suferi\u021bi atacuri constante, v\u0103 va fi greu s\u0103 progresa\u021bi \u00een joc. <a href=\"https:\/\/topcoinmaster.com\/ro\/\">Maestru de monede<\/a>. Va trebui s\u0103 g\u0103si\u021bi modalit\u0103\u021bi eficiente de a v\u0103 proteja satul, mai ales c\u00e2nd sunte\u021bi la un nivel avansat.<\/p><h3>Colecteaz\u0103 scuturi<\/h3><p>Dac\u0103 sunte\u021bi la un nivel avansat \u00een Coin Master, ve\u021bi cunoa\u0219te importan\u021ba scuturilor. Acestea v\u0103 protejeaz\u0103 de atacurile altor juc\u0103tori. Un scut este o protec\u021bie \u00eempotriva unui atac. Cu c\u00e2t progresezi mai mult \u00een joc, cu at\u00e2t mai mult ai posibilitatea de a\u00a0<strong>s\u0103 acumuleze mai multe scuturi<\/strong>.<\/p><p>Micul sfat pe care vi-l d\u0103m este s\u0103 ob\u021bine\u021bi cel pu\u021bin 3 scuturi \u00eenainte de a \u00eencepe s\u0103 construi\u021bi un sat. At\u00e2ta timp c\u00e2t nu sunte\u021bi gata s\u0103 finaliza\u021bi \u00eembun\u0103t\u0103\u021birea unui sat, nu cheltui\u021bi niciun ban f\u0103r\u0103 un scut. S-ar putea s\u0103 trebuiasc\u0103 s\u0103 o lua\u021bi de la cap\u0103t dup\u0103 atacuri repetate.<\/p><h3>Adopt\u0103 rinocerul<\/h3><p>Din al patrulea sat, a\u021bi ales un animal de companie, \u00een special \u00een func\u021bie de nevoile dumneavoastr\u0103. Aceast\u0103 alegere nu este definitiv\u0103. Chiar dac\u0103 a\u021bi ales vulpea sau tigrul, pute\u021bi oric\u00e2nd s\u0103 v\u0103 schimba\u021bi animalul de companie. \u00cen faza defensiv\u0103, rinocerul este cea mai bun\u0103 op\u021biune. Acesta va fi foarte util dac\u0103 ave\u021bi\u00a0<strong>multe col\u021buri de protejat<\/strong>De asemenea, \u00eel pute\u021bi folosi ca mecanism de ap\u0103rare dac\u0103 abia a\u021bi \u00eenceput s\u0103 construi\u021bi \u00een satul dumneavoastr\u0103. Cu toate acestea, va trebui s\u0103 \u00eel men\u021bine\u021bi activ pentru ca acesta s\u0103 \u00ee\u0219i poat\u0103 \u00eendeplini rolul de ap\u0103r\u0103tor. De asemenea, g\u00e2ndi\u021bi-v\u0103 s\u0103 \u00eei \u00eembun\u0103t\u0103\u021bi\u021bi nivelul pentru a-l face mai eficient.<\/p><table><thead><tr><th>companie<\/th><th>Beneficiu principal<\/th><th>Nivelul de deblocare<\/th><\/tr><\/thead><tbody><tr><td>Rinocerul<\/td><td>Protejeaz\u0103 satul \u00eempotriva atacurilor<\/td><td>4<\/td><\/tr><tr><td>Vulpea<\/td><td>G\u0103si\u021bi monede suplimentare \u00een timpul unui raid<\/td><td>4<\/td><\/tr><tr><td>Tiger<\/td><td>Cre\u0219te c\u00e2\u0219tigurile de atac<\/td><td>4<\/td><\/tr><\/tbody><\/table><h3>Construi\u021bi sate doar atunci c\u00e2nd ave\u021bi resursele necesare<\/h3><p>La \u00eenceputul jocului, v\u0103 pute\u021bi permite s\u0103 v\u0103 construi\u021bi satele \u00een grab\u0103. Dar c\u00e2nd ajunge\u021bi la un anumit nivel, este important s\u0103 ave\u021bi r\u0103bdare. Cel mai simplu mod de a-\u021bi proteja satul este s\u0103 nu-l construie\u0219ti. L\u0103sa\u021bi-l complet gol p\u00e2n\u0103 c\u00e2nd ave\u021bi resursele necesare pentru a\u00a0<strong>la<\/strong>\u00a0<strong>construi\u021bi dintr-o dat\u0103<\/strong>. \u00cen acest fel, prietenii t\u0103i nu vor avea niciun interes s\u0103 te atace \u0219i, chiar dac\u0103 o fac, nu vor avea nicio cl\u0103dire de distrus. C\u00e2nd e\u0219ti gata, construie\u0219te-\u021bi satul, apoi treci la urm\u0103torul, \u0219i a\u0219a mai departe.<\/p><p>Dac\u0103 nu \u0219ti\u021bi de c\u00e2te piese este nevoie pentru a finaliza o modernizare a unui sat, consulta\u021bi platforma noastr\u0103. Pe\u00a0<strong>Top Coin Master<\/strong>V-am furnizat toate informa\u021biile de care ave\u021bi nevoie pentru a progresa. De exemplu, pentru a finaliza cel de-al 18-lea sat, Wonderland, ve\u021bi avea nevoie de cel pu\u021bin 67 de milioane, \u00een timp ce \u00een Coin Manor ve\u021bi avea nevoie de 109 milioane. Mai departe, \u00een Yankee, \u00een al 126-lea sat, ve\u021bi avea nevoie de 9,2 miliarde. De la al 277-lea sat \u00eencolo, ave\u021bi nevoie de cel pu\u021bin 1 trilion.<\/p><table><thead><tr><th>Num\u0103rul satului<\/th><th>Numele satului<\/th><th>Costuri de construc\u021bie<\/th><\/tr><\/thead><tbody><tr><td>1<\/td><td>\u021aara vikingilor<\/td><td>3,1 milioane de euro<\/td><\/tr><tr><td>18<\/td><td>\u021aara Minunilor<\/td><td>67 de milioane de euro<\/td><\/tr><tr><td>50<\/td><td>Corner Manor<\/td><td>109 milioane de euro<\/td><\/tr><tr><td>126<\/td><td>Yankee<\/td><td>9,2 miliarde de euro<\/td><\/tr><tr><td>277<\/td><td>Ora\u0219 futurist<\/td><td>1 trilion<\/td><\/tr><\/tbody><\/table>\t\t\t\t\t\t\t\t<\/div>\n\t\t\t\t<\/div>\n\t\t\t\t\t<\/div>\n\t\t<\/div>\n\t\t\t\t\t<\/div>\n\t\t<\/section>\n\t\t\t\t<\/div>","protected":false},"excerpt":{"rendered":"<p>Simple, amusant et facile \u00e0 jouer, Coin Master est un jeu qui se d\u00e9marque par son Game Play exceptionnel et ses nombreux atouts. Si vous y jouez depuis un moment, vous savez sans doute combien il est passionnant de passer d&rsquo;un niveau \u00e0 un autre. Quelle que soit votre exp\u00e9rience, vous rencontrerez des difficult\u00e9s au [&hellip;]<\/p>\n","protected":false},"author":2,"featured_media":0,"parent":0,"menu_order":0,"comment_status":"closed","ping_status":"closed","template":"","meta":{"site-sidebar-layout":"no-sidebar","site-content-layout":"page-builder","ast-site-content-layout":"default","site-content-style":"default","site-sidebar-style":"default","ast-global-header-display":"","ast-banner-title-visibility":"","ast-main-header-display":"","ast-hfb-above-header-display":"","ast-hfb-below-header-display":"","ast-hfb-mobile-header-display":"","site-post-title":"disabled","ast-breadcrumbs-content":"","ast-featured-img":"disabled","footer-sml-layout":"","ast-disable-related-posts":"","theme-transparent-header-meta":"","adv-header-id-meta":"","stick-header-meta":"","header-above-stick-meta":"","header-main-stick-meta":"","header-below-stick-meta":"","astra-migrate-meta-layouts":"default","ast-page-background-enabled":"default","ast-page-background-meta":{"desktop":{"background-color":"","background-image":"","background-repeat":"repeat","background-position":"center center","background-size":"auto","background-attachment":"scroll","background-type":"","background-media":"","overlay-type":"","overlay-color":"","overlay-opacity":"","overlay-gradient":""},"tablet":{"background-color":"","background-image":"","background-repeat":"repeat","background-position":"center center","background-size":"auto","background-attachment":"scroll","background-type":"","background-media":"","overlay-type":"","overlay-color":"","overlay-opacity":"","overlay-gradient":""},"mobile":{"background-color":"","background-image":"","background-repeat":"repeat","background-position":"center center","background-size":"auto","background-attachment":"scroll","background-type":"","background-media":"","overlay-type":"","overlay-color":"","overlay-opacity":"","overlay-gradient":""}},"ast-content-background-meta":{"desktop":{"background-color":"var(--ast-global-color-5)","background-image":"","background-repeat":"repeat","background-position":"center center","background-size":"auto","background-attachment":"scroll","background-type":"","background-media":"","overlay-type":"","overlay-color":"","overlay-opacity":"","overlay-gradient":""},"tablet":{"background-color":"var(--ast-global-color-5)","background-image":"","background-repeat":"repeat","background-position":"center center","background-size":"auto","background-attachment":"scroll","background-type":"","background-media":"","overlay-type":"","overlay-color":"","overlay-opacity":"","overlay-gradient":""},"mobile":{"background-color":"var(--ast-global-color-5)","background-image":"","background-repeat":"repeat","background-position":"center center","background-size":"auto","background-attachment":"scroll","background-type":"","background-media":"","overlay-type":"","overlay-color":"","overlay-opacity":"","overlay-gradient":""}},"footnotes":""},"class_list":["post-534","page","type-page","status-publish","hentry"],"yoast_head":"<!-- This site is optimized with the Yoast SEO plugin v27.4 - https:\/\/yoast.com\/product\/yoast-seo-wordpress\/ -->\n<title>Guide avanc\u00e9 : strat\u00e9gies pour construire des villages, gagner des batailles, etc. - Top Coin Master<\/title>\n<meta name=\"robots\" content=\"index, follow, max-snippet:-1, max-image-preview:large, max-video-preview:-1\" \/>\n<link rel=\"canonical\" href=\"https:\/\/topcoinmaster.com\/ro\/ghid-de-avansare\/\" \/>\n<meta property=\"og:locale\" content=\"ro_RO\" \/>\n<meta property=\"og:type\" content=\"article\" \/>\n<meta property=\"og:title\" content=\"Guide avanc\u00e9 : strat\u00e9gies pour construire des villages, gagner des batailles, etc. - Top Coin Master\" \/>\n<meta property=\"og:description\" content=\"Simple, amusant et facile \u00e0 jouer, Coin Master est un jeu qui se d\u00e9marque par son Game Play exceptionnel et ses nombreux atouts. Si vous y jouez depuis un moment, vous savez sans doute combien il est passionnant de passer d&rsquo;un niveau \u00e0 un autre. Quelle que soit votre exp\u00e9rience, vous rencontrerez des difficult\u00e9s au [&hellip;]\" \/>\n<meta property=\"og:url\" content=\"https:\/\/topcoinmaster.com\/ro\/ghid-de-avansare\/\" \/>\n<meta property=\"og:site_name\" content=\"Top Coin Master\" \/>\n<meta property=\"article:modified_time\" content=\"2023-03-25T10:07:52+00:00\" \/>\n<meta name=\"twitter:card\" content=\"summary_large_image\" \/>\n<meta name=\"twitter:label1\" content=\"Timp estimat pentru citire\" \/>\n\t<meta name=\"twitter:data1\" content=\"9 minute\" \/>\n<script type=\"application\/ld+json\" class=\"yoast-schema-graph\">{\"@context\":\"https:\\\/\\\/schema.org\",\"@graph\":[{\"@type\":\"WebPage\",\"@id\":\"https:\\\/\\\/topcoinmaster.com\\\/guide-avance\\\/\",\"url\":\"https:\\\/\\\/topcoinmaster.com\\\/guide-avance\\\/\",\"name\":\"Guide avanc\u00e9 : strat\u00e9gies pour construire des villages, gagner des batailles, etc. - Top Coin Master\",\"isPartOf\":{\"@id\":\"https:\\\/\\\/topcoinmaster.com\\\/#website\"},\"datePublished\":\"2023-03-24T22:05:26+00:00\",\"dateModified\":\"2023-03-25T10:07:52+00:00\",\"breadcrumb\":{\"@id\":\"https:\\\/\\\/topcoinmaster.com\\\/guide-avance\\\/#breadcrumb\"},\"inLanguage\":\"ro-RO\",\"potentialAction\":[{\"@type\":\"ReadAction\",\"target\":[\"https:\\\/\\\/topcoinmaster.com\\\/guide-avance\\\/\"]}]},{\"@type\":\"BreadcrumbList\",\"@id\":\"https:\\\/\\\/topcoinmaster.com\\\/guide-avance\\\/#breadcrumb\",\"itemListElement\":[{\"@type\":\"ListItem\",\"position\":1,\"name\":\"Accueil\",\"item\":\"https:\\\/\\\/topcoinmaster.com\\\/\"},{\"@type\":\"ListItem\",\"position\":2,\"name\":\"Guide avanc\u00e9 : strat\u00e9gies pour construire des villages, gagner des batailles, etc.\"}]},{\"@type\":\"WebSite\",\"@id\":\"https:\\\/\\\/topcoinmaster.com\\\/#website\",\"url\":\"https:\\\/\\\/topcoinmaster.com\\\/\",\"name\":\"Top Coin Master\",\"description\":\"\",\"publisher\":{\"@id\":\"https:\\\/\\\/topcoinmaster.com\\\/#organization\"},\"potentialAction\":[{\"@type\":\"SearchAction\",\"target\":{\"@type\":\"EntryPoint\",\"urlTemplate\":\"https:\\\/\\\/topcoinmaster.com\\\/?s={search_term_string}\"},\"query-input\":{\"@type\":\"PropertyValueSpecification\",\"valueRequired\":true,\"valueName\":\"search_term_string\"}}],\"inLanguage\":\"ro-RO\"},{\"@type\":\"Organization\",\"@id\":\"https:\\\/\\\/topcoinmaster.com\\\/#organization\",\"name\":\"Top Coin Master\",\"url\":\"https:\\\/\\\/topcoinmaster.com\\\/\",\"logo\":{\"@type\":\"ImageObject\",\"inLanguage\":\"ro-RO\",\"@id\":\"https:\\\/\\\/topcoinmaster.com\\\/#\\\/schema\\\/logo\\\/image\\\/\",\"url\":\"https:\\\/\\\/topcoinmaster.com\\\/wp-content\\\/uploads\\\/2023\\\/03\\\/logo.png\",\"contentUrl\":\"https:\\\/\\\/topcoinmaster.com\\\/wp-content\\\/uploads\\\/2023\\\/03\\\/logo.png\",\"width\":722,\"height\":69,\"caption\":\"Top Coin Master\"},\"image\":{\"@id\":\"https:\\\/\\\/topcoinmaster.com\\\/#\\\/schema\\\/logo\\\/image\\\/\"}}]}<\/script>\n<!-- \/ Yoast SEO plugin. -->","yoast_head_json":{"title":"Ghid avansat: strategii pentru construirea satelor, c\u00e2\u0219tigarea b\u0103t\u0103liilor, etc. - Maestrul de top al monedei","robots":{"index":"index","follow":"follow","max-snippet":"max-snippet:-1","max-image-preview":"max-image-preview:large","max-video-preview":"max-video-preview:-1"},"canonical":"https:\/\/topcoinmaster.com\/ro\/ghid-de-avansare\/","og_locale":"ro_RO","og_type":"article","og_title":"Guide avanc\u00e9 : strat\u00e9gies pour construire des villages, gagner des batailles, etc. - Top Coin Master","og_description":"Simple, amusant et facile \u00e0 jouer, Coin Master est un jeu qui se d\u00e9marque par son Game Play exceptionnel et ses nombreux atouts. Si vous y jouez depuis un moment, vous savez sans doute combien il est passionnant de passer d&rsquo;un niveau \u00e0 un autre. Quelle que soit votre exp\u00e9rience, vous rencontrerez des difficult\u00e9s au [&hellip;]","og_url":"https:\/\/topcoinmaster.com\/ro\/ghid-de-avansare\/","og_site_name":"Top Coin Master","article_modified_time":"2023-03-25T10:07:52+00:00","twitter_card":"summary_large_image","twitter_misc":{"Timp estimat pentru citire":"9 minute"},"schema":{"@context":"https:\/\/schema.org","@graph":[{"@type":"WebPage","@id":"https:\/\/topcoinmaster.com\/guide-avance\/","url":"https:\/\/topcoinmaster.com\/guide-avance\/","name":"Ghid avansat: strategii pentru construirea satelor, c\u00e2\u0219tigarea b\u0103t\u0103liilor, etc. - Maestrul de top al monedei","isPartOf":{"@id":"https:\/\/topcoinmaster.com\/#website"},"datePublished":"2023-03-24T22:05:26+00:00","dateModified":"2023-03-25T10:07:52+00:00","breadcrumb":{"@id":"https:\/\/topcoinmaster.com\/guide-avance\/#breadcrumb"},"inLanguage":"ro-RO","potentialAction":[{"@type":"ReadAction","target":["https:\/\/topcoinmaster.com\/guide-avance\/"]}]},{"@type":"BreadcrumbList","@id":"https:\/\/topcoinmaster.com\/guide-avance\/#breadcrumb","itemListElement":[{"@type":"ListItem","position":1,"name":"Accueil","item":"https:\/\/topcoinmaster.com\/"},{"@type":"ListItem","position":2,"name":"Guide avanc\u00e9 : strat\u00e9gies pour construire des villages, gagner des batailles, etc."}]},{"@type":"WebSite","@id":"https:\/\/topcoinmaster.com\/#website","url":"https:\/\/topcoinmaster.com\/","name":"Top Coin Master","description":"","publisher":{"@id":"https:\/\/topcoinmaster.com\/#organization"},"potentialAction":[{"@type":"SearchAction","target":{"@type":"EntryPoint","urlTemplate":"https:\/\/topcoinmaster.com\/?s={search_term_string}"},"query-input":{"@type":"PropertyValueSpecification","valueRequired":true,"valueName":"search_term_string"}}],"inLanguage":"ro-RO"},{"@type":"Organization","@id":"https:\/\/topcoinmaster.com\/#organization","name":"Top Coin Master","url":"https:\/\/topcoinmaster.com\/","logo":{"@type":"ImageObject","inLanguage":"ro-RO","@id":"https:\/\/topcoinmaster.com\/#\/schema\/logo\/image\/","url":"https:\/\/topcoinmaster.com\/wp-content\/uploads\/2023\/03\/logo.png","contentUrl":"https:\/\/topcoinmaster.com\/wp-content\/uploads\/2023\/03\/logo.png","width":722,"height":69,"caption":"Top Coin Master"},"image":{"@id":"https:\/\/topcoinmaster.com\/#\/schema\/logo\/image\/"}}]}},"_links":{"self":[{"href":"https:\/\/topcoinmaster.com\/ro\/wp-json\/wp\/v2\/pages\/534","targetHints":{"allow":["GET"]}}],"collection":[{"href":"https:\/\/topcoinmaster.com\/ro\/wp-json\/wp\/v2\/pages"}],"about":[{"href":"https:\/\/topcoinmaster.com\/ro\/wp-json\/wp\/v2\/types\/page"}],"author":[{"embeddable":true,"href":"https:\/\/topcoinmaster.com\/ro\/wp-json\/wp\/v2\/users\/2"}],"replies":[{"embeddable":true,"href":"https:\/\/topcoinmaster.com\/ro\/wp-json\/wp\/v2\/comments?post=534"}],"version-history":[{"count":13,"href":"https:\/\/topcoinmaster.com\/ro\/wp-json\/wp\/v2\/pages\/534\/revisions"}],"predecessor-version":[{"id":550,"href":"https:\/\/topcoinmaster.com\/ro\/wp-json\/wp\/v2\/pages\/534\/revisions\/550"}],"wp:attachment":[{"href":"https:\/\/topcoinmaster.com\/ro\/wp-json\/wp\/v2\/media?parent=534"}],"curies":[{"name":"wp","href":"https:\/\/api.w.org\/{rel}","templated":true}]}}